{"id":2194,"date":"2021-09-26T15:55:04","date_gmt":"2021-09-26T08:55:04","guid":{"rendered":"https:\/\/noithatdinhchinh.vn\/?post_type=product&#038;p=2194"},"modified":"2021-09-26T16:01:38","modified_gmt":"2021-09-26T09:01:38","slug":"ban-ghe-nha-hang-gia-re","status":"publish","type":"product","link":"https:\/\/noithatdinhchinh.vn\/?product=ban-ghe-nha-hang-gia-re","title":{"rendered":"B\u00e0n Gh\u1ebf Nh\u00e0 H\u00e0ng Gi\u00e1 R\u1ebb"},"content":{"rendered":"<h1 style=\"text-align: center;\"><strong><span style=\"color: #ff0000;\">B\u00c0N GH\u1ebe NH\u00c0 H\u00c0NG GI\u00c1 R\u1eba &#8211; X\u01af\u1edeNG S\u1ea2N XU\u1ea4T B\u00c0N GH\u1ebe G\u1ed6 GI\u00c1 R\u1eba B\u00ccNH D\u01af\u01a0NG<\/span><\/strong><\/h1>\n<p>B\u00e0n gh\u1ebf nh\u00e0 h\u00e0ng gi\u00e1 r\u1ebb hi\u1ec7n l\u00e0 s\u1ef1 l\u1ef1a ch\u1ecdn c\u1ee7a r\u1ea5t nhi\u1ec1u ch\u1ee7 \u0111\u1ea7u t\u01b0, ch\u1ee7 qu\u00e1n cafe, qu\u00e1n tr\u00e0 s\u1eefa, nh\u00e0 h\u00e0ng. B\u1edfi s\u1ef1 ch\u1eafc ch\u1eafn c\u1ee7a ch\u1ea5t li\u1ec7u, m\u1eabu m\u00e3 \u0111a d\u1ea1ng, \u0111\u1eb9p m\u1eaft. Mang l\u1ea1i s\u1ef1 sang tr\u1ecdng, l\u1ecbch s\u1ef1, th\u00e2n thi\u1ec7n v\u1edbi thi\u00ean nhi\u00ean. \u0110em \u0111\u1ebfn s\u1ef1 t\u01b0\u01a1i vui cho kh\u00e1ch h\u00e0ng m\u1ed7i d\u1ecbp \u0111\u1eb7t ch\u00e2n t\u1edbi qu\u00e1n c\u00e0 ph\u00ea.<\/p>\n<figure id=\"attachment_2200\" aria-describedby=\"caption-attachment-2200\" style=\"width: 800px\" class=\"wp-caption aligncenter\"><img decoding=\"async\" loading=\"lazy\" class=\"size-full wp-image-2200\" src=\"https:\/\/noithatdinhchinh.vn\/wp-content\/uploads\/2021\/09\/ban-ghe-nha-hang.jpg\" alt=\"B\u00e0n gh\u1ebf nh\u00e0 h\u00e0ng\" width=\"800\" height=\"600\" srcset=\"https:\/\/noithatdinhchinh.vn\/wp-content\/uploads\/2021\/09\/ban-ghe-nha-hang.jpg 800w, https:\/\/noithatdinhchinh.vn\/wp-content\/uploads\/2021\/09\/ban-ghe-nha-hang-533x400.jpg 533w, https:\/\/noithatdinhchinh.vn\/wp-content\/uploads\/2021\/09\/ban-ghe-nha-hang-768x576.jpg 768w, https:\/\/noithatdinhchinh.vn\/wp-content\/uploads\/2021\/09\/ban-ghe-nha-hang-600x450.jpg 600w\" sizes=\"(max-width: 800px) 100vw, 800px\" \/><figcaption id=\"caption-attachment-2200\" class=\"wp-caption-text\">B\u00e0n gh\u1ebf nh\u00e0 h\u00e0ng<\/figcaption><\/figure>\n<p>D\u1ecbch v\u1ee5 kinh doanh qu\u00e1n c\u00e0 ph\u00ea \u0111ang ng\u00e0y c\u00e0ng ph\u00e1t tri\u1ec3n, vi\u1ec7c c\u1ea1nh tranh gi\u1eefa c\u00e1c qu\u00e1n c\u0169ng t\u0103ng theo. V\u00ec v\u1eady m\u00e0 c\u00e1c ch\u1ee7 qu\u00e1n c\u00e0 ph\u00ea ph\u1ea3i lu\u00f4n \u0111\u1ed5i m\u1edbi v\u00e0 ph\u00e1t tri\u1ec3n qu\u00e1n c\u00e0 ph\u00ea c\u1ee7a m\u00ecnh. T\u1eeb s\u1ea3n ph\u1ea9m cho \u0111\u1ebfn ch\u1ea5t l\u01b0\u1ee3ng ph\u1ee5c v\u1ee5 kh\u00e1ch h\u00e0ng. \u0110\u1ed3 u\u1ed1ng, \u0111\u1ed3 \u0103n c\u1ee7a qu\u00e1n ph\u1ea3i ngon, trang tr\u00ed qu\u00e1n cafe ph\u1ea3i t\u1ea1o n\u00ean d\u1ea5u \u1ea5n ri\u00eang, mang \u0111\u1ebfn s\u1ef1 ti\u1ec7n l\u1ee3i, tho\u1ea3i m\u00e1i cho kh\u00e1ch h\u00e0ng.<\/p>\n<p>Nh\u1eefng m\u1eabu b\u00e0n gh\u1ebf g\u1ed7 cho qu\u00e1n tr\u00e0 s\u1eefa, cafe, nh\u00e0 h\u00e0ng \u0111\u1eb9p m\u1eaft, phong ph\u00fa \u0111\u01b0\u1ee3c N\u1ed9i Th\u1ea5t \u0110\u00ecnh Chinh thi\u1ebft k\u1ebf v\u00e0 s\u1ea3n xu\u1ea5t. T\u01b0 v\u1ea5n theo t\u1eebng phong c\u00e1ch c\u1ee7a qu\u00e1n \u0111\u1ec3 \u0111\u01b0a ra nh\u1eefng m\u1eabu m\u00e3, m\u00e0u s\u1eafc ph\u00f9 h\u1ee3p cho ch\u1ee7 qu\u00e1n. \u0110em \u0111\u1ebfn s\u1ef1 h\u00e0i l\u00f2ng tuy\u1ec7t \u0111\u1ed1i cho kh\u00e1ch h\u00e0ng.<\/p>\n<figure id=\"attachment_2199\" aria-describedby=\"caption-attachment-2199\" style=\"width: 800px\" class=\"wp-caption aligncenter\"><img decoding=\"async\" loading=\"lazy\" class=\"size-full wp-image-2199\" src=\"https:\/\/noithatdinhchinh.vn\/wp-content\/uploads\/2021\/09\/ban-ghe-go-quan-cafe-nha-hang.jpg\" alt=\"B\u00e0n gh\u1ebf g\u1ed7 qu\u00e1n cafe nh\u00e0 h\u00e0ng\" width=\"800\" height=\"675\" srcset=\"https:\/\/noithatdinhchinh.vn\/wp-content\/uploads\/2021\/09\/ban-ghe-go-quan-cafe-nha-hang.jpg 800w, https:\/\/noithatdinhchinh.vn\/wp-content\/uploads\/2021\/09\/ban-ghe-go-quan-cafe-nha-hang-474x400.jpg 474w, https:\/\/noithatdinhchinh.vn\/wp-content\/uploads\/2021\/09\/ban-ghe-go-quan-cafe-nha-hang-768x648.jpg 768w, https:\/\/noithatdinhchinh.vn\/wp-content\/uploads\/2021\/09\/ban-ghe-go-quan-cafe-nha-hang-600x506.jpg 600w\" sizes=\"(max-width: 800px) 100vw, 800px\" \/><figcaption id=\"caption-attachment-2199\" class=\"wp-caption-text\">B\u00e0n gh\u1ebf g\u1ed7 qu\u00e1n cafe nh\u00e0 h\u00e0ng<\/figcaption><\/figure>\n<h2 style=\"text-align: center;\"><strong><span id=\"Uu_diem\" style=\"color: #000080;\">\u01afU \u0110I\u1ec2M C\u1ee6A S\u1ea2N PH\u1ea8<\/span><\/strong><strong><span id=\"Uu_diem\" style=\"color: #000080;\">M B\u00c0N GH\u1ebe NH\u00c0 H\u00c0NG GI\u00c1 R\u1eba<\/span><\/strong><\/h2>\n<h3><span style=\"color: #008000; font-size: 90%;\"><em>B\u00e0n gh\u1ebf nh\u00e0 h\u00e0ng gi\u00e1 r\u1ebb l\u00e0m b\u1eb1ng ch\u1ea5t li\u1ec7u g\u1ed7 t\u1ef1 nhi\u00ean, mang \u0111\u1ebfn c\u1ea3m gi\u00e1c g\u1ea7n g\u0169i v\u1edbi thi\u00ean nhi\u00ean.<\/em><\/span><\/h3>\n<p>S\u1ea3n ph\u1ea9m \u0111\u01b0\u1ee3c l\u00e0m t\u1eeb c\u00e1c lo\u1ea1i g\u1ed7 t\u1ef1 nhi\u00ean nh\u01b0: g\u1ed7 s\u1ed3i, g\u1ed7 th\u00f4ng,..C\u00f3 \u0111\u1ed9 b\u1ec1n r\u1ea5t cao, \u0111\u1eb7c bi\u1ec7t l\u00e0 b\u00e0n gh\u1ebf cafe g\u1ed7 th\u00f4ng. Kh\u00f4ng th\u1ec3 ph\u1ee7 nh\u1eadn \u0111\u01b0\u1ee3c \u0111\u1ed9 b\u1ec1n c\u1ee7a b\u00e0n gh\u1ebf \u0111\u01b0\u1ee3c l\u00e0m b\u1eb1ng g\u1ed7. B\u1edfi g\u1ed7 \u0111\u01b0\u1ee3c s\u1eed d\u1ee5ng l\u00e0m n\u1ed9i th\u1ea5t t\u1eeb bao \u0111\u1eddi nay.<\/p>\n<p>Gh\u1ebf b\u1eb1ng g\u1ed7 c\u00f3 kh\u1ea3 n\u0103ng ch\u1ecbu l\u1ef1c, ch\u1ecbu nhi\u1ec7t, ch\u1ecbu \u1ea3nh h\u01b0\u1edfng c\u1ee7a th\u1eddi ti\u1ebft v\u00f4 c\u00f9ng t\u1ed1t. B\u1ea1n c\u00f3 th\u1ec3 y\u00ean t\u00e2m v\u1ec1 ch\u1ea5t l\u01b0\u1ee3ng trong qu\u00e1 tr\u00ecnh s\u1eed d\u1ee5ng.<\/p>\n<figure id=\"attachment_2198\" aria-describedby=\"caption-attachment-2198\" style=\"width: 800px\" class=\"wp-caption aligncenter\"><img decoding=\"async\" loading=\"lazy\" class=\"size-full wp-image-2198\" src=\"https:\/\/noithatdinhchinh.vn\/wp-content\/uploads\/2021\/09\/ban-an-nha-hang-bang-go.jpg\" alt=\"B\u00e0n \u0103n nh\u00e0 h\u00e0ng b\u1eb1ng g\u1ed7\" width=\"800\" height=\"562\" srcset=\"https:\/\/noithatdinhchinh.vn\/wp-content\/uploads\/2021\/09\/ban-an-nha-hang-bang-go.jpg 800w, https:\/\/noithatdinhchinh.vn\/wp-content\/uploads\/2021\/09\/ban-an-nha-hang-bang-go-569x400.jpg 569w, https:\/\/noithatdinhchinh.vn\/wp-content\/uploads\/2021\/09\/ban-an-nha-hang-bang-go-768x540.jpg 768w, https:\/\/noithatdinhchinh.vn\/wp-content\/uploads\/2021\/09\/ban-an-nha-hang-bang-go-600x422.jpg 600w\" sizes=\"(max-width: 800px) 100vw, 800px\" \/><figcaption id=\"caption-attachment-2198\" class=\"wp-caption-text\">B\u00e0n \u0103n nh\u00e0 h\u00e0ng b\u1eb1ng g\u1ed7<\/figcaption><\/figure>\n<h3><span style=\"color: #008000; font-size: 90%;\"><em>B\u00e0n gh\u1ebf g\u1ed7 ki\u1ec3u d\u00e1ng \u0111a d\u1ea1ng, thi\u1ebft k\u1ebf \u0111\u1eb9p m\u1eaft.<\/em><\/span><\/h3>\n<p>Nh\u1eefng m\u1eabu b\u00e0n gh\u1ebf qu\u00e1n cafe nh\u00e0 h\u00e0ng c\u00f3 r\u1ea5t nhi\u1ec1u ki\u1ec3u d\u00e1ng. B\u1edfi g\u1ed7 t\u1ef1 nhi\u00ean c\u00f3 \u01b0u \u0111i\u1ec3m l\u00e0 d\u1ec5 gia c\u00f4ng v\u00e0 t\u1ea1o h\u00ecnh, t\u1ea1o d\u00e1ng, k\u00edch th\u01b0\u1edbc nh\u01b0 mong mu\u1ed1n. T\u1eeb c\u00e1c ki\u1ec3u d\u00e1ng c\u1ed5 \u0111i\u1ec3n \u0111\u1ebfn hi\u1ec7n \u0111\u1ea1i. Trang tr\u00ed b\u1eb1ng nh\u1eefng hoa v\u0103n tinh t\u1ebf, v\u00e2n g\u1ed7 \u0111\u1eb9p m\u1eaft.<\/p>\n<figure id=\"attachment_2197\" aria-describedby=\"caption-attachment-2197\" style=\"width: 800px\" class=\"wp-caption aligncenter\"><img decoding=\"async\" loading=\"lazy\" class=\"size-full wp-image-2197\" src=\"https:\/\/noithatdinhchinh.vn\/wp-content\/uploads\/2021\/09\/xuong-san-xuat-ban-ghe-go-gia-re-binh-duong.jpg\" alt=\"X\u01b0\u1edfng s\u1ea3n xu\u1ea5t b\u00e0n gh\u1ebf g\u1ed7 gi\u00e1 r\u1ebb B\u00ecnh D\u01b0\u01a1ng\" width=\"800\" height=\"600\" srcset=\"https:\/\/noithatdinhchinh.vn\/wp-content\/uploads\/2021\/09\/xuong-san-xuat-ban-ghe-go-gia-re-binh-duong.jpg 800w, https:\/\/noithatdinhchinh.vn\/wp-content\/uploads\/2021\/09\/xuong-san-xuat-ban-ghe-go-gia-re-binh-duong-533x400.jpg 533w, https:\/\/noithatdinhchinh.vn\/wp-content\/uploads\/2021\/09\/xuong-san-xuat-ban-ghe-go-gia-re-binh-duong-768x576.jpg 768w, https:\/\/noithatdinhchinh.vn\/wp-content\/uploads\/2021\/09\/xuong-san-xuat-ban-ghe-go-gia-re-binh-duong-600x450.jpg 600w\" sizes=\"(max-width: 800px) 100vw, 800px\" \/><figcaption id=\"caption-attachment-2197\" class=\"wp-caption-text\">X\u01b0\u1edfng s\u1ea3n xu\u1ea5t b\u00e0n gh\u1ebf g\u1ed7 gi\u00e1 r\u1ebb B\u00ecnh D\u01b0\u01a1ng<\/figcaption><\/figure>\n<h3><span style=\"color: #008000;\"><em><span style=\"font-size: 90%;\">Thi\u1ebft k\u1ebf b\u00e0n gh\u1ebf qu\u00e1n cafe, nh\u00e0 h\u00e0ng \u1ea5n t\u01b0\u1ee3ng, \u0111\u1eb9p m\u1eaft ph\u00f9 h\u1ee3p v\u1edbi phong c\u00e1ch qu\u00e1n cafe m\u00e0 ch\u1ee7 qu\u00e1n mong mu\u1ed1n.<\/span><\/em><\/span><\/h3>\n<p>Phong c\u00e1ch qu\u00e1n cafe \u0111\u01b0\u1ee3c \u0111\u00e1nh gi\u00e1 t\u1eeb m\u00e0u s\u1eafc \u0111\u1ebfn thi\u1ebft k\u1ebf n\u1ed9i th\u1ea5t b\u00ean trong, \u0111\u1eb7c bi\u1ec7t l\u00e0 b\u00e0n gh\u1ebf. M\u1ed9t b\u1ed9 b\u00e0n gh\u1ebf \u0111\u1eb9p m\u1eaft, m\u00e0u s\u1eafc h\u00e0i h\u00f2a, ki\u1ec3u d\u00e1ng \u1ea5n t\u01b0\u1ee3ng. Mang \u0111\u1ebfn s\u1ef1 tho\u1ea3i m\u00e1i cho kh\u00e1ch h\u00e0ng ng\u1ed3i tr\u00f2 chuy\u1ec7n v\u1edbi gia \u0111\u00ecnh, b\u1ea1n b\u00e8. Nh\u00e2m nhi ly cafe, hay th\u01b0\u1edfng th\u1ee9c ly n\u01b0\u1edbc cam m\u00e1t l\u1ea1nh. \u0110\u00e2y c\u0169ng l\u00e0 m\u1ed9t y\u1ebfu t\u1ed1 quy\u1ebft \u0111\u1ecbnh \u0111\u1ec3 kh\u00e1ch h\u00e0ng c\u00f3 quay l\u1ea1i qu\u00e1n c\u1ee7a b\u1ea1n hay kh\u00f4ng.<\/p>\n<figure id=\"attachment_2196\" aria-describedby=\"caption-attachment-2196\" style=\"width: 800px\" class=\"wp-caption aligncenter\"><img decoding=\"async\" loading=\"lazy\" class=\"size-full wp-image-2196\" src=\"https:\/\/noithatdinhchinh.vn\/wp-content\/uploads\/2021\/09\/xuong-moc-lam-ban-ghe-theo-yeu-cau.jpg\" alt=\"X\u01b0\u1edfng m\u1ed9c l\u00e0m b\u00e0n gh\u1ebf theo y\u00eau c\u1ea7u\" width=\"800\" height=\"597\" srcset=\"https:\/\/noithatdinhchinh.vn\/wp-content\/uploads\/2021\/09\/xuong-moc-lam-ban-ghe-theo-yeu-cau.jpg 800w, https:\/\/noithatdinhchinh.vn\/wp-content\/uploads\/2021\/09\/xuong-moc-lam-ban-ghe-theo-yeu-cau-536x400.jpg 536w, https:\/\/noithatdinhchinh.vn\/wp-content\/uploads\/2021\/09\/xuong-moc-lam-ban-ghe-theo-yeu-cau-768x573.jpg 768w, https:\/\/noithatdinhchinh.vn\/wp-content\/uploads\/2021\/09\/xuong-moc-lam-ban-ghe-theo-yeu-cau-600x448.jpg 600w\" sizes=\"(max-width: 800px) 100vw, 800px\" \/><figcaption id=\"caption-attachment-2196\" class=\"wp-caption-text\">X\u01b0\u1edfng m\u1ed9c l\u00e0m b\u00e0n gh\u1ebf theo y\u00eau c\u1ea7u<\/figcaption><\/figure>\n<h3><span style=\"color: #008000;\"><em><span style=\"font-size: 90%;\">Gh\u1ebf b\u1eb1ng g\u1ed7 thi\u1ebft k\u1ebf hi\u1ec7n \u0111\u1ea1i, b\u1ec1n, \u0111\u1eb9p, d\u1ec5 d\u00e0ng v\u1ec7 sinh.<\/span><\/em><\/span><\/h3>\n<p>S\u1ea3n ph\u1ea9m r\u1ea5t ch\u1eafc ch\u1eafn, \u0111\u1ea3m b\u1ea3o an to\u00e0n cho kh\u00e1ch h\u00e0ng v\u00e0 t\u1ea1o c\u1ea3m gi\u00e1c tho\u1ea3i m\u00e1i cho ng\u01b0\u1eddi s\u1eed d\u1ee5ng. H\u1ea1n ch\u1ebf t\u1ed1i \u0111a hi\u1ec7n t\u01b0\u1ee3ng b\u1ecb m\u1ed1i m\u1ecdt, n\u1ee9t hay cong v\u00eanh.<\/p>\n<p>B\u00e0n gh\u1ebf g\u1ed7 c\u00f2n r\u1ea5t d\u1ec5 lau ch\u00f9i, v\u1ec7 sinh b\u1edfi n\u00f3 \u0111\u01b0\u1ee3c ph\u1ee7 b\u1edfi m\u1ed9t l\u1edbp s\u01a1n chuy\u00ean d\u1ee5ng kh\u00e1 b\u00f3ng, kh\u00f4ng b\u1eaft b\u1ee5i.<\/p>\n<figure id=\"attachment_2195\" aria-describedby=\"caption-attachment-2195\" style=\"width: 800px\" class=\"wp-caption aligncenter\"><img decoding=\"async\" loading=\"lazy\" class=\"size-full wp-image-2195\" src=\"https:\/\/noithatdinhchinh.vn\/wp-content\/uploads\/2021\/09\/ban-ghe-nha-hang-gia-re.jpg\" alt=\"B\u00e0n gh\u1ebf nh\u00e0 h\u00e0ng gi\u00e1 r\u1ebb\" width=\"800\" height=\"600\" srcset=\"https:\/\/noithatdinhchinh.vn\/wp-content\/uploads\/2021\/09\/ban-ghe-nha-hang-gia-re.jpg 800w, https:\/\/noithatdinhchinh.vn\/wp-content\/uploads\/2021\/09\/ban-ghe-nha-hang-gia-re-533x400.jpg 533w, https:\/\/noithatdinhchinh.vn\/wp-content\/uploads\/2021\/09\/ban-ghe-nha-hang-gia-re-768x576.jpg 768w, https:\/\/noithatdinhchinh.vn\/wp-content\/uploads\/2021\/09\/ban-ghe-nha-hang-gia-re-600x450.jpg 600w\" sizes=\"(max-width: 800px) 100vw, 800px\" \/><figcaption id=\"caption-attachment-2195\" class=\"wp-caption-text\">B\u00e0n gh\u1ebf nh\u00e0 h\u00e0ng gi\u00e1 r\u1ebb<\/figcaption><\/figure>\n<h3 style=\"text-align: center;\"><strong><span style=\"color: #000080;\">L\u00dd DO N\u00caN CH\u1eccN X\u01af\u1edeNG N\u1ed8I TH\u1ea4T G\u1ed6 \u0110\u00ccNH CHINH?<\/span><\/strong><\/h3>\n<ul>\n<li class=\"bullet-checkmark\">N\u00f3i\u00a0<b>KH\u00d4NG<\/b>\u00a0v\u1edbi h\u00e0ng k\u00e9m ch\u1ea5t l\u01b0\u1ee3ng.<\/li>\n<li class=\"bullet-checkmark\"><strong>Gi\u00e1 g\u1ed1c<\/strong>\u00a0t\u1ea1i X\u01b0\u1edfng kh\u00f4ng qua trung gian. Gi\u00e1 lu\u00f4n r\u1ebb nh\u1ea5t th\u1ecb tr\u01b0\u1eddng<\/li>\n<li class=\"bullet-checkmark\">\u0110a d\u1ea1ng m\u1eabu m\u00e3, ch\u1ee7ng lo\u1ea1i<\/li>\n<li class=\"bullet-checkmark\">S\u1ea3n xu\u1ea5t v\u00e0 thi c\u00f4ng theo y\u00eau c\u1ea7u c\u1ee7a kh\u00e1ch.<\/li>\n<li class=\"bullet-checkmark\">Kh\u00e1ch c\u00f3 th\u1ec3 xem \u1ea3nh, video qu\u00e1 tr\u00ecnh s\u1ea3n xu\u1ea5t t\u1ea1i x\u01b0\u1edfng.<\/li>\n<li class=\"bullet-checkmark\">100% s\u1ea3n ph\u1ea9m \u0111\u01b0\u1ee3c l\u00e0m b\u1eb1ng\u00a0<strong>g\u1ed7 t\u1ef1 nhi\u00ean<\/strong>\u00a0\u0111\u00e3 qua t\u1ea9m s\u1ea5y, ch\u1ed1ng cong v\u00eanh, m\u1ed1i m\u1ecdt.<\/li>\n<li class=\"bullet-checkmark\">Nh\u1eadn \u0111\u1eb7t h\u00e0ng theo y\u00eau c\u1ea7u. \u0110\u1ea3m b\u1ea3o g\u1ed7 t\u1ed1t, g\u1ed7 th\u1eadt 100%. Ho\u00e0n thi\u1ec7n t\u1ec9 m\u1ec9, \u0111\u1eb9p kh\u00f4ng th\u1ec3 ch\u00ea.<\/li>\n<li class=\"bullet-checkmark\">Giao h\u00e0ng v\u00e0 thanh to\u00e1n t\u1eadn nh\u00e0 tr\u00ean to\u00e0n qu\u1ed1c.<\/li>\n<\/ul>\n<p>N\u1ed9i Th\u1ea5t \u0110\u00ecnh Chinh chuy\u00ean cung c\u1ea5p \u0111\u1ed3 n\u1ed9i th\u1ea5t g\u1ed7: ph\u00f2ng kh\u00e1ch, ph\u00f2ng ng\u1ee7, ph\u00f2ng b\u1ebfp, qu\u00e1n c\u00e0 ph\u00ea, v\u0103n ph\u00f2ng.. V\u1edbi \u0111a d\u1ea1ng c\u00e1c s\u1ea3n ph\u1ea9m, phong ph\u00fa v\u1ec1 ki\u1ec3u d\u00e1ng, thi\u1ebft k\u1ebf cho b\u1ea1n tho\u1ea3i m\u00e1i l\u1ef1a ch\u1ecdn.<\/p>\n<p><span style=\"color: #008000;\"><strong><em>Li\u00ean h\u1ec7 tr\u1ef1c ti\u1ebfp \u0111\u1ec3 \u0111\u01b0\u1ee3c t\u01b0 v\u1ea5n v\u00e0 nh\u1eadn m\u1ee9c gi\u00e1 \u01b0u \u0111\u00e3i:\u00a0<\/em><\/strong><\/span><\/p>\n<p><span style=\"color: #ff0000;\"><strong><em>Hotline:\u00a00785.961.489<\/em><\/strong><\/span><\/p>\n","protected":false},"excerpt":{"rendered":"<p>Cung c\u1ea5p nh\u1eefng m\u1eabu b\u00e0n gh\u1ebf qu\u00e1n cafe, nh\u00e0 h\u00e0ng, tr\u00e0 s\u1eefa v\u1ec9a h\u00e8 hot nh\u1ea5t hi\u1ec7n nay. Ch\u1ea5t li\u1ec7u g\u1ed7 t\u1ef1 nhi\u00ean nh\u01b0: g\u1ed7 s\u1ed3i, g\u1ed7 th\u00f4ng,&#8230;ch\u1eafc ch\u1eafn, b\u1ec1n, \u0111\u1eb9p. Ki\u1ec3u d\u00e1ng hi\u1ec7n \u0111\u1ea1i, \u0111\u1eb9p m\u1eaft, m\u1eabu m\u00e3 \u0111a d\u1ea1ng cho kh\u00e1ch h\u00e0ng l\u1ef1a ch\u1ecdn. Thi\u1ebft k\u1ebf theo y\u00eau c\u1ea7u ph\u00f9 h\u1ee3p v\u1edbi phong c\u00e1ch kh\u00e1ch h\u00e0ng y\u00eau c\u1ea7u.<\/p>\n<div role=\"form\" class=\"wpcf7\" id=\"wpcf7-f10-o1\" lang=\"en-US\" dir=\"ltr\">\n<div class=\"screen-reader-response\" role=\"alert\" aria-live=\"polite\"><\/div>\n<form action=\"\/index.php?rest_route=%2Fwp%2Fv2%2Fproduct%2F2194#wpcf7-f10-o1\" method=\"post\" class=\"wpcf7-form init\" novalidate=\"novalidate\">\n<div style=\"display: none;\">\n<input type=\"hidden\" name=\"_wpcf7\" value=\"10\" \/>\n<input type=\"hidden\" name=\"_wpcf7_version\" value=\"5.2.2\" \/>\n<input type=\"hidden\" name=\"_wpcf7_locale\" value=\"en_US\" \/>\n<input type=\"hidden\" name=\"_wpcf7_unit_tag\" value=\"wpcf7-f10-o1\" \/>\n<input type=\"hidden\" name=\"_wpcf7_container_post\" value=\"0\" \/>\n<input type=\"hidden\" name=\"_wpcf7_posted_data_hash\" value=\"\" \/>\n<\/div>\n<p><span style=\"font-size: 160%; color: #ed1c24;\">Y\u00caU C\u1ea6U T\u01af V\u1ea4N<\/span><\/p>\n<p>Ch\u00fang t\u00f4i s\u1ebd li\u00ean h\u1ec7 l\u1ea1i ngay khi nh\u1eadn \u0111\u01b0\u1ee3c y\u00eau c\u1ea7u c\u1ee7a qu\u00fd kh\u00e1ch!<\/p>\n<hr>\n<span class=\"wpcf7-form-control-wrap hoten\"><input type=\"text\" name=\"hoten\" value=\"\" size=\"40\" class=\"wpcf7-form-control wpcf7-text wpcf7-validates-as-required\" aria-required=\"true\" aria-invalid=\"false\" placeholder=\"H\u1ecd v\u00e0 t\u00ean\" \/><\/span><br \/>\n<span class=\"wpcf7-form-control-wrap email\"><input type=\"email\" name=\"email\" value=\"\" size=\"40\" class=\"wpcf7-form-control wpcf7-text wpcf7-email wpcf7-validates-as-email\" aria-invalid=\"false\" placeholder=\"Email c\u1ee7a b\u1ea1n\" \/><\/span><br \/>\n<span class=\"wpcf7-form-control-wrap sdt\"><input type=\"tel\" name=\"sdt\" value=\"\" size=\"40\" class=\"wpcf7-form-control wpcf7-text wpcf7-tel wpcf7-validates-as-required wpcf7-validates-as-tel\" aria-required=\"true\" aria-invalid=\"false\" placeholder=\"S\u1ed1 \u0111i\u1ec7n tho\u1ea1i c\u1ee7a b\u1ea1n\" \/><\/span><br \/>\n<input type=\"submit\" value=\"G\u1ecdi L\u1ea1i Ngay\" class=\"wpcf7-form-control wpcf7-submit\" \/><br \/>\n<span class=\"wpcf7-form-control-wrap sanpham\"><input type=\"hidden\" name=\"sanpham\" value=\"B\u00e0n Gh\u1ebf Nh\u00e0 H\u00e0ng Gi\u00e1 R\u1ebb\" size=\"40\" class=\"wpcf7-form-control wpcf7dtx-dynamictext wpcf7-dynamichidden\" aria-invalid=\"false\" \/><\/span><\/p>\n<div class=\"wpcf7-response-output\" role=\"alert\" aria-hidden=\"true\"><\/div><\/form><\/div>\n","protected":false},"featured_media":2195,"template":"","meta":[],"yoast_head":"<!-- This site is optimized with the Yoast SEO plugin v15.0 - https:\/\/yoast.com\/wordpress\/plugins\/seo\/ -->\n<title>B\u00e0n Gh\u1ebf Nh\u00e0 H\u00e0ng Gi\u00e1 R\u1ebb - X\u01b0\u1edfng S\u1ea3n Xu\u1ea5t B\u00e0n Gh\u1ebf G\u1ed7 B\u00ecnh D\u01b0\u01a1ng<\/title>\n<meta name=\"description\" content=\"S\u1ea3n xu\u1ea5t b\u00e0n gh\u1ebf nh\u00e0 h\u00e0ng gi\u00e1 r\u1ebb, b\u00e0n gh\u1ebf g\u1ed7 v\u1edbi ki\u1ec3u d\u00e1ng hi\u1ec7n \u0111\u1ea1i, m\u1eabu m\u00e3 \u0111a d\u1ea1ng cho kh\u00e1ch h\u00e0ng l\u1ef1a ch\u1ecdn. T\u01b0 v\u1ea5n, thi\u1ebft k\u1ebf theo y\u00eau c\u1ea7u\" \/>\n<meta name=\"robots\" content=\"index, follow, max-snippet:-1, max-image-preview:large, max-video-preview:-1\" \/>\n<link rel=\"canonical\" href=\"https:\/\/noithatdinhchinh.vn\/?product=ban-ghe-nha-hang-gia-re\" \/>\n<meta property=\"og:locale\" content=\"vi_VN\" \/>\n<meta property=\"og:type\" content=\"article\" \/>\n<meta property=\"og:title\" content=\"B\u00e0n Gh\u1ebf Nh\u00e0 H\u00e0ng Gi\u00e1 R\u1ebb - X\u01b0\u1edfng S\u1ea3n Xu\u1ea5t B\u00e0n Gh\u1ebf G\u1ed7 B\u00ecnh D\u01b0\u01a1ng\" \/>\n<meta property=\"og:description\" content=\"S\u1ea3n xu\u1ea5t b\u00e0n gh\u1ebf nh\u00e0 h\u00e0ng gi\u00e1 r\u1ebb, b\u00e0n gh\u1ebf g\u1ed7 v\u1edbi ki\u1ec3u d\u00e1ng hi\u1ec7n \u0111\u1ea1i, m\u1eabu m\u00e3 \u0111a d\u1ea1ng cho kh\u00e1ch h\u00e0ng l\u1ef1a ch\u1ecdn. T\u01b0 v\u1ea5n, thi\u1ebft k\u1ebf theo y\u00eau c\u1ea7u\" \/>\n<meta property=\"og:url\" content=\"https:\/\/noithatdinhchinh.vn\/?product=ban-ghe-nha-hang-gia-re\" \/>\n<meta property=\"og:site_name\" content=\"noithatdinhchinh\" \/>\n<meta property=\"article:modified_time\" content=\"2021-09-26T09:01:38+00:00\" \/>\n<meta property=\"og:image\" content=\"https:\/\/noithatdinhchinh.vn\/wp-content\/uploads\/2021\/09\/ban-ghe-nha-hang-gia-re.jpg\" \/>\n\t<meta property=\"og:image:width\" content=\"800\" \/>\n\t<meta property=\"og:image:height\" content=\"600\" \/>\n<meta name=\"twitter:card\" content=\"summary_large_image\" \/>\n<script type=\"application\/ld+json\" class=\"yoast-schema-graph\">{\"@context\":\"https:\/\/schema.org\",\"@graph\":[{\"@type\":\"WebSite\",\"@id\":\"https:\/\/noithatdinhchinh.vn\/#website\",\"url\":\"https:\/\/noithatdinhchinh.vn\/\",\"name\":\"noithatdinhchinh\",\"description\":\"\",\"potentialAction\":[{\"@type\":\"SearchAction\",\"target\":\"https:\/\/noithatdinhchinh.vn\/?s={search_term_string}\",\"query-input\":\"required name=search_term_string\"}],\"inLanguage\":\"vi\"},{\"@type\":\"ImageObject\",\"@id\":\"https:\/\/noithatdinhchinh.vn\/?product=ban-ghe-nha-hang-gia-re#primaryimage\",\"inLanguage\":\"vi\",\"url\":\"https:\/\/noithatdinhchinh.vn\/wp-content\/uploads\/2021\/09\/ban-ghe-nha-hang-gia-re.jpg\",\"width\":800,\"height\":600,\"caption\":\"B\\u00e0n gh\\u1ebf nh\\u00e0 h\\u00e0ng gi\\u00e1 r\\u1ebb\"},{\"@type\":\"WebPage\",\"@id\":\"https:\/\/noithatdinhchinh.vn\/?product=ban-ghe-nha-hang-gia-re#webpage\",\"url\":\"https:\/\/noithatdinhchinh.vn\/?product=ban-ghe-nha-hang-gia-re\",\"name\":\"B\\u00e0n Gh\\u1ebf Nh\\u00e0 H\\u00e0ng Gi\\u00e1 R\\u1ebb - X\\u01b0\\u1edfng S\\u1ea3n Xu\\u1ea5t B\\u00e0n Gh\\u1ebf G\\u1ed7 B\\u00ecnh D\\u01b0\\u01a1ng\",\"isPartOf\":{\"@id\":\"https:\/\/noithatdinhchinh.vn\/#website\"},\"primaryImageOfPage\":{\"@id\":\"https:\/\/noithatdinhchinh.vn\/?product=ban-ghe-nha-hang-gia-re#primaryimage\"},\"datePublished\":\"2021-09-26T08:55:04+00:00\",\"dateModified\":\"2021-09-26T09:01:38+00:00\",\"description\":\"S\\u1ea3n xu\\u1ea5t b\\u00e0n gh\\u1ebf nh\\u00e0 h\\u00e0ng gi\\u00e1 r\\u1ebb, b\\u00e0n gh\\u1ebf g\\u1ed7 v\\u1edbi ki\\u1ec3u d\\u00e1ng hi\\u1ec7n \\u0111\\u1ea1i, m\\u1eabu m\\u00e3 \\u0111a d\\u1ea1ng cho kh\\u00e1ch h\\u00e0ng l\\u1ef1a ch\\u1ecdn. T\\u01b0 v\\u1ea5n, thi\\u1ebft k\\u1ebf theo y\\u00eau c\\u1ea7u\",\"inLanguage\":\"vi\",\"potentialAction\":[{\"@type\":\"ReadAction\",\"target\":[\"https:\/\/noithatdinhchinh.vn\/?product=ban-ghe-nha-hang-gia-re\"]}]}]}<\/script>\n<!-- \/ Yoast SEO plugin. -->","_links":{"self":[{"href":"https:\/\/noithatdinhchinh.vn\/index.php?rest_route=\/wp\/v2\/product\/2194"}],"collection":[{"href":"https:\/\/noithatdinhchinh.vn\/index.php?rest_route=\/wp\/v2\/product"}],"about":[{"href":"https:\/\/noithatdinhchinh.vn\/index.php?rest_route=\/wp\/v2\/types\/product"}],"wp:featuredmedia":[{"embeddable":true,"href":"https:\/\/noithatdinhchinh.vn\/index.php?rest_route=\/wp\/v2\/media\/2195"}],"wp:attachment":[{"href":"https:\/\/noithatdinhchinh.vn\/index.php?rest_route=%2Fwp%2Fv2%2Fmedia&parent=2194"}],"curies":[{"name":"wp","href":"https:\/\/api.w.org\/{rel}","templated":true}]}}