{"id":1841,"date":"2020-08-20T07:45:01","date_gmt":"2020-08-20T00:45:01","guid":{"rendered":"https:\/\/noithatdinhchinh.vn\/?post_type=product&#038;p=1841"},"modified":"2020-08-20T07:52:24","modified_gmt":"2020-08-20T00:52:24","slug":"ban-tho-than-tai-mau-2","status":"publish","type":"product","link":"https:\/\/noithatdinhchinh.vn\/?product=ban-tho-than-tai-mau-2","title":{"rendered":"B\u00e0n Th\u1edd Th\u1ea7n T\u00e0i M\u1eabu 2"},"content":{"rendered":"<h2 style=\"text-align: center;\"><span style=\"color: #ff0000;\">B\u00c0N TH\u1edc TH\u1ea6N T\u00c0I &#8211; TH\u1ed4 \u0110\u1ecaA G\u1ed6 T\u1ef0 NHI\u00caN \u2013 \u0110\u1ed2 TH\u1edc PHONG TH\u1ee6Y<\/span><\/h2>\n<p>B\u00e0n th\u1edd Th\u1ea7n T\u00e0i Th\u1ed5 \u0110\u1ecba l\u00e0 m\u1ed9t trong nh\u1eefng m\u00f3n \u0111\u1ed3 kh\u00f4ng th\u1ec3 thi\u1ebfu \u0111\u1ed1i v\u1edbi nh\u1eefng ng\u01b0\u1eddi l\u00e0m kinh doanh. Hay v\u1edbi nh\u1eefng gia \u0111\u00ecnh chuy\u1ec3n \u0111\u1ebfn nh\u00e0 m\u1edbi,&#8230; Phong t\u1ee5c th\u1edd c\u00fang Th\u1ea7n T\u00e0i, \u00d4ng \u0110\u1ecba,\u2026 l\u00e0 m\u1ed9t trong nh\u1eefng n\u00e9t \u0111\u1eb9p v\u0103n h\u00f3a c\u1ee7a ng\u01b0\u1eddi Vi\u1ec7t t\u1eeb bao \u0111\u1eddi nay. V\u1edbi mong mu\u1ed1n gia \u0111\u00ecnh sung t\u00fac, g\u1eb7p nhi\u1ec1u may m\u1eafn, thu\u1eadn l\u1ee3i trong c\u00f4ng vi\u1ec7c, kinh doanh, bu\u00f4n b\u00e1n. V\u00ec v\u1eady, nh\u1eefng gia ch\u1ee7 t\u00edn th\u1edd Th\u1ea7n T\u00e0i &#8211; \u00d4ng \u0110\u1ecba lu\u00f4n c\u1ea9n th\u1eadn l\u1ef1a ch\u1ecdn nh\u1eefng chi\u1ebfc t\u1ee7 th\u1edd \u0111\u1eb9p v\u00e0 ch\u1ea5t l\u01b0\u1ee3ng t\u1ed1t nh\u1ea5t \u0111\u1ec3 l\u00e0m n\u01a1i th\u1edd t\u1ee5ng c\u00e1c ng\u00e0i.<\/p>\n<p>\u0110\u1ebfn v\u1edbi N\u1ed9i Th\u1ea5t \u0110\u00ecnh Chinh, b\u1ea1n s\u1ebd t\u00ecm \u0111\u01b0\u1ee3c s\u1ea3n ph\u1ea9m \u01b0ng \u00fd v\u1ec1 ki\u1ec3u d\u00e1ng, m\u1eabu m\u00e3 c\u0169ng nh\u01b0 gi\u00e1 c\u1ea3 h\u1ee3p v\u1edbi t\u00fai ti\u1ec1n c\u1ee7a m\u00ecnh. X\u01b0\u1edfng cung c\u1ea5p b\u00e0n th\u1edd Th\u1ea7n T\u00e0i \u0111\u1eb9p b\u1eb1ng g\u1ed7 t\u1ef1 nhi\u00ean. V\u1edbi k\u00edch th\u01b0\u1edbc \u0111\u1ea1t chu\u1ea9n, ki\u1ec3u d\u00e1ng \u0111\u1eb9p, hoa v\u0103n ch\u1ea1m kh\u1eafc tinh t\u1ebf. \u0110\u00e1p \u1ee9ng m\u1ecdi y\u00eau c\u1ea7u c\u1ee7a kh\u00e1ch h\u00e0ng t\u1eeb ki\u1ec3u d\u00e1ng \u0111\u1ebfn m\u1eabu m\u00e3, ch\u1ea5t li\u1ec7u, phong th\u1ee7y.<\/p>\n<figure id=\"attachment_1842\" aria-describedby=\"caption-attachment-1842\" style=\"width: 600px\" class=\"wp-caption aligncenter\"><img decoding=\"async\" loading=\"lazy\" class=\"wp-image-1842 size-full\" src=\"https:\/\/noithatdinhchinh.vn\/wp-content\/uploads\/2020\/08\/ban-tho-than-tai-bang-go-dep.jpg\" alt=\"B\u00e0n Th\u1edd Th\u1ea7n T\u00e0i B\u1eb1ng G\u1ed7 \u0110\u1eb9p\" width=\"600\" height=\"750\" srcset=\"https:\/\/noithatdinhchinh.vn\/wp-content\/uploads\/2020\/08\/ban-tho-than-tai-bang-go-dep.jpg 600w, https:\/\/noithatdinhchinh.vn\/wp-content\/uploads\/2020\/08\/ban-tho-than-tai-bang-go-dep-320x400.jpg 320w\" sizes=\"(max-width: 600px) 100vw, 600px\" \/><figcaption id=\"caption-attachment-1842\" class=\"wp-caption-text\">B\u00e0n Th\u1edd Th\u1ea7n T\u00e0i B\u1eb1ng G\u1ed7 \u0110\u1eb9p<\/figcaption><\/figure>\n<h2 style=\"text-align: center;\"><span style=\"color: #000080;\">S\u1ea2N PH\u1ea8M B\u00c0N TH\u1edc TH\u1ea6N T\u00c0I &#8211; TH\u1ed4 \u0110\u1ecaA C\u1ee6A N\u1ed8I TH\u1ea4T \u0110\u00ccNH CHINH<\/span><\/h2>\n<h3><span style=\"color: #008000;\"><em>B\u00e0n th\u1edd Th\u1ea7n T\u00e0i &#8211; Th\u1ed5 \u0110\u1ecba \u0111\u01b0\u1ee3c l\u00e0m b\u1eb1ng ch\u1ea5t li\u1ec7u g\u1ed7 t\u1ef1 nhi\u00ean b\u1ec1n, \u0111\u1eb9p.<\/em><\/span><\/h3>\n<p>B\u00e0n th\u1edd Th\u1ea7n T\u00e0i th\u01b0\u1eddng \u0111\u01b0\u1ee3c l\u00e0m b\u1eb1ng g\u1ed7 g\u1ee5, g\u1ed7 h\u01b0\u01a1ng, g\u1ed7 d\u1ed5i, g\u1ed7 m\u00edt,\u2026L\u00e0m b\u1eb1ng ch\u1ea5t li\u1ec7u g\u1ed7 t\u1ef1 nhi\u00ean n\u00ean s\u1ea3n ph\u1ea9m c\u00f3 \u0111\u1ed9 b\u1ec1n cao, ch\u1ecbu n\u01b0\u1edbc v\u00e0 ch\u1ecbu \u1ea9m t\u1ed1t. B\u1ea1n c\u00f3 th\u1ec3 y\u00ean t\u00e2m s\u1eed d\u1ee5ng m\u1ed9t th\u1eddi gian l\u00e2u d\u00e0i m\u00e0 ch\u1eb3ng c\u1ea7n lo ngh\u0129 g\u00ec.<\/p>\n<p>S\u1ea3n ph\u1ea9m \u0111\u01b0\u1ee3c gia c\u00f4ng c\u1ea9n th\u1eadn, t\u1ec9 m\u1ec9, h\u1ea1n ch\u1ebf t\u1ed1i \u0111a s\u1ef1 cong v\u00eanh, m\u1ecdt m\u1ed1i. Mang \u0111\u1ebfn s\u1ef1 ch\u1eafc ch\u1eafn, b\u1ec1n \u0111\u1eb9p trong qu\u00e1 tr\u00ecnh s\u1eed d\u1ee5ng.<\/p>\n<h3><span style=\"color: #008000;\"><em>B\u00e0n th\u1edd Th\u1ea7n T\u00e0i b\u1eb1ng g\u1ed7 t\u1ef1 nhi\u00ean c\u00f3 m\u00e0u tr\u1ea7m, th\u1ec3 hi\u1ec7n s\u1ef1 t\u00f4n nghi\u00eam trong th\u1edd c\u00fang.<\/em><\/span><\/h3>\n<p>V\u1edbi ch\u1ea5t li\u1ec7u g\u1ed7 t\u1ef1 nhi\u00ean, m\u00e0u s\u1eafc m\u1ed9c m\u1ea1c, tr\u1ea7m \u1ea5m nh\u01b0 n\u00e2u \u0111\u1ecf, v\u00e0ng kem, v\u00e2n g\u1ed7 v\u00f4 c\u00f9ng th\u00edch h\u1ee3p. Nh\u1eefng gam m\u00e0u tr\u1ea7m mang \u0111\u1ebfn s\u1ef1 nh\u00e3 nh\u1eb7n, uy nghi\u00eam cho kh\u00f4ng gian th\u1edd c\u00fang.<\/p>\n<figure id=\"attachment_1843\" aria-describedby=\"caption-attachment-1843\" style=\"width: 600px\" class=\"wp-caption aligncenter\"><img decoding=\"async\" loading=\"lazy\" class=\"wp-image-1843 size-full\" src=\"https:\/\/noithatdinhchinh.vn\/wp-content\/uploads\/2020\/08\/ban-tho-than-tai-go-tu-nhien-1.jpg\" alt=\"B\u00e0n Th\u1edd Th\u1ea7n T\u00e0i G\u1ed7 T\u1ef1 Nhi\u00ean\" width=\"600\" height=\"750\" srcset=\"https:\/\/noithatdinhchinh.vn\/wp-content\/uploads\/2020\/08\/ban-tho-than-tai-go-tu-nhien-1.jpg 600w, https:\/\/noithatdinhchinh.vn\/wp-content\/uploads\/2020\/08\/ban-tho-than-tai-go-tu-nhien-1-320x400.jpg 320w\" sizes=\"(max-width: 600px) 100vw, 600px\" \/><figcaption id=\"caption-attachment-1843\" class=\"wp-caption-text\">B\u00e0n Th\u1edd Th\u1ea7n T\u00e0i G\u1ed7 T\u1ef1 Nhi\u00ean<\/figcaption><\/figure>\n<h3><span style=\"color: #008000;\"><em>B\u00e0n th\u1edd Th\u1ea7n T\u00e0i &#8211; \u00d4ng \u0110\u1ecba b\u1eb1ng g\u1ed7 \u0111\u1eb9p, thanh t\u1ecbnh, h\u1ee3p phong th\u1ee7y.<\/em><\/span><\/h3>\n<p>Vi\u1ec7c l\u1ef1a ch\u1ecdn b\u00e0n th\u1edd Th\u1ea7n T\u00e0i h\u1ee3p phong th\u1ee7y l\u00e0 m\u1ed1i quan t\u00e2m h\u00e0ng \u0111\u1ea7u c\u1ee7a c\u00e1c gia ch\u1ee7. Nh\u1eefng y\u1ebfu t\u1ed1 v\u1ec1 phong th\u1ee7y c\u1ea7n ch\u00fa \u00fd nh\u01b0 v\u1ecb tr\u00ed, h\u01b0\u1edbng \u0111\u1eb7t b\u00e0n th\u1edd, m\u00e0u s\u1eafc b\u00e0n th\u1edd, hoa v\u0103n, h\u1ecda ti\u1ebft, c\u00e1ch b\u00e0i tr\u00ed,&#8230; c\u00f3 h\u1ee3p v\u1edbi m\u1ec7nh c\u1ee7a gia ch\u1ee7.<\/p>\n<h3><span style=\"color: #008000;\"><em>B\u00e0n th\u1edd Th\u1ea7n T\u00e0i \u0111\u1eb9p b\u1eb1ng g\u1ed7 h\u1ee3p phong th\u1ee7y \u0111\u01b0\u1ee3c thi\u1ebft k\u1ebf trang tr\u1ecdng, hoa v\u0103n ch\u1ea1m kh\u1eafc tinh t\u1ebf.<\/em><\/span><\/h3>\n<p>V\u1edbi c\u00e1c chi ti\u1ebft, hoa v\u0103n \u0111\u01b0\u1ee3c ch\u1ea1m kh\u1eafc b\u1edfi b\u00e0n tay kh\u00e9o l\u00e9o c\u1ee7a nh\u1eefng ng\u01b0\u1eddi th\u1ee3 l\u00e0nh ngh\u1ec1. Nh\u1eefng chi ti\u1ebft nh\u01b0 c\u1ed9t r\u1ed3ng hay ch\u1ea1m kh\u1eafc m\u00e1i s\u1eafc s\u1ea3o. V\u1eeba h\u1ee3p phong th\u1ee7y, v\u1eeba \u0111\u1eb9p m\u1eaft, l\u1ea1i th\u1ec3 hi\u1ec7n s\u1ef1 uy nghi\u00eam th\u1edd c\u00fang. T\u1ea5t c\u1ea3 t\u1ea1o n\u00ean m\u1ed9t t\u1ed5ng th\u1ec3 h\u00e0i h\u00f2a cho m\u1ed9t ban th\u1edd Th\u1ea7n T\u00e0i \u0111\u1eb3ng c\u1ea5p.<\/p>\n<figure id=\"attachment_1844\" aria-describedby=\"caption-attachment-1844\" style=\"width: 600px\" class=\"wp-caption aligncenter\"><img decoding=\"async\" loading=\"lazy\" class=\"wp-image-1844 size-full\" src=\"https:\/\/noithatdinhchinh.vn\/wp-content\/uploads\/2020\/08\/ban-tho-than-tai-tho-dia-1.jpg\" alt=\"B\u00e0n Th\u1edd Th\u1ea7n T\u00e0i Th\u1ed5 \u0110\u1ecba\" width=\"600\" height=\"750\" srcset=\"https:\/\/noithatdinhchinh.vn\/wp-content\/uploads\/2020\/08\/ban-tho-than-tai-tho-dia-1.jpg 600w, https:\/\/noithatdinhchinh.vn\/wp-content\/uploads\/2020\/08\/ban-tho-than-tai-tho-dia-1-320x400.jpg 320w\" sizes=\"(max-width: 600px) 100vw, 600px\" \/><figcaption id=\"caption-attachment-1844\" class=\"wp-caption-text\">B\u00e0n Th\u1edd Th\u1ea7n T\u00e0i Th\u1ed5 \u0110\u1ecba<\/figcaption><\/figure>\n<h2 style=\"text-align: center;\"><span style=\"color: #000080;\">T\u1ea0I SAO N\u00caN CH\u1eccN S\u1ea2N PH\u1ea8M B\u00c0N TH\u1edc TH\u1ea6N T\u00c0I C\u1ee6A N\u1ed8I TH\u1ea4T \u0110\u00ccNH CHINH<\/span><\/h2>\n<ul>\n<li class=\"bullet-checkmark\">N\u00f3i\u00a0<b>KH\u00d4NG<\/b>\u00a0v\u1edbi h\u00e0ng k\u00e9m ch\u1ea5t l\u01b0\u1ee3ng.<\/li>\n<li class=\"bullet-checkmark\"><strong>Gi\u00e1 g\u1ed1c<\/strong>\u00a0t\u1ea1i X\u01b0\u1edfng kh\u00f4ng qua trung gian. Gi\u00e1 lu\u00f4n r\u1ebb nh\u1ea5t th\u1ecb tr\u01b0\u1eddng<\/li>\n<li class=\"bullet-checkmark\">\u0110a d\u1ea1ng m\u1eabu m\u00e3, ch\u1ee7ng lo\u1ea1i<\/li>\n<li class=\"bullet-checkmark\">S\u1ea3n xu\u1ea5t v\u00e0 thi c\u00f4ng theo y\u00eau c\u1ea7u c\u1ee7a kh\u00e1ch.<\/li>\n<li class=\"bullet-checkmark\">Kh\u00e1ch c\u00f3 th\u1ec3 xem \u1ea3nh, video qu\u00e1 tr\u00ecnh s\u1ea3n xu\u1ea5t t\u1ea1i x\u01b0\u1edfng.<\/li>\n<li class=\"bullet-checkmark\">100% s\u1ea3n ph\u1ea9m \u0111\u01b0\u1ee3c l\u00e0m b\u1eb1ng\u00a0<strong>g\u1ed7 t\u1ef1 nhi\u00ean<\/strong>\u00a0\u0111\u00e3 qua t\u1ea9m s\u1ea5y, ch\u1ed1ng cong v\u00eanh, m\u1ed1i m\u1ecdt.<\/li>\n<li class=\"bullet-checkmark\">Nh\u1eadn \u0111\u1eb7t h\u00e0ng theo y\u00eau c\u1ea7u. \u0110\u1ea3m b\u1ea3o g\u1ed7 t\u1ed1t, g\u1ed7 th\u1eadt 100%. Ho\u00e0n thi\u1ec7n t\u1ec9 m\u1ec9, \u0111\u1eb9p kh\u00f4ng th\u1ec3 ch\u00ea.<\/li>\n<li class=\"bullet-checkmark\">Giao h\u00e0ng v\u00e0 thanh to\u00e1n t\u1eadn nh\u00e0 tr\u00ean to\u00e0n qu\u1ed1c.<\/li>\n<\/ul>\n<p>N\u1ed9i Th\u1ea5t \u0110\u00ecnh Chinh chuy\u00ean cung c\u1ea5p \u0111\u1ed3 n\u1ed9i th\u1ea5t g\u1ed7: ph\u00f2ng kh\u00e1ch, ph\u00f2ng ng\u1ee7, ph\u00f2ng b\u1ebfp, qu\u00e1n c\u00e0 ph\u00ea, v\u0103n ph\u00f2ng.. V\u1edbi \u0111a d\u1ea1ng c\u00e1c s\u1ea3n ph\u1ea9m, phong ph\u00fa v\u1ec1 ki\u1ec3u d\u00e1ng, thi\u1ebft k\u1ebf cho b\u1ea1n tho\u1ea3i m\u00e1i l\u1ef1a ch\u1ecdn.<\/p>\n<p><span style=\"color: #000080;\"><strong><em>Li\u00ean h\u1ec7 tr\u1ef1c ti\u1ebfp \u0111\u1ec3 \u0111\u01b0\u1ee3c t\u01b0 v\u1ea5n v\u00e0 nh\u1eadn m\u1ee9c gi\u00e1 \u01b0u \u0111\u00e3i:\u00a0<\/em><\/strong><\/span><\/p>\n<p><span style=\"color: #ff0000;\"><strong><em>Hotline:\u00a00785.961.489<\/em><\/strong><\/span><\/p>\n","protected":false},"excerpt":{"rendered":"<p>B\u00e0n th\u1edd Th\u1ea7n T\u00e0i &#8211; \u00d4ng \u0110\u1ecba b\u1eb1ng ch\u1ea5t li\u1ec7u g\u1ed7 t\u1ef1 nhi\u00ean cao c\u1ea5p, b\u1ec1n \u0111\u1eb9p, ch\u1eafc ch\u1eafn. Thi\u1ebft k\u1ebf trang tr\u1ecdng, uy nghi\u00eam, h\u1ee3p phong th\u1ee7y, hoa v\u0103n ch\u1ea1m kh\u1eafc tinh t\u1ebf. M\u00e0u s\u1eafc gam tr\u1ea7m, \u0111\u01a1n gi\u1ea3n, thanh t\u1ecbnh.<\/p>\n<div role=\"form\" class=\"wpcf7\" id=\"wpcf7-f10-o1\" lang=\"en-US\" dir=\"ltr\">\n<div class=\"screen-reader-response\" role=\"alert\" aria-live=\"polite\"><\/div>\n<form action=\"\/index.php?rest_route=%2Fwp%2Fv2%2Fproduct%2F1841#wpcf7-f10-o1\" method=\"post\" class=\"wpcf7-form init\" novalidate=\"novalidate\">\n<div style=\"display: none;\">\n<input type=\"hidden\" name=\"_wpcf7\" value=\"10\" \/>\n<input type=\"hidden\" name=\"_wpcf7_version\" value=\"5.2.2\" \/>\n<input type=\"hidden\" name=\"_wpcf7_locale\" value=\"en_US\" \/>\n<input type=\"hidden\" name=\"_wpcf7_unit_tag\" value=\"wpcf7-f10-o1\" \/>\n<input type=\"hidden\" name=\"_wpcf7_container_post\" value=\"0\" \/>\n<input type=\"hidden\" name=\"_wpcf7_posted_data_hash\" value=\"\" \/>\n<\/div>\n<p><span style=\"font-size: 160%; color: #ed1c24;\">Y\u00caU C\u1ea6U T\u01af V\u1ea4N<\/span><\/p>\n<p>Ch\u00fang t\u00f4i s\u1ebd li\u00ean h\u1ec7 l\u1ea1i ngay khi nh\u1eadn \u0111\u01b0\u1ee3c y\u00eau c\u1ea7u c\u1ee7a qu\u00fd kh\u00e1ch!<\/p>\n<hr>\n<span class=\"wpcf7-form-control-wrap hoten\"><input type=\"text\" name=\"hoten\" value=\"\" size=\"40\" class=\"wpcf7-form-control wpcf7-text wpcf7-validates-as-required\" aria-required=\"true\" aria-invalid=\"false\" placeholder=\"H\u1ecd v\u00e0 t\u00ean\" \/><\/span><br \/>\n<span class=\"wpcf7-form-control-wrap email\"><input type=\"email\" name=\"email\" value=\"\" size=\"40\" class=\"wpcf7-form-control wpcf7-text wpcf7-email wpcf7-validates-as-email\" aria-invalid=\"false\" placeholder=\"Email c\u1ee7a b\u1ea1n\" \/><\/span><br \/>\n<span class=\"wpcf7-form-control-wrap sdt\"><input type=\"tel\" name=\"sdt\" value=\"\" size=\"40\" class=\"wpcf7-form-control wpcf7-text wpcf7-tel wpcf7-validates-as-required wpcf7-validates-as-tel\" aria-required=\"true\" aria-invalid=\"false\" placeholder=\"S\u1ed1 \u0111i\u1ec7n tho\u1ea1i c\u1ee7a b\u1ea1n\" \/><\/span><br \/>\n<input type=\"submit\" value=\"G\u1ecdi L\u1ea1i Ngay\" class=\"wpcf7-form-control wpcf7-submit\" \/><br \/>\n<span class=\"wpcf7-form-control-wrap sanpham\"><input type=\"hidden\" name=\"sanpham\" value=\"B\u00e0n Th\u1edd Th\u1ea7n T\u00e0i M\u1eabu 2\" size=\"40\" class=\"wpcf7-form-control wpcf7dtx-dynamictext wpcf7-dynamichidden\" aria-invalid=\"false\" \/><\/span><\/p>\n<div class=\"wpcf7-response-output\" role=\"alert\" aria-hidden=\"true\"><\/div><\/form><\/div>\n","protected":false},"featured_media":1843,"template":"","meta":[],"yoast_head":"<!-- This site is optimized with the Yoast SEO plugin v15.0 - https:\/\/yoast.com\/wordpress\/plugins\/seo\/ -->\n<title>B\u00e0n Th\u1edd Th\u1ea7n T\u00e0i - Th\u1ed5 \u0110\u1ecba G\u1ed7 T\u1ef1 Nhi\u00ean - \u0110\u1ed3 Th\u1edd Phong Th\u1ee7y<\/title>\n<meta name=\"description\" content=\"Chuy\u00ean n\u1ed9i th\u1ea5t ph\u00f2ng th\u1edd b\u1eb1ng g\u1ed7 t\u1ef1 nhi\u00ean cao c\u1ea5p: b\u00e0n th\u1edd g\u1ed7, t\u1ee7 th\u1edd g\u1ed7, b\u00e0n th\u1edd Th\u1ea7n T\u00e0i - Th\u1ed5 \u0110\u1ecba, tinh t\u1ebf, uy nghi\u00eam, h\u1ee3p phong th\u1ee7y\" \/>\n<meta name=\"robots\" content=\"index, follow, max-snippet:-1, max-image-preview:large, max-video-preview:-1\" \/>\n<link rel=\"canonical\" href=\"https:\/\/noithatdinhchinh.vn\/?product=ban-tho-than-tai-mau-2\" \/>\n<meta property=\"og:locale\" content=\"vi_VN\" \/>\n<meta property=\"og:type\" content=\"article\" \/>\n<meta property=\"og:title\" content=\"B\u00e0n Th\u1edd Th\u1ea7n T\u00e0i - Th\u1ed5 \u0110\u1ecba G\u1ed7 T\u1ef1 Nhi\u00ean - \u0110\u1ed3 Th\u1edd Phong Th\u1ee7y\" \/>\n<meta property=\"og:description\" content=\"Chuy\u00ean n\u1ed9i th\u1ea5t ph\u00f2ng th\u1edd b\u1eb1ng g\u1ed7 t\u1ef1 nhi\u00ean cao c\u1ea5p: b\u00e0n th\u1edd g\u1ed7, t\u1ee7 th\u1edd g\u1ed7, b\u00e0n th\u1edd Th\u1ea7n T\u00e0i - Th\u1ed5 \u0110\u1ecba, tinh t\u1ebf, uy nghi\u00eam, h\u1ee3p phong th\u1ee7y\" \/>\n<meta property=\"og:url\" content=\"https:\/\/noithatdinhchinh.vn\/?product=ban-tho-than-tai-mau-2\" \/>\n<meta property=\"og:site_name\" content=\"noithatdinhchinh\" \/>\n<meta property=\"article:modified_time\" content=\"2020-08-20T00:52:24+00:00\" \/>\n<meta property=\"og:image\" content=\"https:\/\/noithatdinhchinh.vn\/wp-content\/uploads\/2020\/08\/ban-tho-than-tai-go-tu-nhien-1.jpg\" \/>\n\t<meta property=\"og:image:width\" content=\"600\" \/>\n\t<meta property=\"og:image:height\" content=\"750\" \/>\n<meta name=\"twitter:card\" content=\"summary_large_image\" \/>\n<script type=\"application\/ld+json\" class=\"yoast-schema-graph\">{\"@context\":\"https:\/\/schema.org\",\"@graph\":[{\"@type\":\"WebSite\",\"@id\":\"https:\/\/noithatdinhchinh.vn\/#website\",\"url\":\"https:\/\/noithatdinhchinh.vn\/\",\"name\":\"noithatdinhchinh\",\"description\":\"\",\"potentialAction\":[{\"@type\":\"SearchAction\",\"target\":\"https:\/\/noithatdinhchinh.vn\/?s={search_term_string}\",\"query-input\":\"required name=search_term_string\"}],\"inLanguage\":\"vi\"},{\"@type\":\"ImageObject\",\"@id\":\"https:\/\/noithatdinhchinh.vn\/?product=ban-tho-than-tai-mau-2#primaryimage\",\"inLanguage\":\"vi\",\"url\":\"https:\/\/noithatdinhchinh.vn\/wp-content\/uploads\/2020\/08\/ban-tho-than-tai-go-tu-nhien-1.jpg\",\"width\":600,\"height\":750,\"caption\":\"B\\u00e0n Th\\u1edd Th\\u1ea7n T\\u00e0i G\\u1ed7 T\\u1ef1 Nhi\\u00ean\"},{\"@type\":\"WebPage\",\"@id\":\"https:\/\/noithatdinhchinh.vn\/?product=ban-tho-than-tai-mau-2#webpage\",\"url\":\"https:\/\/noithatdinhchinh.vn\/?product=ban-tho-than-tai-mau-2\",\"name\":\"B\\u00e0n Th\\u1edd Th\\u1ea7n T\\u00e0i - Th\\u1ed5 \\u0110\\u1ecba G\\u1ed7 T\\u1ef1 Nhi\\u00ean - \\u0110\\u1ed3 Th\\u1edd Phong Th\\u1ee7y\",\"isPartOf\":{\"@id\":\"https:\/\/noithatdinhchinh.vn\/#website\"},\"primaryImageOfPage\":{\"@id\":\"https:\/\/noithatdinhchinh.vn\/?product=ban-tho-than-tai-mau-2#primaryimage\"},\"datePublished\":\"2020-08-20T00:45:01+00:00\",\"dateModified\":\"2020-08-20T00:52:24+00:00\",\"description\":\"Chuy\\u00ean n\\u1ed9i th\\u1ea5t ph\\u00f2ng th\\u1edd b\\u1eb1ng g\\u1ed7 t\\u1ef1 nhi\\u00ean cao c\\u1ea5p: b\\u00e0n th\\u1edd g\\u1ed7, t\\u1ee7 th\\u1edd g\\u1ed7, b\\u00e0n th\\u1edd Th\\u1ea7n T\\u00e0i - Th\\u1ed5 \\u0110\\u1ecba, tinh t\\u1ebf, uy nghi\\u00eam, h\\u1ee3p phong th\\u1ee7y\",\"inLanguage\":\"vi\",\"potentialAction\":[{\"@type\":\"ReadAction\",\"target\":[\"https:\/\/noithatdinhchinh.vn\/?product=ban-tho-than-tai-mau-2\"]}]}]}<\/script>\n<!-- \/ Yoast SEO plugin. -->","_links":{"self":[{"href":"https:\/\/noithatdinhchinh.vn\/index.php?rest_route=\/wp\/v2\/product\/1841"}],"collection":[{"href":"https:\/\/noithatdinhchinh.vn\/index.php?rest_route=\/wp\/v2\/product"}],"about":[{"href":"https:\/\/noithatdinhchinh.vn\/index.php?rest_route=\/wp\/v2\/types\/product"}],"wp:featuredmedia":[{"embeddable":true,"href":"https:\/\/noithatdinhchinh.vn\/index.php?rest_route=\/wp\/v2\/media\/1843"}],"wp:attachment":[{"href":"https:\/\/noithatdinhchinh.vn\/index.php?rest_route=%2Fwp%2Fv2%2Fmedia&parent=1841"}],"curies":[{"name":"wp","href":"https:\/\/api.w.org\/{rel}","templated":true}]}}