{"id":1786,"date":"2020-08-20T01:54:09","date_gmt":"2020-08-19T18:54:09","guid":{"rendered":"https:\/\/noithatdinhchinh.vn\/?post_type=product&#038;p=1786"},"modified":"2020-08-20T04:27:14","modified_gmt":"2020-08-19T21:27:14","slug":"tu-bep-mau-2","status":"publish","type":"product","link":"https:\/\/noithatdinhchinh.vn\/?product=tu-bep-mau-2","title":{"rendered":"T\u1ee7 B\u1ebfp M\u1eabu 2"},"content":{"rendered":"<h2 style=\"text-align: center;\"><span style=\"color: #ff0000;\">T\u1ee6 B\u1ebeP B\u1eb0NG G\u1ed6 T\u1ef0 NHI\u00caN &#8211; NH\u1eeeNG M\u1eaaU T\u1ee6 B\u1ebeP G\u1ed6 \u0110\u1eb8P NH\u1ea4T<\/span><\/h2>\n<p>T\u1ee7 b\u1ebfp b\u1eb1ng g\u1ed7 t\u1ef1 nhi\u00ean mang l\u1ea1i v\u1ebb \u0111\u1eb9p sang tr\u1ecdng, \u1ea5m c\u00fang cho kh\u00f4ng gian b\u1ebfp c\u1ee7a b\u1ea1n. V\u00ec v\u1eady m\u00e0 t\u1ee7 b\u1ebfp l\u00e0 m\u00f3n \u0111\u1ed3 n\u1ed9i th\u1ea5t kh\u00f4ng th\u1ec3 thi\u1ebfu trong thi\u1ebft k\u1ebf v\u00e0 trang tr\u00ed n\u1ed9i th\u1ea5t nh\u00e0 b\u1ebfp. M\u1ed9t chi\u1ebfc t\u1ee7 b\u1ebfp \u0111\u1eb9p v\u00e0 ti\u1ec7n d\u1ee5ng s\u1ebd l\u00e0m c\u0103n ph\u00f2ng b\u1ebfp nh\u00e0 b\u1ea1n th\u00eam ho\u00e0n h\u1ea3o h\u01a1n.<\/p>\n<p>Nga\u0300y nay, b\u1ebfp kh\u00f4ng chi\u0309 l\u00e0 n\u01a1i da\u0300nh cho ng\u01b0\u01a1\u0300i n\u00f4\u0323i tr\u01a1\u0323 th\u00ea\u0309 hi\u00ea\u0323n ba\u0300n tay khe\u0301o le\u0301o cu\u0309a mi\u0300nh. Kh\u00f4ng gian ph\u00f2ng b\u00ea\u0301p co\u0300n th\u1ec3 hi\u1ec7n s\u1ef1 ti\u00ea\u0323n nghi cu\u0309a ng\u00f4i nha\u0300. Do \u0111\u00f3, l\u01b0\u0323a cho\u0323n m\u00f4\u0323t tu\u0309 b\u00ea\u0301p b\u1eb1ng ch\u1ea5t li\u1ec7u g\u00f4\u0303 t\u01b0\u0323 nhi\u00ean la\u0300 m\u00f4\u0323t l\u01b0\u0323a cho\u0323n tuy\u1ec7t v\u1eddi.<\/p>\n<p>N\u1ed9i Th\u1ea5t \u0110\u00ecnh Chinh thi\u1ebft k\u1ebf t\u1ee7 b\u1ebfp theo y\u00eau c\u1ea7u t\u1ea1i B\u00ecnh D\u01b0\u01a1ng. \u0110em \u0111\u1ebfn cho kh\u00e1ch h\u00e0ng nh\u1eefng thi\u1ebft k\u1ebf m\u1edbi nh\u1ea5t v\u1edbi phong c\u00e1ch hi\u1ec7n \u0111\u1ea1i, sang tr\u1ecdng, hay c\u1ed5 \u0111i\u1ec3n, trang nh\u00e3. V\u1edbi ch\u1ea5t li\u1ec7u g\u1ed7 t\u1ef1 nhi\u00ean cao c\u1ea5p, b\u1ec1n, ch\u1eafc, \u0111\u1ea3m b\u1ea3o l\u00e0m h\u00e0i l\u00f2ng m\u1ecdi kh\u00e1ch h\u00e0ng.<\/p>\n<figure id=\"attachment_1787\" aria-describedby=\"caption-attachment-1787\" style=\"width: 800px\" class=\"wp-caption aligncenter\"><img decoding=\"async\" loading=\"lazy\" class=\"wp-image-1787 size-full\" src=\"https:\/\/noithatdinhchinh.vn\/wp-content\/uploads\/2020\/08\/tu-bep-bang-go-tu-nhien.jpg\" alt=\"T\u1ee7 B\u1ebfp B\u1eb1ng G\u1ed7 T\u1ef1 Nhi\u00ean\" width=\"800\" height=\"535\" srcset=\"https:\/\/noithatdinhchinh.vn\/wp-content\/uploads\/2020\/08\/tu-bep-bang-go-tu-nhien.jpg 800w, https:\/\/noithatdinhchinh.vn\/wp-content\/uploads\/2020\/08\/tu-bep-bang-go-tu-nhien-600x401.jpg 600w, https:\/\/noithatdinhchinh.vn\/wp-content\/uploads\/2020\/08\/tu-bep-bang-go-tu-nhien-598x400.jpg 598w, https:\/\/noithatdinhchinh.vn\/wp-content\/uploads\/2020\/08\/tu-bep-bang-go-tu-nhien-768x514.jpg 768w\" sizes=\"(max-width: 800px) 100vw, 800px\" \/><figcaption id=\"caption-attachment-1787\" class=\"wp-caption-text\">T\u1ee7 B\u1ebfp B\u1eb1ng G\u1ed7 T\u1ef1 Nhi\u00ean<\/figcaption><\/figure>\n<h2 style=\"text-align: center;\"><span style=\"color: #008000;\">\u01afU \u0110I\u1ec2M C\u1ee6A T\u1ee6 B\u1ebeP B\u1eb0NG G\u1ed6 T\u1ef0 NHI\u00caN<\/span><\/h2>\n<h3><span style=\"color: #000080;\"><em>T\u1ee7 k\u1ec7 b\u1ebfp hi\u1ec7n \u0111\u1ea1i b\u1eb1ng g\u1ed7 t\u1ef1 nhi\u00ean c\u00f3 \u0111\u1ed9 b\u1ec1n cao.<\/em><\/span><\/h3>\n<p>\u0110\u01b0\u1ee3c l\u00e0m b\u1eb1ng ch\u1ea5t li\u1ec7u g\u1ed7 t\u1ef1 nhi\u00ean cao c\u1ea5p nh\u01b0 g\u1ed7 h\u01b0\u01a1ng, g\u1ed7 s\u1ed3i, g\u1ed7 \u0111\u1ecf,\u2026Nh\u01a1\u0300 s\u01b0\u0323 li\u00ean k\u00ea\u0301t ch\u0103\u0323t che\u0303 trong th\u00e2n g\u00f4\u0303 t\u1ef1 nhi\u00ean, qua c\u00e1c c\u00f4ng \u0111o\u1ea1n t\u1ea9m s\u1ea5y, s\u01a1n, \u0111\u00e1nh b\u00f3ng c\u1ea7u k\u00ec. T\u1ee7 b\u1ebfp g\u1ed7 c\u00f3 \u0111\u1ed9 b\u1ec1n l\u00e2u d\u00e0i theo th\u1eddi gian.<\/p>\n<p>Ch\u1ea5t li\u1ec7u g\u1ed7 t\u1ef1 nhi\u00ean r\u1ea5t b\u1ec1n, \u0111\u1eb9p, kh\u00f4ng m\u1ed1i m\u1ecdt, \u00edt khi h\u1ecfng h\u00f3c hay cong v\u00eanh. Tu\u1ed5i th\u1ecd c\u00f3 th\u1ec3 l\u00ean \u0111\u1ebfn h\u00e0ng ch\u1ee5c n\u0103m.<\/p>\n<div class=\"wp-block-image td-caption-align-https:\/\/bep.vn\/wp-content\/uploads\/2018\/09\/\u01b0u-va-nhuoc-diem-cua-tu-bep-go-tu-nhien-ban-da-biet-3.jpg\">\n<h3 class=\"aligncenter\"><em><span style=\"font-size: 20.16px; color: #000080;\">T\u1ee7 b\u1ebfp gi\u00e1 r\u1ebb b\u1eb1ng g\u1ed7 t\u1ef1 nhi\u00ean \u0111\u1eb9p, ch\u1eafc ch\u1eafn.<\/span><\/em><\/h3>\n<\/div>\n<p>G\u1ed7 t\u1ef1 nhi\u00ean c\u00f3 \u01b0u \u0111i\u1ec3m l\u00e0 b\u1ec1n ch\u1eafc, ch\u1ecbu l\u1ef1c t\u1ed1t. V\u00ec v\u1eady m\u00e0 kh\u00e1ch h\u00e0ng c\u00f3 th\u1ec3 y\u00ean t\u00e2m khi l\u1ef1a ch\u1ecdn ch\u1ea5t li\u1ec7u l\u00e0m t\u1ee7 b\u1ebfp. \u0110\u00e2y l\u00e0 \u0111i\u1ec3m n\u1ed5i b\u1eadt nh\u1ea5t c\u1ee7a t\u1ee7 b\u1ebfp g\u1ed7. B\u1ea1n c\u00f3 th\u1ec3 \u0111\u1ec3 nhi\u1ec1u \u0111\u1ed3 \u0111\u1ea1c b\u00ean trong m\u00e0 kh\u00f4ng s\u1ee3 t\u1ee7 b\u1ebfp nhanh b\u1ecb s\u1eadp s\u1ec7 hay h\u1ecfng h\u00f3c.<\/p>\n<figure id=\"attachment_1794\" aria-describedby=\"caption-attachment-1794\" style=\"width: 800px\" class=\"wp-caption aligncenter\"><img decoding=\"async\" loading=\"lazy\" class=\"wp-image-1794 size-full\" src=\"https:\/\/noithatdinhchinh.vn\/wp-content\/uploads\/2020\/08\/tu-bep-go-dep-cao-cap.jpg\" alt=\"T\u1ee7 B\u1ebfp G\u1ed7 \u0110\u1eb9p - Cao C\u1ea5p\" width=\"800\" height=\"516\" srcset=\"https:\/\/noithatdinhchinh.vn\/wp-content\/uploads\/2020\/08\/tu-bep-go-dep-cao-cap.jpg 800w, https:\/\/noithatdinhchinh.vn\/wp-content\/uploads\/2020\/08\/tu-bep-go-dep-cao-cap-600x387.jpg 600w, https:\/\/noithatdinhchinh.vn\/wp-content\/uploads\/2020\/08\/tu-bep-go-dep-cao-cap-620x400.jpg 620w, https:\/\/noithatdinhchinh.vn\/wp-content\/uploads\/2020\/08\/tu-bep-go-dep-cao-cap-768x495.jpg 768w\" sizes=\"(max-width: 800px) 100vw, 800px\" \/><figcaption id=\"caption-attachment-1794\" class=\"wp-caption-text\">T\u1ee7 B\u1ebfp G\u1ed7 \u0110\u1eb9p &#8211; Cao C\u1ea5p<\/figcaption><\/figure>\n<div class=\"wp-block-image td-caption-align-https:\/\/bep.vn\/wp-content\/uploads\/2018\/09\/\u01b0u-va-nhuoc-diem-cua-tu-bep-go-tu-nhien-ban-da-biet-4.jpg\">\n<h3 class=\"aligncenter\"><em><span style=\"font-size: 20.16px; color: #000080;\">T\u1ee7 b\u1ebfp b\u1eb1ng g\u1ed7 \u0111\u1eb9p, gi\u00e1 r\u1ebb mang t\u00ednh th\u1ea9m m\u1ef9 cao.<\/span><\/em><\/h3>\n<\/div>\n<p>T\u1ee7 k\u1ec7 b\u1ebfp b\u1eb1ng g\u1ed7 mang \u0111\u1ebfn m\u1ed9t v\u1ebb \u0111\u1eb9p t\u1ef1 nhi\u00ean, g\u1ea7n g\u0169i v\u1edbi thi\u00ean nhi\u00ean. \u0110\u1eb7c bi\u1ec7t, v\u00e2n g\u1ed7 ch\u00ednh l\u00e0 \u0111i\u1ec3m \u0111\u1ec3 nh\u1eadn d\u1ea1ng c\u00e1c lo\u1ea1i g\u1ed7 kh\u00e1c nhau. H\u00ecnh d\u00e1ng m\u1ed7i lo\u1ea1i v\u00e2n g\u1ed7 \u0111\u1ec1u mang m\u1ed9t v\u1ebb \u0111\u1eb9p kh\u00f4ng gi\u1ed1ng nhau. T\u00f9y theo s\u1edf th\u00edch c\u1ee7a m\u00e0 gia ch\u1ee7 l\u1ef1a ch\u1ecdn ch\u1ea5t li\u1ec7u ph\u00f9 h\u1ee3p v\u1edbi kh\u00f4ng gian ph\u00f2ng b\u1ebfp gia \u0111\u00ecnh.<\/p>\n<p>M\u00e0u s\u1eafc g\u1ed7 c\u0169ng mang \u0111\u1ebfn m\u1ed9t v\u1ebb \u0111\u1eb9p sang tr\u1ecdng, h\u00e0i h\u00f2a. Nh\u1eefng gam m\u00e0u nh\u01b0 v\u00e0ng, n\u00e2u tr\u1ea7m, mang \u0111\u1ebfn s\u1ef1 \u1ea5m c\u00fang cho kh\u00f4ng gian c\u0103n b\u1ebfp. N\u01a1i m\u00e0 gia \u0111\u00ecnh sum h\u1ecdp, c\u00f3 nh\u1eefng b\u1eefa \u0103n vui v\u1ebb, \u0111\u1ea7m \u1ea5m.<\/p>\n<h3><em><span style=\"color: #000080;\">T\u1ee7 b\u1ebfp b\u1eb1ng g\u1ed7 t\u1ef1 nhi\u00ean \u0111\u1eb9p <span id=\"4-uu-diem-cua-tu-bep-go-tu-nhien-8211-da-dangkieu-dang-mau-ma\">ki\u1ec3u d\u00e1ng \u0111a d\u1ea1ng, thi\u1ebft k\u1ebf \u0111\u1eb9p m\u1eaft, m\u1eabu m\u00e3 phong ph\u00fa.<\/span><\/span><\/em><\/h3>\n<p>V\u1edbi ki\u1ec3u d\u00e1ng hi\u1ec7n \u0111\u1ea1i, sang tr\u1ecdng, hay c\u1ed5 \u0111i\u1ec3n, \u1ea5m c\u00fang, N\u1ed9i Th\u1ea5t \u0110\u00ecnh Chinh mang \u0111\u1ebfn cho b\u1ea1n nh\u1eefng m\u1eabu t\u1ee7 b\u1ebfp \u01b0ng \u00fd nh\u1ea5t. Thi\u1ebft k\u1ebf \u0111\u1eb9p m\u1eaft, tinh t\u1ebf, \u0111\u1ec3 l\u1ea1i \u1ea5n t\u01b0\u1ee3ng ngay t\u1eeb c\u00e1i nh\u00ecn \u0111\u1ea7u ti\u00ean.<\/p>\n<p>T\u1ee7 b\u1ebfp g\u1ed7 gi\u00fap cho kh\u00f4ng gian ph\u00f2ng b\u1ebfp c\u1ee7a gia \u0111\u00ecnh b\u1ea1n \u1ea5m c\u00fang, l\u1ecbch l\u00e3m h\u01a1n, c\u00e1c th\u00e0nh vi\u00ean trong gia \u0111\u00ecnh g\u1eafn k\u1ebft v\u1edbi nhau nhi\u1ec1u h\u01a1n. \u0110em \u0111\u1ebfn cho ng\u00f4i nh\u00e0 c\u1ee7a b\u1ea1n s\u1ef1 trang nh\u00e3 v\u00e0 c\u00f2n th\u1ec3 hi\u1ec7n gu th\u1ea9m m\u1ef9 tuy\u1ec7t v\u1eddi, mang \u0111\u1eadm phong c\u00e1ch, ch\u1ea5t ri\u00eang c\u1ee7a gia ch\u1ee7.<\/p>\n<h2 style=\"text-align: center;\"><span style=\"color: #008000;\">T\u1ea0I SAO N\u00caN CH\u1eccN N\u1ed8I TH\u1ea4T \u0110\u00ccNH CHINH L\u00c0M T\u1ee6 B\u1ebeP B\u1eb0NG G\u1ed6<\/span><\/h2>\n<ul>\n<li class=\"bullet-checkmark\">N\u00f3i\u00a0<b>KH\u00d4NG<\/b>\u00a0v\u1edbi h\u00e0ng k\u00e9m ch\u1ea5t l\u01b0\u1ee3ng.<\/li>\n<li class=\"bullet-checkmark\"><strong>Gi\u00e1 g\u1ed1c<\/strong>\u00a0t\u1ea1i X\u01b0\u1edfng kh\u00f4ng qua trung gian. Gi\u00e1 lu\u00f4n r\u1ebb nh\u1ea5t th\u1ecb tr\u01b0\u1eddng<\/li>\n<li class=\"bullet-checkmark\">\u0110a d\u1ea1ng m\u1eabu m\u00e3, ch\u1ee7ng lo\u1ea1i<\/li>\n<li class=\"bullet-checkmark\">S\u1ea3n xu\u1ea5t v\u00e0 thi c\u00f4ng theo y\u00eau c\u1ea7u c\u1ee7a kh\u00e1ch.<\/li>\n<li class=\"bullet-checkmark\">Kh\u00e1ch c\u00f3 th\u1ec3 xem \u1ea3nh, video qu\u00e1 tr\u00ecnh s\u1ea3n xu\u1ea5t t\u1ea1i x\u01b0\u1edfng.<\/li>\n<li class=\"bullet-checkmark\">100% s\u1ea3n ph\u1ea9m \u0111\u01b0\u1ee3c l\u00e0m b\u1eb1ng\u00a0<strong>g\u1ed7 t\u1ef1 nhi\u00ean<\/strong>\u00a0\u0111\u00e3 qua t\u1ea9m s\u1ea5y, ch\u1ed1ng cong v\u00eanh, m\u1ed1i m\u1ecdt.<\/li>\n<li class=\"bullet-checkmark\">Nh\u1eadn \u0111\u1eb7t h\u00e0ng theo y\u00eau c\u1ea7u. \u0110\u1ea3m b\u1ea3o g\u1ed7 t\u1ed1t, g\u1ed7 th\u1eadt 100%. Ho\u00e0n thi\u1ec7n t\u1ec9 m\u1ec9, \u0111\u1eb9p kh\u00f4ng th\u1ec3 ch\u00ea.<\/li>\n<li class=\"bullet-checkmark\">Giao h\u00e0ng v\u00e0 thanh to\u00e1n t\u1eadn nh\u00e0 tr\u00ean to\u00e0n qu\u1ed1c.<\/li>\n<\/ul>\n<p>N\u1ed9i Th\u1ea5t \u0110\u00ecnh Chinh chuy\u00ean cung c\u1ea5p \u0111\u1ed3 n\u1ed9i th\u1ea5t g\u1ed7: ph\u00f2ng kh\u00e1ch, ph\u00f2ng ng\u1ee7, ph\u00f2ng b\u1ebfp, qu\u00e1n c\u00e0 ph\u00ea, v\u0103n ph\u00f2ng.. V\u1edbi \u0111a d\u1ea1ng c\u00e1c s\u1ea3n ph\u1ea9m, phong ph\u00fa v\u1ec1 ki\u1ec3u d\u00e1ng, thi\u1ebft k\u1ebf cho b\u1ea1n tho\u1ea3i m\u00e1i l\u1ef1a ch\u1ecdn.<\/p>\n<p><span style=\"color: #000080;\"><strong><em>Li\u00ean h\u1ec7 tr\u1ef1c ti\u1ebfp \u0111\u1ec3 \u0111\u01b0\u1ee3c t\u01b0 v\u1ea5n v\u00e0 nh\u1eadn m\u1ee9c gi\u00e1 \u01b0u \u0111\u00e3i:\u00a0<\/em><\/strong><\/span><\/p>\n<p><span style=\"color: #ff0000;\"><strong><em>Hotline:\u00a00785.961.489<\/em><\/strong><\/span><\/p>\n","protected":false},"excerpt":{"rendered":"<p>Thi\u1ebft k\u1ebf t\u1ee7 b\u1ebfp b\u1eb1ng ch\u1ea5t li\u1ec7u g\u1ed7 t\u1ef1 nhi\u00ean theo y\u00eau c\u1ea7u nh\u01b0 g\u1ed7 s\u1ed3i, g\u1ed7 g\u1ee5, g\u1ed7 \u0111\u1ecf, g\u1ed7 h\u01b0\u01a1ng,&#8230;Mang \u0111\u1ebfn cho kh\u00e1ch h\u00e0ng nh\u1eefng m\u1eabu t\u1ee7 b\u1ebfp g\u1ed7 v\u1edbi ki\u1ec3u d\u00e1ng hi\u1ec7n \u0111\u1ea1i, sang tr\u1ecdng. Thi\u1ebft k\u1ebf \u0111\u1eb9p m\u1eaft, phong c\u00e1ch \u0111a d\u1ea1ng nh\u01b0: c\u1ed5 \u0111i\u1ec3n, t\u00e2n c\u1ed5 \u0111i\u1ec3n hay hi\u1ec7n \u0111\u1ea1i,..\u0110em \u0111\u1ebfn s\u1ef1 \u1ea5m c\u00fang, ti\u1ec7n t\u00edch, cho kh\u00f4ng gian ph\u00f2ng b\u1ebfp gia \u0111\u00ecnh b\u1ea1n.<\/p>\n<div role=\"form\" class=\"wpcf7\" id=\"wpcf7-f10-o1\" lang=\"en-US\" dir=\"ltr\">\n<div class=\"screen-reader-response\" role=\"alert\" aria-live=\"polite\"><\/div>\n<form action=\"\/index.php?rest_route=%2Fwp%2Fv2%2Fproduct%2F1786#wpcf7-f10-o1\" method=\"post\" class=\"wpcf7-form init\" novalidate=\"novalidate\">\n<div style=\"display: none;\">\n<input type=\"hidden\" name=\"_wpcf7\" value=\"10\" \/>\n<input type=\"hidden\" name=\"_wpcf7_version\" value=\"5.2.2\" \/>\n<input type=\"hidden\" name=\"_wpcf7_locale\" value=\"en_US\" \/>\n<input type=\"hidden\" name=\"_wpcf7_unit_tag\" value=\"wpcf7-f10-o1\" \/>\n<input type=\"hidden\" name=\"_wpcf7_container_post\" value=\"0\" \/>\n<input type=\"hidden\" name=\"_wpcf7_posted_data_hash\" value=\"\" \/>\n<\/div>\n<p><span style=\"font-size: 160%; color: #ed1c24;\">Y\u00caU C\u1ea6U T\u01af V\u1ea4N<\/span><\/p>\n<p>Ch\u00fang t\u00f4i s\u1ebd li\u00ean h\u1ec7 l\u1ea1i ngay khi nh\u1eadn \u0111\u01b0\u1ee3c y\u00eau c\u1ea7u c\u1ee7a qu\u00fd kh\u00e1ch!<\/p>\n<hr>\n<span class=\"wpcf7-form-control-wrap hoten\"><input type=\"text\" name=\"hoten\" value=\"\" size=\"40\" class=\"wpcf7-form-control wpcf7-text wpcf7-validates-as-required\" aria-required=\"true\" aria-invalid=\"false\" placeholder=\"H\u1ecd v\u00e0 t\u00ean\" \/><\/span><br \/>\n<span class=\"wpcf7-form-control-wrap email\"><input type=\"email\" name=\"email\" value=\"\" size=\"40\" class=\"wpcf7-form-control wpcf7-text wpcf7-email wpcf7-validates-as-email\" aria-invalid=\"false\" placeholder=\"Email c\u1ee7a b\u1ea1n\" \/><\/span><br \/>\n<span class=\"wpcf7-form-control-wrap sdt\"><input type=\"tel\" name=\"sdt\" value=\"\" size=\"40\" class=\"wpcf7-form-control wpcf7-text wpcf7-tel wpcf7-validates-as-required wpcf7-validates-as-tel\" aria-required=\"true\" aria-invalid=\"false\" placeholder=\"S\u1ed1 \u0111i\u1ec7n tho\u1ea1i c\u1ee7a b\u1ea1n\" \/><\/span><br \/>\n<input type=\"submit\" value=\"G\u1ecdi L\u1ea1i Ngay\" class=\"wpcf7-form-control wpcf7-submit\" \/><br \/>\n<span class=\"wpcf7-form-control-wrap sanpham\"><input type=\"hidden\" name=\"sanpham\" value=\"T\u1ee7 B\u1ebfp M\u1eabu 2\" size=\"40\" class=\"wpcf7-form-control wpcf7dtx-dynamictext wpcf7-dynamichidden\" aria-invalid=\"false\" \/><\/span><\/p>\n<div class=\"wpcf7-response-output\" role=\"alert\" aria-hidden=\"true\"><\/div><\/form><\/div>\n","protected":false},"featured_media":1794,"template":"","meta":[],"yoast_head":"<!-- This site is optimized with the Yoast SEO plugin v15.0 - https:\/\/yoast.com\/wordpress\/plugins\/seo\/ -->\n<title>T\u1ee7 B\u1ebfp B\u1eb1ng G\u1ed7 T\u1ef1 Nhi\u00ean - Nh\u1eefng M\u1eabu T\u1ee7 B\u1ebfp G\u1ed7 \u0110\u1eb9p Nh\u1ea5t<\/title>\n<meta name=\"description\" content=\"Thi\u1ebft k\u1ebf t\u1ee7 b\u1ebfp theo y\u00eau c\u1ea7u b\u1eb1ng ch\u1ea5t li\u1ec7u g\u1ed7 t\u1ef1 nhi\u00ean cao c\u1ea5p, b\u1ec1n, \u0111\u1eb9p. Ki\u1ec3u d\u00e1ng hi\u1ec7n \u0111\u1ea1i, m\u00e0u s\u1eafc sang tr\u1ecdng, thi\u1ebft k\u1ebf tinh t\u1ebf, trang nh\u00e3.\" \/>\n<meta name=\"robots\" content=\"index, follow, max-snippet:-1, max-image-preview:large, max-video-preview:-1\" \/>\n<link rel=\"canonical\" href=\"https:\/\/noithatdinhchinh.vn\/?product=tu-bep-mau-2\" \/>\n<meta property=\"og:locale\" content=\"vi_VN\" \/>\n<meta property=\"og:type\" content=\"article\" \/>\n<meta property=\"og:title\" content=\"T\u1ee7 B\u1ebfp B\u1eb1ng G\u1ed7 T\u1ef1 Nhi\u00ean - Nh\u1eefng M\u1eabu T\u1ee7 B\u1ebfp G\u1ed7 \u0110\u1eb9p Nh\u1ea5t\" \/>\n<meta property=\"og:description\" content=\"Thi\u1ebft k\u1ebf t\u1ee7 b\u1ebfp theo y\u00eau c\u1ea7u b\u1eb1ng ch\u1ea5t li\u1ec7u g\u1ed7 t\u1ef1 nhi\u00ean cao c\u1ea5p, b\u1ec1n, \u0111\u1eb9p. Ki\u1ec3u d\u00e1ng hi\u1ec7n \u0111\u1ea1i, m\u00e0u s\u1eafc sang tr\u1ecdng, thi\u1ebft k\u1ebf tinh t\u1ebf, trang nh\u00e3.\" \/>\n<meta property=\"og:url\" content=\"https:\/\/noithatdinhchinh.vn\/?product=tu-bep-mau-2\" \/>\n<meta property=\"og:site_name\" content=\"noithatdinhchinh\" \/>\n<meta property=\"article:modified_time\" content=\"2020-08-19T21:27:14+00:00\" \/>\n<meta property=\"og:image\" content=\"https:\/\/noithatdinhchinh.vn\/wp-content\/uploads\/2020\/08\/tu-bep-go-dep-cao-cap.jpg\" \/>\n\t<meta property=\"og:image:width\" content=\"800\" \/>\n\t<meta property=\"og:image:height\" content=\"516\" \/>\n<meta name=\"twitter:card\" content=\"summary_large_image\" \/>\n<script type=\"application\/ld+json\" class=\"yoast-schema-graph\">{\"@context\":\"https:\/\/schema.org\",\"@graph\":[{\"@type\":\"WebSite\",\"@id\":\"https:\/\/noithatdinhchinh.vn\/#website\",\"url\":\"https:\/\/noithatdinhchinh.vn\/\",\"name\":\"noithatdinhchinh\",\"description\":\"\",\"potentialAction\":[{\"@type\":\"SearchAction\",\"target\":\"https:\/\/noithatdinhchinh.vn\/?s={search_term_string}\",\"query-input\":\"required name=search_term_string\"}],\"inLanguage\":\"vi\"},{\"@type\":\"ImageObject\",\"@id\":\"https:\/\/noithatdinhchinh.vn\/?product=tu-bep-mau-2#primaryimage\",\"inLanguage\":\"vi\",\"url\":\"https:\/\/noithatdinhchinh.vn\/wp-content\/uploads\/2020\/08\/tu-bep-go-dep-cao-cap.jpg\",\"width\":800,\"height\":516,\"caption\":\"T\\u1ee7 B\\u1ebfp G\\u1ed7 \\u0110\\u1eb9p - Cao C\\u1ea5p\"},{\"@type\":\"WebPage\",\"@id\":\"https:\/\/noithatdinhchinh.vn\/?product=tu-bep-mau-2#webpage\",\"url\":\"https:\/\/noithatdinhchinh.vn\/?product=tu-bep-mau-2\",\"name\":\"T\\u1ee7 B\\u1ebfp B\\u1eb1ng G\\u1ed7 T\\u1ef1 Nhi\\u00ean - Nh\\u1eefng M\\u1eabu T\\u1ee7 B\\u1ebfp G\\u1ed7 \\u0110\\u1eb9p Nh\\u1ea5t\",\"isPartOf\":{\"@id\":\"https:\/\/noithatdinhchinh.vn\/#website\"},\"primaryImageOfPage\":{\"@id\":\"https:\/\/noithatdinhchinh.vn\/?product=tu-bep-mau-2#primaryimage\"},\"datePublished\":\"2020-08-19T18:54:09+00:00\",\"dateModified\":\"2020-08-19T21:27:14+00:00\",\"description\":\"Thi\\u1ebft k\\u1ebf t\\u1ee7 b\\u1ebfp theo y\\u00eau c\\u1ea7u b\\u1eb1ng ch\\u1ea5t li\\u1ec7u g\\u1ed7 t\\u1ef1 nhi\\u00ean cao c\\u1ea5p, b\\u1ec1n, \\u0111\\u1eb9p. Ki\\u1ec3u d\\u00e1ng hi\\u1ec7n \\u0111\\u1ea1i, m\\u00e0u s\\u1eafc sang tr\\u1ecdng, thi\\u1ebft k\\u1ebf tinh t\\u1ebf, trang nh\\u00e3.\",\"inLanguage\":\"vi\",\"potentialAction\":[{\"@type\":\"ReadAction\",\"target\":[\"https:\/\/noithatdinhchinh.vn\/?product=tu-bep-mau-2\"]}]}]}<\/script>\n<!-- \/ Yoast SEO plugin. -->","_links":{"self":[{"href":"https:\/\/noithatdinhchinh.vn\/index.php?rest_route=\/wp\/v2\/product\/1786"}],"collection":[{"href":"https:\/\/noithatdinhchinh.vn\/index.php?rest_route=\/wp\/v2\/product"}],"about":[{"href":"https:\/\/noithatdinhchinh.vn\/index.php?rest_route=\/wp\/v2\/types\/product"}],"wp:featuredmedia":[{"embeddable":true,"href":"https:\/\/noithatdinhchinh.vn\/index.php?rest_route=\/wp\/v2\/media\/1794"}],"wp:attachment":[{"href":"https:\/\/noithatdinhchinh.vn\/index.php?rest_route=%2Fwp%2Fv2%2Fmedia&parent=1786"}],"curies":[{"name":"wp","href":"https:\/\/api.w.org\/{rel}","templated":true}]}}