{"id":1782,"date":"2020-08-19T23:53:11","date_gmt":"2020-08-19T16:53:11","guid":{"rendered":"https:\/\/noithatdinhchinh.vn\/?post_type=product&#038;p=1782"},"modified":"2020-08-20T04:30:52","modified_gmt":"2020-08-19T21:30:52","slug":"1782","status":"publish","type":"product","link":"https:\/\/noithatdinhchinh.vn\/?product=1782","title":{"rendered":"B\u1ed9 B\u00e0n \u0102n M\u1eabu 1"},"content":{"rendered":"<h2 style=\"text-align: center;\"><span style=\"color: #ff0000;\">B\u1ed8 B\u00c0N \u0102N G\u1ed6 T\u1ef0 NHI\u00caN &#8211; M\u1eaaU B\u00c0N \u0102N G\u1ed6 \u0110\u1eb8P &#8211; CAO C\u1ea4P &#8211; SANG TR\u1eccNG<\/span><\/h2>\n<p>B\u1ed9 b\u00e0n \u0103n g\u1ed7 t\u1ef1 nhi\u00ean l\u00e0 s\u1ea3n ph\u1ea9m n\u1ed9i th\u1ea5t \u0111\u01b0\u1ee3c r\u1ea5t nhi\u1ec1u gia \u0111\u00ecnh l\u1ef1a ch\u1ecdn b\u1edfi m\u1eabu m\u00e3 s\u1ea3n ph\u1ea9m \u0111\u1eb9p, \u0111\u1ed9 b\u1ec1n cao theo th\u1eddi gian. B\u1ed9 b\u00e0n \u0103n nh\u01b0 m\u1ed9t \u0111i\u1ec3m nh\u1ea5n trung t\u00e2m c\u1ee7a ph\u00f2ng \u0103n, gi\u00fap c\u0103n ph\u00f2ng tr\u1edf n\u00ean sinh \u0111\u1ed9ng h\u01a1n.<\/p>\n<p>B\u1ed9 b\u00e0n \u0103n c\u00f3 thi\u1ebft k\u1ebf \u0111\u01a1n gi\u1ea3n nh\u01b0ng kh\u00f4ng k\u00e9m ph\u1ea7n sang tr\u1ecdng, l\u1ecbch l\u00e3m. S\u1ef1 ch\u1eafc ch\u1eafn c\u1ee7a s\u1ea3n ph\u1ea9m mang \u0111\u1ebfn cho ng\u01b0\u1eddi s\u1eed d\u1ee5ng c\u1ea3m gi\u00e1c an to\u00e0n tuy\u1ec7t \u0111\u1ed1i.<\/p>\n<p>V\u1edbi \u0111a d\u1ea1ng m\u1eabu m\u00e3 s\u1ea3n ph\u1ea9m c\u0169ng nh\u01b0 ki\u1ec3u d\u00e1ng phong ph\u00fa, k\u1ebft h\u1ee3p c\u00f9ng v\u1edbi nh\u1eefng thi\u1ebft k\u1ebf hi\u1ec7n \u0111\u1ea1i, \u0111\u1eb9p m\u1eaft. N\u1ed9i Th\u1ea5t \u0110\u00ecnh Chinh mang \u0111\u1ebfn cho b\u1ea1n nhi\u1ec1u s\u1ef1 l\u1ef1a ch\u1ecdn v\u1ec1 s\u1ea3n ph\u1ea9m b\u1ed9 b\u00e0n gh\u1ebf \u0103n. \u0110em \u0111\u1ebfn cho s\u1ea3n nh\u1eefng s\u1ea3n ph\u1ea9m \u01b0ng \u00fd nh\u1ea5t, ph\u00f9 h\u1ee3p nh\u1ea5t v\u1edbi kh\u00f4ng gian ph\u00f2ng b\u1ebfp gia \u0111\u00ecnh.<\/p>\n<figure id=\"attachment_1817\" aria-describedby=\"caption-attachment-1817\" style=\"width: 700px\" class=\"wp-caption aligncenter\"><img decoding=\"async\" loading=\"lazy\" class=\"wp-image-1817 size-full\" src=\"https:\/\/noithatdinhchinh.vn\/wp-content\/uploads\/2020\/08\/bo-ban-an-go-tu-nhien.jpg\" alt=\"B\u1ed9 B\u00e0n \u0102n G\u1ed7 T\u1ef1 Nhi\u00ean\" width=\"700\" height=\"525\" srcset=\"https:\/\/noithatdinhchinh.vn\/wp-content\/uploads\/2020\/08\/bo-ban-an-go-tu-nhien.jpg 700w, https:\/\/noithatdinhchinh.vn\/wp-content\/uploads\/2020\/08\/bo-ban-an-go-tu-nhien-600x450.jpg 600w, https:\/\/noithatdinhchinh.vn\/wp-content\/uploads\/2020\/08\/bo-ban-an-go-tu-nhien-533x400.jpg 533w\" sizes=\"(max-width: 700px) 100vw, 700px\" \/><figcaption id=\"caption-attachment-1817\" class=\"wp-caption-text\">B\u1ed9 B\u00e0n \u0102n G\u1ed7 T\u1ef1 Nhi\u00ean<\/figcaption><\/figure>\n<h2 style=\"text-align: center;\"><span style=\"color: #000080;\">\u01afU \u0110I\u1ec2M N\u1ed4I B\u1eacT C\u1ee6A B\u1ed8 B\u00c0N \u0102N G\u1ed6 T\u1ef0 NHI\u00caN<\/span><\/h2>\n<h3><em><span style=\"color: #008000;\">B\u00e0n gh\u1ebf \u0103n g\u1ed7 t\u1ef1 nhi\u00ean c\u00f3 \u0111\u1ed9 b\u1ec1n cao, ch\u1eafc ch\u1eafn.<\/span><\/em><\/h3>\n<p>G\u1ed7 t\u1ef1 nhi\u00ean l\u00e0 ch\u1ea5t li\u1ec7u r\u1ea5t \u0111\u01b0\u1ee3c \u01b0a chu\u1ed9ng v\u00e0 c\u00f3 gi\u00e1 tr\u1ecb cao trong l\u0129nh v\u1ef1c n\u1ed9i th\u1ea5t. C\u00e1c lo\u1ea1i g\u1ed7 t\u1ef1 nhi\u00ean th\u01b0\u1eddng \u0111\u01b0\u1ee3c s\u1eed d\u1ee5ng l\u00e0m n\u1ed9i th\u1ea5t nh\u01b0 g\u1ed7 lim, g\u1ed7 s\u1ed3i, g\u1ed7 \u0111\u1ecf,&#8230;Nh\u1eefng b\u1ed9 b\u00e0n gh\u1ebf \u0103n c\u00f3 \u0111\u01b0\u1ee3c s\u1ef1 ch\u1eafc ch\u1eafn v\u00e0 \u0111\u1ed9 b\u1ec1n theo th\u1eddi gian. S\u1ea3n ph\u1ea9m s\u1eed d\u1ee5ng c\u00e0ng l\u00e2u th\u00ec m\u00e0u s\u1eafc s\u1ea3n ph\u1ea9m c\u00e0ng b\u00f3ng \u0111\u1eb9p h\u01a1n.<\/p>\n<p>\u01afu \u0111i\u1ec3m n\u1ed5i b\u1eadt c\u1ee7a s\u1ea3n ph\u1ea9m l\u00e0m t\u1eeb g\u1ed7 t\u1ef1 nhi\u00ean l\u00e0 ch\u00fang r\u1ea5t b\u1ec1n v\u1edbi n\u01b0\u1edbc. V\u00ec v\u1eady m\u00e0 b\u00e0n \u0103n s\u1eed d\u1ee5ng g\u1ed7 t\u1ef1 nhi\u00ean s\u1ebd b\u1ec1n h\u01a1n so v\u1edbi c\u00e1c ch\u1ea5t li\u1ec7u kh\u00e1c b\u1edfi b\u00e0n \u0103n l\u00e0 n\u01a1i c\u00f3 ti\u1ebfp x\u00fac nhi\u1ec1u v\u1edbi n\u01b0\u1edbc.<\/p>\n<h3><span style=\"color: #008000;\"><em>B\u1ed9 b\u00e0n \u0103n b\u1eb1ng g\u1ed7 mang \u0111\u1ebfn v\u1ebb \u0111\u1eb9p t\u1ef1 nhi\u00ean, m\u1ed9c m\u1ea1c, m\u00e0u s\u1eafc trang nh\u00e3.<\/em><\/span><\/h3>\n<p>V\u1ebb \u0111\u1eb9p m\u1ed9c m\u1ea1c l\u00e0 m\u1ed9t n\u00e9t \u0111\u1eb7c tr\u01b0ng c\u1ee7a c\u00e1c b\u1ed9 b\u00e0n \u0103n \u0111\u01b0\u1ee3c l\u00e0m t\u1eeb g\u1ed7 t\u1ef1 nhi\u00ean.\u00a0 B\u1edfi ch\u00fang c\u00f3 c\u00e1c v\u00e2n g\u1ed7 v\u00e0 v\u1edbi c\u00e1c lo\u1ea1i g\u1ed7 kh\u00e1c nhau th\u00ec v\u00e2n g\u1ed7 c\u0169ng kh\u00f4ng gi\u1ed1ng nhau. T\u00f9y theo s\u1edf th\u00edch, th\u1ea9m m\u1ef9 c\u1ee7a gia ch\u1ee7 m\u00e0 c\u00f3 th\u1ec3 ch\u1ecdn lo\u1ea1i g\u1ed7, v\u00e2n g\u1ed7 ph\u00f9 h\u1ee3p.<\/p>\n<p>M\u00e0u s\u1eafc c\u1ee7a g\u1ed7 t\u1ef1 nhi\u00ean l\u00e0 nh\u1eefng gam m\u00e0u tr\u1ea7m nh\u01b0 v\u00e0ng n\u00e2u, n\u00e2u \u0111\u1eadm,.. \u0110\u00e2y l\u00e0 nh\u1eefng gam m\u00e0u mang \u0111\u1ebfn cho ch\u00fang ta s\u1ef1 \u1ea5m c\u00fang, v\u00e0 \u0111\u1eb7c bi\u1ec7t l\u00e0 r\u1ea5t sang tr\u1ecdng.<\/p>\n<h3><em><span style=\"color: #008000;\">B\u1ed9 b\u00e0n \u0103n g\u1ed7 gi\u00e1 r\u1ebb ki\u1ec3u d\u00e1ng hi\u1ec7n \u0111\u1ea1i, b\u1eaft m\u1eaft, mang t\u00ednh th\u1ea9m m\u1ef9 cao.<\/span><\/em><\/h3>\n<p>X\u00e3 h\u1ed9i ng\u00e0y s\u00e0ng ph\u00e1t tri\u1ec3n, \u0111i k\u00e8m v\u1edbi \u0111\u00f3 l\u00e0 s\u1ef1 s\u00e1ng t\u1ea1o v\u00e0 ph\u00e1t tri\u1ec3n kh\u00f4ng ng\u1eebng. Do \u0111\u00f3 m\u00e0 s\u1ea3n ph\u1ea9m b\u1ed9 b\u00e0n \u0103n c\u00e0ng ng\u00e0y c\u00e0ng c\u00f3 nh\u1eefng thi\u1ebft k\u1ebf m\u1edbi l\u1ea1, \u0111\u1eb9p m\u1eaft. Ph\u00f9 h\u1ee3p v\u1edbi m\u1ecdi kh\u00f4ng gian ph\u00f2ng b\u1ebfp d\u00f9 nh\u1ecf hay l\u1edbn.<\/p>\n<p>C\u00e1c s\u1ea3n ph\u1ea9m b\u00e0n, gh\u1ebf \u0111\u01b0\u1ee3c l\u00e0m t\u1eeb g\u1ed7 t\u1ef1 nhi\u00ean hi\u1ec7n nay kh\u00f4ng h\u1ec1 b\u1ecb b\u00f3 h\u1eb9p \u1edf c\u00e1c m\u1eabu thi\u1ebft k\u1ebf \u0111\u01a1n gi\u1ea3n, r\u1eadp khu\u00f4n nh\u01b0 x\u01b0a. M\u00e0 n\u00f3 \u0111\u00e3 \u0111\u01b0\u1ee3c ph\u00e1t tri\u1ec3n v\u1edbi nhi\u1ec1u ki\u1ec3u d\u00e1ng hi\u1ec7n \u0111\u1ea1i, kh\u00f4ng k\u00e9m g\u00ec so c\u00e1c s\u1ea3n ph\u1ea9m \u0111\u01b0\u1ee3c l\u00e0m t\u1eeb g\u1ed7 c\u00f4ng nghi\u1ec7p. Nh\u1eefng ki\u1ec3u d\u00e1ng t\u1eeb c\u1ed5 \u0111i\u1ec3n \u0111\u1ebfn hi\u1ec7n \u0111\u1ea1i, chi ti\u1ebft, hoa v\u0103n c\u0169ng tinh t\u1ebf v\u00e0 \u0111\u1ed9c \u0111\u00e1o h\u01a1n. G\u00e2y \u1ea5n t\u01b0\u1ee3ng m\u1ea1nh ngay t\u1eeb c\u00e1i nh\u00ecn \u0111\u1ea7u ti\u00ean.<\/p>\n<h2 style=\"text-align: center;\"><span style=\"color: #000080;\">L\u00dd DO N\u00caN CH\u1eccN N\u1ed8I TH\u1ea4T \u0110\u00ccNH CHINH L\u00c0M B\u1ed8 B\u00c0N \u0102N<\/span><\/h2>\n<ul>\n<li class=\"bullet-checkmark\">N\u00f3i\u00a0<b>KH\u00d4NG<\/b>\u00a0v\u1edbi h\u00e0ng k\u00e9m ch\u1ea5t l\u01b0\u1ee3ng.<\/li>\n<li class=\"bullet-checkmark\"><strong>Gi\u00e1 g\u1ed1c<\/strong>\u00a0t\u1ea1i X\u01b0\u1edfng kh\u00f4ng qua trung gian. Gi\u00e1 lu\u00f4n r\u1ebb nh\u1ea5t th\u1ecb tr\u01b0\u1eddng<\/li>\n<li class=\"bullet-checkmark\">\u0110a d\u1ea1ng m\u1eabu m\u00e3, ch\u1ee7ng lo\u1ea1i<\/li>\n<li class=\"bullet-checkmark\">S\u1ea3n xu\u1ea5t v\u00e0 thi c\u00f4ng theo y\u00eau c\u1ea7u c\u1ee7a kh\u00e1ch.<\/li>\n<li class=\"bullet-checkmark\">Kh\u00e1ch c\u00f3 th\u1ec3 xem \u1ea3nh, video qu\u00e1 tr\u00ecnh s\u1ea3n xu\u1ea5t t\u1ea1i x\u01b0\u1edfng.<\/li>\n<li class=\"bullet-checkmark\">100% s\u1ea3n ph\u1ea9m \u0111\u01b0\u1ee3c l\u00e0m b\u1eb1ng\u00a0<strong>g\u1ed7 t\u1ef1 nhi\u00ean<\/strong>\u00a0\u0111\u00e3 qua t\u1ea9m s\u1ea5y, ch\u1ed1ng cong v\u00eanh, m\u1ed1i m\u1ecdt.<\/li>\n<li class=\"bullet-checkmark\">Nh\u1eadn \u0111\u1eb7t h\u00e0ng theo y\u00eau c\u1ea7u. \u0110\u1ea3m b\u1ea3o g\u1ed7 t\u1ed1t, g\u1ed7 th\u1eadt 100%. Ho\u00e0n thi\u1ec7n t\u1ec9 m\u1ec9, \u0111\u1eb9p kh\u00f4ng th\u1ec3 ch\u00ea.<\/li>\n<li class=\"bullet-checkmark\">Giao h\u00e0ng v\u00e0 thanh to\u00e1n t\u1eadn nh\u00e0 tr\u00ean to\u00e0n qu\u1ed1c.<\/li>\n<\/ul>\n<p>N\u1ed9i Th\u1ea5t \u0110\u00ecnh Chinh chuy\u00ean cung c\u1ea5p \u0111\u1ed3 n\u1ed9i th\u1ea5t g\u1ed7: ph\u00f2ng kh\u00e1ch, ph\u00f2ng ng\u1ee7, ph\u00f2ng b\u1ebfp, qu\u00e1n c\u00e0 ph\u00ea, v\u0103n ph\u00f2ng.. V\u1edbi \u0111a d\u1ea1ng c\u00e1c s\u1ea3n ph\u1ea9m, phong ph\u00fa v\u1ec1 ki\u1ec3u d\u00e1ng, thi\u1ebft k\u1ebf cho b\u1ea1n tho\u1ea3i m\u00e1i l\u1ef1a ch\u1ecdn.<\/p>\n<p><span style=\"color: #000080;\"><strong><em>Li\u00ean h\u1ec7 tr\u1ef1c ti\u1ebfp \u0111\u1ec3 \u0111\u01b0\u1ee3c t\u01b0 v\u1ea5n v\u00e0 nh\u1eadn m\u1ee9c gi\u00e1 \u01b0u \u0111\u00e3i:\u00a0<\/em><\/strong><\/span><\/p>\n<p><span style=\"color: #ff0000;\"><strong><em>Hotline:\u00a00785.961.489<\/em><\/strong><\/span><\/p>\n","protected":false},"excerpt":{"rendered":"<p>B\u1ed9 b\u00e0n \u0103n b\u1eb1ng ch\u1ea5t li\u1ec7u g\u1ed7 t\u1ef1 nhi\u00ean nh\u01b0 g\u1ed7 s\u1ed3i, g\u1ed7 g\u1ee5, g\u1ed7 \u0111\u1ecf, g\u1ed7 h\u01b0\u01a1ng,&#8230;Thi\u1ebft k\u1ebf theo y\u00eau c\u1ea7u, mang \u0111\u1ebfn cho kh\u00e1ch h\u00e0ng nh\u1eefng m\u1eabu b\u00e0n gh\u1ebf \u0103n v\u1edbi ki\u1ec3u d\u00e1ng hi\u1ec7n \u0111\u1ea1i, sang tr\u1ecdng. Thi\u1ebft k\u1ebf \u0111\u1eb9p m\u1eaft, phong c\u00e1ch \u0111a d\u1ea1ng nh\u01b0: c\u1ed5 \u0111i\u1ec3n, t\u00e2n c\u1ed5 \u0111i\u1ec3n hay hi\u1ec7n \u0111\u1ea1i,..\u0110em l\u1ea1i s\u1ef1 \u1ea5m c\u00fang, ti\u1ec7n t\u00edch, cho kh\u00f4ng gian ph\u00f2ng b\u1ebfp gia \u0111\u00ecnh b\u1ea1n.<\/p>\n<div role=\"form\" class=\"wpcf7\" id=\"wpcf7-f10-o1\" lang=\"en-US\" dir=\"ltr\">\n<div class=\"screen-reader-response\" role=\"alert\" aria-live=\"polite\"><\/div>\n<form action=\"\/index.php?rest_route=%2Fwp%2Fv2%2Fproduct%2F1782#wpcf7-f10-o1\" method=\"post\" class=\"wpcf7-form init\" novalidate=\"novalidate\">\n<div style=\"display: none;\">\n<input type=\"hidden\" name=\"_wpcf7\" value=\"10\" \/>\n<input type=\"hidden\" name=\"_wpcf7_version\" value=\"5.2.2\" \/>\n<input type=\"hidden\" name=\"_wpcf7_locale\" value=\"en_US\" \/>\n<input type=\"hidden\" name=\"_wpcf7_unit_tag\" value=\"wpcf7-f10-o1\" \/>\n<input type=\"hidden\" name=\"_wpcf7_container_post\" value=\"0\" \/>\n<input type=\"hidden\" name=\"_wpcf7_posted_data_hash\" value=\"\" \/>\n<\/div>\n<p><span style=\"font-size: 160%; color: #ed1c24;\">Y\u00caU C\u1ea6U T\u01af V\u1ea4N<\/span><\/p>\n<p>Ch\u00fang t\u00f4i s\u1ebd li\u00ean h\u1ec7 l\u1ea1i ngay khi nh\u1eadn \u0111\u01b0\u1ee3c y\u00eau c\u1ea7u c\u1ee7a qu\u00fd kh\u00e1ch!<\/p>\n<hr>\n<span class=\"wpcf7-form-control-wrap hoten\"><input type=\"text\" name=\"hoten\" value=\"\" size=\"40\" class=\"wpcf7-form-control wpcf7-text wpcf7-validates-as-required\" aria-required=\"true\" aria-invalid=\"false\" placeholder=\"H\u1ecd v\u00e0 t\u00ean\" \/><\/span><br \/>\n<span class=\"wpcf7-form-control-wrap email\"><input type=\"email\" name=\"email\" value=\"\" size=\"40\" class=\"wpcf7-form-control wpcf7-text wpcf7-email wpcf7-validates-as-email\" aria-invalid=\"false\" placeholder=\"Email c\u1ee7a b\u1ea1n\" \/><\/span><br \/>\n<span class=\"wpcf7-form-control-wrap sdt\"><input type=\"tel\" name=\"sdt\" value=\"\" size=\"40\" class=\"wpcf7-form-control wpcf7-text wpcf7-tel wpcf7-validates-as-required wpcf7-validates-as-tel\" aria-required=\"true\" aria-invalid=\"false\" placeholder=\"S\u1ed1 \u0111i\u1ec7n tho\u1ea1i c\u1ee7a b\u1ea1n\" \/><\/span><br \/>\n<input type=\"submit\" value=\"G\u1ecdi L\u1ea1i Ngay\" class=\"wpcf7-form-control wpcf7-submit\" \/><br \/>\n<span class=\"wpcf7-form-control-wrap sanpham\"><input type=\"hidden\" name=\"sanpham\" value=\"B\u1ed9 B\u00e0n \u0102n M\u1eabu 1\" size=\"40\" class=\"wpcf7-form-control wpcf7dtx-dynamictext wpcf7-dynamichidden\" aria-invalid=\"false\" \/><\/span><\/p>\n<div class=\"wpcf7-response-output\" role=\"alert\" aria-hidden=\"true\"><\/div><\/form><\/div>\n","protected":false},"featured_media":1817,"template":"","meta":[],"yoast_head":"<!-- This site is optimized with the Yoast SEO plugin v15.0 - https:\/\/yoast.com\/wordpress\/plugins\/seo\/ -->\n<title>B\u1ed9 B\u00e0n \u0102n G\u1ed7 T\u1ef1 Nhi\u00ean - M\u1eabu B\u00e0n \u0102n G\u1ed7 \u0110\u1eb9p - Sang Tr\u1ecdng - Cao C\u1ea5p<\/title>\n<meta name=\"description\" content=\"B\u1ed9 b\u00e0n \u0103n ch\u1ea5t li\u1ec7u g\u1ed7 t\u1ef1 nhi\u00ean cao c\u1ea5p, m\u00e0u s\u1eafc trang nh\u00e3, ki\u1ec3u d\u00e1ng \u0111\u1eb9p m\u1eaft, thi\u1ebft k\u1ebf theo y\u00eau c\u1ea7u v\u1edbi nh\u1eefng phong c\u00e1ch t\u1eeb c\u1ed5 \u0111i\u1ec3n \u0111\u1ebfn hi\u1ec7n \u0111\u1ea1i.\" \/>\n<meta name=\"robots\" content=\"index, follow, max-snippet:-1, max-image-preview:large, max-video-preview:-1\" \/>\n<link rel=\"canonical\" href=\"https:\/\/noithatdinhchinh.vn\/?product=1782\" \/>\n<meta property=\"og:locale\" content=\"vi_VN\" \/>\n<meta property=\"og:type\" content=\"article\" \/>\n<meta property=\"og:title\" content=\"B\u1ed9 B\u00e0n \u0102n G\u1ed7 T\u1ef1 Nhi\u00ean - M\u1eabu B\u00e0n \u0102n G\u1ed7 \u0110\u1eb9p - Sang Tr\u1ecdng - Cao C\u1ea5p\" \/>\n<meta property=\"og:description\" content=\"B\u1ed9 b\u00e0n \u0103n ch\u1ea5t li\u1ec7u g\u1ed7 t\u1ef1 nhi\u00ean cao c\u1ea5p, m\u00e0u s\u1eafc trang nh\u00e3, ki\u1ec3u d\u00e1ng \u0111\u1eb9p m\u1eaft, thi\u1ebft k\u1ebf theo y\u00eau c\u1ea7u v\u1edbi nh\u1eefng phong c\u00e1ch t\u1eeb c\u1ed5 \u0111i\u1ec3n \u0111\u1ebfn hi\u1ec7n \u0111\u1ea1i.\" \/>\n<meta property=\"og:url\" content=\"https:\/\/noithatdinhchinh.vn\/?product=1782\" \/>\n<meta property=\"og:site_name\" content=\"noithatdinhchinh\" \/>\n<meta property=\"article:modified_time\" content=\"2020-08-19T21:30:52+00:00\" \/>\n<meta property=\"og:image\" content=\"https:\/\/noithatdinhchinh.vn\/wp-content\/uploads\/2020\/08\/bo-ban-an-go-tu-nhien.jpg\" \/>\n\t<meta property=\"og:image:width\" content=\"700\" \/>\n\t<meta property=\"og:image:height\" content=\"525\" \/>\n<meta name=\"twitter:card\" content=\"summary_large_image\" \/>\n<script type=\"application\/ld+json\" class=\"yoast-schema-graph\">{\"@context\":\"https:\/\/schema.org\",\"@graph\":[{\"@type\":\"WebSite\",\"@id\":\"https:\/\/noithatdinhchinh.vn\/#website\",\"url\":\"https:\/\/noithatdinhchinh.vn\/\",\"name\":\"noithatdinhchinh\",\"description\":\"\",\"potentialAction\":[{\"@type\":\"SearchAction\",\"target\":\"https:\/\/noithatdinhchinh.vn\/?s={search_term_string}\",\"query-input\":\"required name=search_term_string\"}],\"inLanguage\":\"vi\"},{\"@type\":\"ImageObject\",\"@id\":\"https:\/\/noithatdinhchinh.vn\/?product=1782#primaryimage\",\"inLanguage\":\"vi\",\"url\":\"https:\/\/noithatdinhchinh.vn\/wp-content\/uploads\/2020\/08\/bo-ban-an-go-tu-nhien.jpg\",\"width\":700,\"height\":525,\"caption\":\"B\\u1ed9 B\\u00e0n \\u0102n G\\u1ed7 T\\u1ef1 Nhi\\u00ean\"},{\"@type\":\"WebPage\",\"@id\":\"https:\/\/noithatdinhchinh.vn\/?product=1782#webpage\",\"url\":\"https:\/\/noithatdinhchinh.vn\/?product=1782\",\"name\":\"B\\u1ed9 B\\u00e0n \\u0102n G\\u1ed7 T\\u1ef1 Nhi\\u00ean - M\\u1eabu B\\u00e0n \\u0102n G\\u1ed7 \\u0110\\u1eb9p - Sang Tr\\u1ecdng - Cao C\\u1ea5p\",\"isPartOf\":{\"@id\":\"https:\/\/noithatdinhchinh.vn\/#website\"},\"primaryImageOfPage\":{\"@id\":\"https:\/\/noithatdinhchinh.vn\/?product=1782#primaryimage\"},\"datePublished\":\"2020-08-19T16:53:11+00:00\",\"dateModified\":\"2020-08-19T21:30:52+00:00\",\"description\":\"B\\u1ed9 b\\u00e0n \\u0103n ch\\u1ea5t li\\u1ec7u g\\u1ed7 t\\u1ef1 nhi\\u00ean cao c\\u1ea5p, m\\u00e0u s\\u1eafc trang nh\\u00e3, ki\\u1ec3u d\\u00e1ng \\u0111\\u1eb9p m\\u1eaft, thi\\u1ebft k\\u1ebf theo y\\u00eau c\\u1ea7u v\\u1edbi nh\\u1eefng phong c\\u00e1ch t\\u1eeb c\\u1ed5 \\u0111i\\u1ec3n \\u0111\\u1ebfn hi\\u1ec7n \\u0111\\u1ea1i.\",\"inLanguage\":\"vi\",\"potentialAction\":[{\"@type\":\"ReadAction\",\"target\":[\"https:\/\/noithatdinhchinh.vn\/?product=1782\"]}]}]}<\/script>\n<!-- \/ Yoast SEO plugin. -->","_links":{"self":[{"href":"https:\/\/noithatdinhchinh.vn\/index.php?rest_route=\/wp\/v2\/product\/1782"}],"collection":[{"href":"https:\/\/noithatdinhchinh.vn\/index.php?rest_route=\/wp\/v2\/product"}],"about":[{"href":"https:\/\/noithatdinhchinh.vn\/index.php?rest_route=\/wp\/v2\/types\/product"}],"wp:featuredmedia":[{"embeddable":true,"href":"https:\/\/noithatdinhchinh.vn\/index.php?rest_route=\/wp\/v2\/media\/1817"}],"wp:attachment":[{"href":"https:\/\/noithatdinhchinh.vn\/index.php?rest_route=%2Fwp%2Fv2%2Fmedia&parent=1782"}],"curies":[{"name":"wp","href":"https:\/\/api.w.org\/{rel}","templated":true}]}}