{"id":1730,"date":"2020-08-18T00:59:03","date_gmt":"2020-08-17T17:59:03","guid":{"rendered":"https:\/\/noithatdinhchinh.vn\/?post_type=product&#038;p=1730"},"modified":"2020-08-19T22:05:19","modified_gmt":"2020-08-19T15:05:19","slug":"tu-quan-ao-mau-1","status":"publish","type":"product","link":"https:\/\/noithatdinhchinh.vn\/?product=tu-quan-ao-mau-1","title":{"rendered":"T\u1ee7 Qu\u1ea7n \u00c1o M\u1eabu 1"},"content":{"rendered":"<div class=\"clearfix\">\n<div>\n<div class=\"clearfix\">\n<h2 style=\"text-align: center;\"><span style=\"color: #ff0000;\">T\u1ee6 QU\u1ea6N \u00c1O G\u1ed6 T\u1ef0 NHI\u00caN &#8211; M\u1eaaU T\u1ee6 G\u1ed6 HI\u1ec6N \u0110\u1ea0I &#8211; \u0110\u1eb8P M\u1eaeT &#8211; SANG TR\u1eccNG<\/span><\/h2>\n<div class=\"hometext m-bottom\">\n<p>T\u1ee7 qu\u1ea7n \u00e1o g\u1ed7 t\u1ef1 nhi\u00ean ng\u00e0y nay \u0111\u01b0\u1ee3c r\u1ea5t nhi\u1ec1u gia \u0111\u00ecnh \u01b0a chu\u1ed9ng b\u1edfi n\u00f3 \u0111em l\u1ea1i gi\u00e1 tr\u1ecb s\u1eed d\u1ee5ng cao. Mang l\u1ea1i v\u1ebb \u0111\u1eb9p qu\u00fd ph\u00e1i, sang tr\u1ecdng cho c\u0103n ph\u00f2ng ng\u1ee7 c\u1ee7a gia ch\u1ee7.<\/p>\n<figure id=\"attachment_1737\" aria-describedby=\"caption-attachment-1737\" style=\"width: 720px\" class=\"wp-caption aligncenter\"><img decoding=\"async\" loading=\"lazy\" class=\"wp-image-1737 size-full\" src=\"https:\/\/noithatdinhchinh.vn\/wp-content\/uploads\/2020\/08\/tu-dung-quan-cao-bang-go-gia-re.jpg\" alt=\"T\u1ee7 \u0110\u1ef1ng Qu\u1ea7n \u00c1o B\u1eb1ng G\u1ed7 Gi\u00e1 R\u1ebb\" width=\"720\" height=\"716\" srcset=\"https:\/\/noithatdinhchinh.vn\/wp-content\/uploads\/2020\/08\/tu-dung-quan-cao-bang-go-gia-re.jpg 720w, https:\/\/noithatdinhchinh.vn\/wp-content\/uploads\/2020\/08\/tu-dung-quan-cao-bang-go-gia-re-100x100.jpg 100w, https:\/\/noithatdinhchinh.vn\/wp-content\/uploads\/2020\/08\/tu-dung-quan-cao-bang-go-gia-re-600x597.jpg 600w, https:\/\/noithatdinhchinh.vn\/wp-content\/uploads\/2020\/08\/tu-dung-quan-cao-bang-go-gia-re-402x400.jpg 402w\" sizes=\"(max-width: 720px) 100vw, 720px\" \/><figcaption id=\"caption-attachment-1737\" class=\"wp-caption-text\">T\u1ee7 \u0110\u1ef1ng Qu\u1ea7n \u00c1o B\u1eb1ng G\u1ed7 Gi\u00e1 R\u1ebb<\/figcaption><\/figure>\n<\/div>\n<div><\/div>\n<div>\n<p>N\u1ed9i Th\u1ea5t \u0110\u00ecnh Chinh chuy\u00ean s\u1ea3n xu\u1ea5t t\u1ee7 qu\u1ea7n \u00e1o \u0111\u01b0\u1ee3c l\u00e0m t\u1eeb g\u1ed7 t\u1ef1 nhi\u00ean ch\u1ea5t l\u01b0\u1ee3ng. V\u1edbi \u0111a d\u1ea1ng v\u1ec1 ki\u1ec3u d\u00e1ng, k\u00edch th\u01b0\u1edbc, m\u00e0u s\u1eafc. \u0110\u1ea3m b\u1ea3o mang \u0111\u1ebfn cho b\u1ea1n s\u1ea3n ph\u1ea9m \u01b0ng \u00fd nh\u1ea5t.<\/p>\n<figure id=\"attachment_1742\" aria-describedby=\"caption-attachment-1742\" style=\"width: 800px\" class=\"wp-caption aligncenter\"><img decoding=\"async\" loading=\"lazy\" class=\"wp-image-1742 size-full\" src=\"https:\/\/noithatdinhchinh.vn\/wp-content\/uploads\/2020\/08\/xuong-san-xuat-do-go-uy-tin.jpg\" alt=\"X\u01b0\u1edfng S\u1ea3n Xu\u1ea5t \u0110\u1ed3 G\u1ed7 Uy T\u00edn\" width=\"800\" height=\"800\" srcset=\"https:\/\/noithatdinhchinh.vn\/wp-content\/uploads\/2020\/08\/xuong-san-xuat-do-go-uy-tin.jpg 800w, https:\/\/noithatdinhchinh.vn\/wp-content\/uploads\/2020\/08\/xuong-san-xuat-do-go-uy-tin-300x300.jpg 300w, https:\/\/noithatdinhchinh.vn\/wp-content\/uploads\/2020\/08\/xuong-san-xuat-do-go-uy-tin-100x100.jpg 100w, https:\/\/noithatdinhchinh.vn\/wp-content\/uploads\/2020\/08\/xuong-san-xuat-do-go-uy-tin-600x600.jpg 600w, https:\/\/noithatdinhchinh.vn\/wp-content\/uploads\/2020\/08\/xuong-san-xuat-do-go-uy-tin-400x400.jpg 400w, https:\/\/noithatdinhchinh.vn\/wp-content\/uploads\/2020\/08\/xuong-san-xuat-do-go-uy-tin-280x280.jpg 280w, https:\/\/noithatdinhchinh.vn\/wp-content\/uploads\/2020\/08\/xuong-san-xuat-do-go-uy-tin-768x768.jpg 768w\" sizes=\"(max-width: 800px) 100vw, 800px\" \/><figcaption id=\"caption-attachment-1742\" class=\"wp-caption-text\">X\u01b0\u1edfng S\u1ea3n Xu\u1ea5t \u0110\u1ed3 G\u1ed7 Uy T\u00edn<\/figcaption><\/figure>\n<\/div>\n<h2 style=\"text-align: center;\"><span style=\"color: #008000;\">\u01afU \u0110I\u1ec2M C\u1ee6A S\u1ea2N PH\u1ea8M T\u1ee6 QU\u1ea6N \u00c1O G\u1ed6 T\u1ef0 NHI\u00caN<\/span><\/h2>\n<\/div>\n<div id=\"news-bodyhtml\" class=\"bodytext margin-bottom-lg\">\n<h3><span style=\"color: #000080;\"><em>T\u1ee7 qu\u1ea7n \u00e1o thi\u1ebft k\u1ebf theo y\u00eau c\u1ea7u v\u1edbi ch\u1ea5t li\u1ec7u 100% g\u1ed7 t\u1ef1 nhi\u00ean b\u1ec1n, \u0111\u1eb9p, ch\u1ed1ng m\u1ed1i m\u1ecdt.<\/em><\/span><\/h3>\n<p>Ch\u1ea5t li\u1ec7u g\u1ed7 t\u1ef1 nhi\u00ean th\u01b0\u1eddng \u0111\u01b0\u1ee3c l\u00e0m t\u1ee7 nh\u01b0: g\u1ed7 g\u1ee5, g\u1ed7 s\u1ed3i, g\u1ed7 \u0111\u1ecf,..v\u1edbi nh\u1eefng \u0111\u01b0\u1eddng v\u00e2n g\u1ed7 t\u1ef1 nhi\u00ean \u0111\u1eb9p m\u1eaft. \u0110\u1eb7c bi\u1ec7t ch\u1ed1ng m\u1ed1i m\u1ecdt, s\u1ea3n ph\u1ea9m c\u00f3 \u0111\u1ed9 b\u1ec1n cao. M\u00e0u s\u1eafc t\u1ef1 nhi\u00ean v\u00e0 v\u00f4 c\u00f9ng sang tr\u1ecdng.<\/p>\n<figure id=\"attachment_1741\" aria-describedby=\"caption-attachment-1741\" style=\"width: 800px\" class=\"wp-caption aligncenter\"><img decoding=\"async\" loading=\"lazy\" class=\"wp-image-1741 size-full\" src=\"https:\/\/noithatdinhchinh.vn\/wp-content\/uploads\/2020\/08\/tu-quan-ao-go-tu-nhien.jpg\" alt=\"T\u1ee7 Qu\u1ea7n \u00c1o G\u1ed7 T\u1ef1 Nhi\u00ean\" width=\"800\" height=\"804\" srcset=\"https:\/\/noithatdinhchinh.vn\/wp-content\/uploads\/2020\/08\/tu-quan-ao-go-tu-nhien.jpg 800w, https:\/\/noithatdinhchinh.vn\/wp-content\/uploads\/2020\/08\/tu-quan-ao-go-tu-nhien-100x100.jpg 100w, https:\/\/noithatdinhchinh.vn\/wp-content\/uploads\/2020\/08\/tu-quan-ao-go-tu-nhien-600x603.jpg 600w, https:\/\/noithatdinhchinh.vn\/wp-content\/uploads\/2020\/08\/tu-quan-ao-go-tu-nhien-398x400.jpg 398w, https:\/\/noithatdinhchinh.vn\/wp-content\/uploads\/2020\/08\/tu-quan-ao-go-tu-nhien-796x800.jpg 796w, https:\/\/noithatdinhchinh.vn\/wp-content\/uploads\/2020\/08\/tu-quan-ao-go-tu-nhien-280x280.jpg 280w, https:\/\/noithatdinhchinh.vn\/wp-content\/uploads\/2020\/08\/tu-quan-ao-go-tu-nhien-768x772.jpg 768w\" sizes=\"(max-width: 800px) 100vw, 800px\" \/><figcaption id=\"caption-attachment-1741\" class=\"wp-caption-text\">T\u1ee7 Qu\u1ea7n \u00c1o G\u1ed7 T\u1ef1 Nhi\u00ean<\/figcaption><\/figure>\n<h3><span style=\"color: #000080;\"><em>T\u1ee7 qu\u1ea7n \u00e1o b\u1eb1ng g\u1ed7 ki\u1ec3u d\u00e1ng \u0111a d\u1ea1ng, thi\u1ebft k\u1ebf hi\u1ec7n \u0111\u1ea1i, ti\u1ec7n l\u1ee3i.<\/em><\/span><\/h3>\n<p>N\u1ed9i Th\u1ea5t \u0110\u00ecnh Chinh mang \u0111\u1ebfn cho b\u1ea1n nhi\u1ec1u s\u1ef1 l\u1ef1a ch\u1ecdn v\u1edb m\u1eabu t\u1ee7 qu\u1ea7n \u00e1o c\u00f3 ki\u1ec3u d\u00e1ng t\u1eeb c\u1ed5 \u0111i\u1ec3n \u0111\u1ebfn hi\u1ec7n \u0111\u1ea1i. Thi\u1ebft k\u1ebf v\u1edbi k\u00edch th\u01b0\u1edbc theo y\u00eau c\u1ea7u, ph\u00f9 h\u1ee3p v\u1edbi m\u1ecdi gia \u0111\u00ecnh. \u0110\u01b0\u1ee3c chia c\u00e1c ng\u0103n to nh\u1ecf, thu\u1eadn ti\u1ec7n cho vi\u1ec7c \u0111\u1ef1ng \u0111\u1ed3 c\u1ee7a gia \u0111\u00ecnh.<\/p>\n<figure id=\"attachment_1740\" aria-describedby=\"caption-attachment-1740\" style=\"width: 800px\" class=\"wp-caption aligncenter\"><img decoding=\"async\" loading=\"lazy\" class=\"wp-image-1740 size-full\" src=\"https:\/\/noithatdinhchinh.vn\/wp-content\/uploads\/2020\/08\/tu-quan-ao-go-gia-re.jpg\" alt=\"T\u1ee7 Qu\u1ea7n \u00c1o G\u1ed7 Gi\u00e1 R\u1ebb\" width=\"800\" height=\"1067\" srcset=\"https:\/\/noithatdinhchinh.vn\/wp-content\/uploads\/2020\/08\/tu-quan-ao-go-gia-re.jpg 800w, https:\/\/noithatdinhchinh.vn\/wp-content\/uploads\/2020\/08\/tu-quan-ao-go-gia-re-600x800.jpg 600w, https:\/\/noithatdinhchinh.vn\/wp-content\/uploads\/2020\/08\/tu-quan-ao-go-gia-re-300x400.jpg 300w, https:\/\/noithatdinhchinh.vn\/wp-content\/uploads\/2020\/08\/tu-quan-ao-go-gia-re-768x1024.jpg 768w\" sizes=\"(max-width: 800px) 100vw, 800px\" \/><figcaption id=\"caption-attachment-1740\" class=\"wp-caption-text\">T\u1ee7 Qu\u1ea7n \u00c1o G\u1ed7 Gi\u00e1 R\u1ebb<\/figcaption><\/figure>\n<p>T\u1ee7 qu\u1ea7n \u00e1o g\u1ed7 kh\u00f4ng ch\u1ec9 \u0111em \u0111\u1ebfn cho gia ch\u1ee7 m\u1ed9t kh\u00f4ng gian \u1ea5m c\u00fang m\u00e0 c\u00f2n \u0111em l\u1ea1i s\u1ef1 tho\u1ea3i m\u00e1i cho c\u00e1c th\u00e0nh vi\u00ean trong gia \u0111\u00ecnh.<\/p>\n<figure id=\"attachment_1739\" aria-describedby=\"caption-attachment-1739\" style=\"width: 720px\" class=\"wp-caption aligncenter\"><img decoding=\"async\" loading=\"lazy\" class=\"wp-image-1739 size-full\" src=\"https:\/\/noithatdinhchinh.vn\/wp-content\/uploads\/2020\/08\/tu-quan-ao-bang-go-cao-cap.jpg\" alt=\"T\u1ee7 Qu\u1ea7n \u00c1o B\u1eb1ng G\u1ed7 Cao C\u1ea5p\" width=\"720\" height=\"960\" srcset=\"https:\/\/noithatdinhchinh.vn\/wp-content\/uploads\/2020\/08\/tu-quan-ao-bang-go-cao-cap.jpg 720w, https:\/\/noithatdinhchinh.vn\/wp-content\/uploads\/2020\/08\/tu-quan-ao-bang-go-cao-cap-600x800.jpg 600w, https:\/\/noithatdinhchinh.vn\/wp-content\/uploads\/2020\/08\/tu-quan-ao-bang-go-cao-cap-300x400.jpg 300w\" sizes=\"(max-width: 720px) 100vw, 720px\" \/><figcaption id=\"caption-attachment-1739\" class=\"wp-caption-text\">T\u1ee7 Qu\u1ea7n \u00c1o B\u1eb1ng G\u1ed7 Cao C\u1ea5p<\/figcaption><\/figure>\n<h3><span style=\"color: #000080;\"><em>T\u1ee7 qu\u1ea7n \u00e1o g\u1ed7 gi\u00e1 r\u1ebb mang l\u1ea1i nhi\u1ec1u l\u1ee3i \u00edch cho ng\u01b0\u1eddi s\u1eed d\u1ee5ng.<\/em><\/span><\/h3>\n<h4><strong>T\u1ee7 qu\u1ea7n \u00e1o g\u1ed7 gi\u00fap cho vi\u1ec7c s\u1eafp x\u1ebfp \u0111\u1ed3 \u0111\u1ea1c c\u1ee7a gia \u0111\u00ecnh tr\u1edf n\u00ean g\u1ecdn g\u00e0ng h\u01a1n.<\/strong><\/h4>\n<p>C\u00e1c \u0111\u1ed3 d\u00f9ng, qu\u1ea7n \u00e1o c\u00e1 nh\u00e2n cho t\u1eebng ng\u01b0\u1eddi hay \u0111\u1ed3 d\u00f9ng chung c\u1ee7a c\u1ea3 gia \u0111\u00ecnh \u0111\u01b0\u1ee3c s\u1eafp x\u1ebfp ng\u0103n n\u1eafp trong c\u00e1c ng\u0103n t\u1ee7. Gi\u00fap cho vi\u1ec7c l\u1ef1a ch\u1ecdn qu\u1ea7n \u00e1o m\u1ed7i khi ra ngo\u00e0i, \u0111i l\u00e0m hay \u0111i ch\u01a1i kh\u00f4ng c\u00f2n m\u1ea5t nhi\u1ec1u nhi\u1ec1u th\u1eddi gian n\u1eefa.<\/p>\n<figure id=\"attachment_1738\" aria-describedby=\"caption-attachment-1738\" style=\"width: 720px\" class=\"wp-caption aligncenter\"><img decoding=\"async\" loading=\"lazy\" class=\"wp-image-1738 size-full\" src=\"https:\/\/noithatdinhchinh.vn\/wp-content\/uploads\/2020\/08\/tu-quan-ao-bang-go.jpg\" alt=\"T\u1ee7 Qu\u1ea7n \u00c1o B\u1eb1ng G\u1ed7\" width=\"720\" height=\"960\" srcset=\"https:\/\/noithatdinhchinh.vn\/wp-content\/uploads\/2020\/08\/tu-quan-ao-bang-go.jpg 720w, https:\/\/noithatdinhchinh.vn\/wp-content\/uploads\/2020\/08\/tu-quan-ao-bang-go-600x800.jpg 600w, https:\/\/noithatdinhchinh.vn\/wp-content\/uploads\/2020\/08\/tu-quan-ao-bang-go-300x400.jpg 300w\" sizes=\"(max-width: 720px) 100vw, 720px\" \/><figcaption id=\"caption-attachment-1738\" class=\"wp-caption-text\">T\u1ee7 Qu\u1ea7n \u00c1o B\u1eb1ng G\u1ed7<\/figcaption><\/figure>\n<h4><strong><span style=\"color: #282828;\">Chi\u1ebfc t\u1ee7 qu\u1ea7n \u00e1o l\u00e0m b\u1eb1ng g\u1ed7 t\u1ef1 nhi\u00ean gi\u00fap t\u0103ng th\u00eam gi\u00e1 tr\u1ecb th\u1ea9m m\u1ef9 cho c\u0103n ph\u00f2ng.<\/span><\/strong><\/h4>\n<p>B\u1ea5t k\u1ef3 m\u00f3n \u0111\u1ed3 n\u1ed9i th\u1ea5t n\u00e0o \u0111\u1ec1u g\u00f3p ph\u1ea7n l\u00e0m \u0111\u1eb9p cho kh\u00f4ng gian xung quanh n\u00f3. B\u00ean c\u1ea1nh c\u00f4ng d\u1ee5ng ph\u1ee5c v\u1ee5 nhu c\u1ea7u s\u1eed d\u1ee5ng c\u1ee7a c\u00e1c gia \u0111\u00ecnh trong cu\u1ed9c s\u1ed1ng h\u00e0ng ng\u00e0y. Nh\u1eefng m\u00f3n \u0111\u1ed3 n\u1ed9i th\u1ea5t \u0111\u01b0\u1ee3c coi l\u00e0 nh\u1eefng v\u1eadt trang tr\u00ed tuy\u1ec7t v\u1eddi nh\u1ea5t cho kh\u00f4ng gian trong ng\u00f4i nh\u00e0.<\/p>\n<figure id=\"attachment_1736\" aria-describedby=\"caption-attachment-1736\" style=\"width: 720px\" class=\"wp-caption aligncenter\"><img decoding=\"async\" loading=\"lazy\" class=\"wp-image-1736 size-full\" src=\"https:\/\/noithatdinhchinh.vn\/wp-content\/uploads\/2020\/08\/tu-dung-quan-ao-go-tu-nhien-dep.jpg\" alt=\"T\u1ee7 \u0110\u1ef1ng Qu\u1ea7n \u00c1o G\u1ed7 T\u1ef1 Nhi\u00ean \u0110\u1eb9p\" width=\"720\" height=\"801\" srcset=\"https:\/\/noithatdinhchinh.vn\/wp-content\/uploads\/2020\/08\/tu-dung-quan-ao-go-tu-nhien-dep.jpg 720w, https:\/\/noithatdinhchinh.vn\/wp-content\/uploads\/2020\/08\/tu-dung-quan-ao-go-tu-nhien-dep-600x668.jpg 600w, https:\/\/noithatdinhchinh.vn\/wp-content\/uploads\/2020\/08\/tu-dung-quan-ao-go-tu-nhien-dep-360x400.jpg 360w\" sizes=\"(max-width: 720px) 100vw, 720px\" \/><figcaption id=\"caption-attachment-1736\" class=\"wp-caption-text\">T\u1ee7 \u0110\u1ef1ng Qu\u1ea7n \u00c1o G\u1ed7 T\u1ef1 Nhi\u00ean \u0110\u1eb9p<\/figcaption><\/figure>\n<p><strong>T\u1ee7 qu\u1ea7n \u00e1o \u0111\u1eb9p th\u1ec3 hi\u1ec7n phong c\u00e1ch v\u00e0 gu th\u1ea9m m\u1ef9 c\u00e1 nh\u00e2n c\u1ee7a gia ch\u1ee7.<\/strong><\/p>\n<p>M\u00f3n \u0111\u1ed3 n\u1ed9i th\u1ea5t trong gia \u0111\u00ecnh kh\u00f4ng ch\u1ec9 \u0111\u1ec3 s\u1eed d\u1ee5ng m\u00e0 c\u00f2n ph\u1ea3i mang ch\u1ea5t ri\u00eang. M\u1ed9t chi\u1ebfc t\u1ee7 v\u1edbi ki\u1ec3u d\u00e1ng hi\u1ec7n \u0111\u1ea1i, \u0111\u01a1n gi\u1ea3n, m\u00e0u s\u1eafc sang tr\u1ecdng. Th\u1ec3 hi\u1ec7n con m\u1eaft th\u1ea9m m\u1ef9 v\u00f4 c\u00f9ng tinh t\u1ebf c\u1ee7a gia ch\u1ee7.<\/p>\n<figure id=\"attachment_1735\" aria-describedby=\"caption-attachment-1735\" style=\"width: 800px\" class=\"wp-caption aligncenter\"><img decoding=\"async\" loading=\"lazy\" class=\"wp-image-1735 size-full\" src=\"https:\/\/noithatdinhchinh.vn\/wp-content\/uploads\/2020\/08\/noi-that-go-dep-cho-gia-dinh.jpg\" alt=\"N\u1ed9i Th\u1ea5t G\u1ed7 \u0110\u1eb9p Cho Gia \u0110\u00ecnh\" width=\"800\" height=\"807\" srcset=\"https:\/\/noithatdinhchinh.vn\/wp-content\/uploads\/2020\/08\/noi-that-go-dep-cho-gia-dinh.jpg 800w, https:\/\/noithatdinhchinh.vn\/wp-content\/uploads\/2020\/08\/noi-that-go-dep-cho-gia-dinh-100x100.jpg 100w, https:\/\/noithatdinhchinh.vn\/wp-content\/uploads\/2020\/08\/noi-that-go-dep-cho-gia-dinh-600x605.jpg 600w, https:\/\/noithatdinhchinh.vn\/wp-content\/uploads\/2020\/08\/noi-that-go-dep-cho-gia-dinh-397x400.jpg 397w, https:\/\/noithatdinhchinh.vn\/wp-content\/uploads\/2020\/08\/noi-that-go-dep-cho-gia-dinh-793x800.jpg 793w, https:\/\/noithatdinhchinh.vn\/wp-content\/uploads\/2020\/08\/noi-that-go-dep-cho-gia-dinh-768x775.jpg 768w\" sizes=\"(max-width: 800px) 100vw, 800px\" \/><figcaption id=\"caption-attachment-1735\" class=\"wp-caption-text\">N\u1ed9i Th\u1ea5t G\u1ed7 \u0110\u1eb9p Cho Gia \u0110\u00ecnh<\/figcaption><\/figure>\n<p>Kh\u00f4ng c\u00f3 kh\u00f4ng gian n\u00e0o b\u1ed9c l\u1ed9 \u0111\u01b0\u1ee3c v\u1ebb \u0111\u1eb9p c\u1ee7a n\u00f3 n\u1ebfu thi\u1ebfu \u0111i nh\u1eefng m\u00f3n \u0111\u1ed3 n\u1ed9i th\u1ea5t ph\u00f9 h\u1ee3p, t\u00f4n vinh v\u1ebb \u0111\u1eb9p c\u1ee7a kh\u00f4ng gian. V\u00ec v\u1eady, N\u1ed9i Th\u1ea5t \u0110\u00ecnh Chinh lu\u00f4n c\u1ed1 g\u1eafng t\u00ecm ki\u1ebfm c\u00e1c phong c\u00e1ch m\u1edbi \u0111\u1ec3 \u0111\u00e1p \u1ee9ng \u0111\u01b0\u1ee3c y\u00eau c\u1ea7u c\u1ee7a ng\u01b0\u1eddi s\u1eed d\u1ee5ng.<\/p>\n<figure id=\"attachment_1733\" aria-describedby=\"caption-attachment-1733\" style=\"width: 800px\" class=\"wp-caption aligncenter\"><img decoding=\"async\" loading=\"lazy\" class=\"wp-image-1733 size-full\" src=\"https:\/\/noithatdinhchinh.vn\/wp-content\/uploads\/2020\/08\/cung-cap-do-go-uy-tin-tai-binh-duong.jpg\" alt=\"Cung C\u1ea5p \u0110\u1ed3 G\u1ed7 Uy T\u00edn T\u1ea1i B\u00ecnh D\u01b0\u01a1ng\" width=\"800\" height=\"800\" srcset=\"https:\/\/noithatdinhchinh.vn\/wp-content\/uploads\/2020\/08\/cung-cap-do-go-uy-tin-tai-binh-duong.jpg 800w, https:\/\/noithatdinhchinh.vn\/wp-content\/uploads\/2020\/08\/cung-cap-do-go-uy-tin-tai-binh-duong-300x300.jpg 300w, https:\/\/noithatdinhchinh.vn\/wp-content\/uploads\/2020\/08\/cung-cap-do-go-uy-tin-tai-binh-duong-100x100.jpg 100w, https:\/\/noithatdinhchinh.vn\/wp-content\/uploads\/2020\/08\/cung-cap-do-go-uy-tin-tai-binh-duong-600x600.jpg 600w, https:\/\/noithatdinhchinh.vn\/wp-content\/uploads\/2020\/08\/cung-cap-do-go-uy-tin-tai-binh-duong-400x400.jpg 400w, https:\/\/noithatdinhchinh.vn\/wp-content\/uploads\/2020\/08\/cung-cap-do-go-uy-tin-tai-binh-duong-280x280.jpg 280w, https:\/\/noithatdinhchinh.vn\/wp-content\/uploads\/2020\/08\/cung-cap-do-go-uy-tin-tai-binh-duong-768x768.jpg 768w\" sizes=\"(max-width: 800px) 100vw, 800px\" \/><figcaption id=\"caption-attachment-1733\" class=\"wp-caption-text\">Cung C\u1ea5p \u0110\u1ed3 G\u1ed7 Uy T\u00edn T\u1ea1i B\u00ecnh D\u01b0\u01a1ng<\/figcaption><\/figure>\n<\/div>\n<\/div>\n<\/div>\n<div id=\"news-bodyhtml\" class=\"bodytext margin-bottom-lg\">\n<h2 style=\"text-align: center;\"><span style=\"color: #008000;\">L\u00dd DO N\u00caN CH\u1eccN N\u1ed8I TH\u1ea4T \u0110\u00ccNH CHINH CUNG C\u1ea4P T\u1ee6 QU\u1ea6N \u00c1O G\u1ed6<\/span><\/h2>\n<ul>\n<li class=\"bullet-checkmark\">N\u00f3i\u00a0<b>KH\u00d4NG<\/b>\u00a0v\u1edbi h\u00e0ng k\u00e9m ch\u1ea5t l\u01b0\u1ee3ng.<\/li>\n<li class=\"bullet-checkmark\"><strong>Gi\u00e1 g\u1ed1c<\/strong>\u00a0t\u1ea1i X\u01b0\u1edfng kh\u00f4ng qua trung gian. Gi\u00e1 lu\u00f4n r\u1ebb nh\u1ea5t th\u1ecb tr\u01b0\u1eddng<\/li>\n<li class=\"bullet-checkmark\">\u0110a d\u1ea1ng m\u1eabu m\u00e3, ch\u1ee7ng lo\u1ea1i<\/li>\n<li class=\"bullet-checkmark\">S\u1ea3n xu\u1ea5t v\u00e0 thi c\u00f4ng theo y\u00eau c\u1ea7u c\u1ee7a kh\u00e1ch.<\/li>\n<li class=\"bullet-checkmark\">Kh\u00e1ch c\u00f3 th\u1ec3 xem \u1ea3nh, video qu\u00e1 tr\u00ecnh s\u1ea3n xu\u1ea5t t\u1ea1i x\u01b0\u1edfng.<\/li>\n<li class=\"bullet-checkmark\">100% s\u1ea3n ph\u1ea9m \u0111\u01b0\u1ee3c l\u00e0m b\u1eb1ng\u00a0<strong>g\u1ed7 t\u1ef1 nhi\u00ean<\/strong>\u00a0\u0111\u00e3 qua t\u1ea9m s\u1ea5y, ch\u1ed1ng cong v\u00eanh, m\u1ed1i m\u1ecdt.<\/li>\n<li class=\"bullet-checkmark\">Nh\u1eadn \u0111\u1eb7t h\u00e0ng theo y\u00eau c\u1ea7u. \u0110\u1ea3m b\u1ea3o g\u1ed7 t\u1ed1t, g\u1ed7 th\u1eadt 100%. Ho\u00e0n thi\u1ec7n t\u1ec9 m\u1ec9, \u0111\u1eb9p kh\u00f4ng th\u1ec3 ch\u00ea.<\/li>\n<li class=\"bullet-checkmark\">Giao h\u00e0ng v\u00e0 thanh to\u00e1n t\u1eadn nh\u00e0 tr\u00ean to\u00e0n qu\u1ed1c.<\/li>\n<\/ul>\n<p>N\u1ed9i Th\u1ea5t \u0110\u00ecnh Chinh chuy\u00ean cung c\u1ea5p \u0111\u1ed3 n\u1ed9i th\u1ea5t g\u1ed7: ph\u00f2ng kh\u00e1ch, ph\u00f2ng ng\u1ee7, ph\u00f2ng b\u1ebfp, qu\u00e1n c\u00e0 ph\u00ea, v\u0103n ph\u00f2ng.. V\u1edbi \u0111a d\u1ea1ng c\u00e1c s\u1ea3n ph\u1ea9m, phong ph\u00fa v\u1ec1 ki\u1ec3u d\u00e1ng, thi\u1ebft k\u1ebf cho b\u1ea1n tho\u1ea3i m\u00e1i l\u1ef1a ch\u1ecdn.<\/p>\n<p><span style=\"color: #000080;\"><strong><em>Li\u00ean h\u1ec7 tr\u1ef1c ti\u1ebfp \u0111\u1ec3 \u0111\u01b0\u1ee3c t\u01b0 v\u1ea5n v\u00e0 nh\u1eadn m\u1ee9c gi\u00e1 \u01b0u \u0111\u00e3i:\u00a0<\/em><\/strong><\/span><\/p>\n<p><span style=\"color: #ff0000;\"><strong><em>Hotline:\u00a00785.961.489<\/em><\/strong><\/span><\/p>\n<p>.<\/p>\n<\/div>\n","protected":false},"excerpt":{"rendered":"<p>Chuy\u00ean s\u1ea3n xu\u1ea5t t\u1ee7 qu\u1ea7n \u00e1o g\u1ed7 t\u1ef1 nhi\u00ean nh\u01b0 g\u1ed7 s\u1ed3i, g\u1ed7 g\u1ee5, g\u1ed7 \u0111\u1ecf, g\u1ed7 h\u01b0\u01a1ng,&#8230;mang \u0111\u1ebfn nh\u1eefng s\u1ea3n ph\u1ea9m v\u1edbi ki\u1ec3u d\u00e1ng hi\u1ec7n \u0111\u1ea1i, m\u00e0u s\u1eafc sang tr\u1ecdng, thi\u1ebft k\u1ebf \u0111\u1eb9p m\u1eaft. Mang phong c\u00e1ch \u0111a d\u1ea1ng nh\u01b0: c\u1ed5 \u0111i\u1ec3n, t\u00e2n c\u1ed5 \u0111i\u1ec3n hay hi\u1ec7n \u0111\u1ea1i,..\u0110em \u0111\u1ebfn s\u1ef1 ti\u1ec7n \u00edch, gi\u00fap gia \u0111\u00ecnh b\u1ea1n s\u1eafp x\u1ebfp \u0111\u1ed3 d\u00f9ng g\u1ecdn g\u00e0ng, ng\u0103n n\u1eafp v\u00e0 d\u1ec5 d\u00e0ng t\u00ecm ki\u1ebfm c\u0169ng nh\u01b0 c\u1ea5t \u0111\u1ed3.<\/p>\n<p>N\u1ed9i Th\u1ea5t \u0110\u00ecnh Chinh thi\u1ebft k\u1ebf t\u1ee7 g\u1ed7 \u0111\u1ef1ng qu\u1ea7n \u00e1o theo y\u00eau c\u1ea7u, mang \u0111\u1ebfn s\u1ea3n ph\u1ea9m t\u1ed1t nh\u1ea5t v\u1edbi m\u1ee9c gi\u00e1 ph\u1ea3i ch\u0103ng nh\u1ea5t cho kh\u00e1ch h\u00e0ng.<\/p>\n<div role=\"form\" class=\"wpcf7\" id=\"wpcf7-f10-o1\" lang=\"en-US\" dir=\"ltr\">\n<div class=\"screen-reader-response\" role=\"alert\" aria-live=\"polite\"><\/div>\n<form action=\"\/index.php?rest_route=%2Fwp%2Fv2%2Fproduct%2F1730#wpcf7-f10-o1\" method=\"post\" class=\"wpcf7-form init\" novalidate=\"novalidate\">\n<div style=\"display: none;\">\n<input type=\"hidden\" name=\"_wpcf7\" value=\"10\" \/>\n<input type=\"hidden\" name=\"_wpcf7_version\" value=\"5.2.2\" \/>\n<input type=\"hidden\" name=\"_wpcf7_locale\" value=\"en_US\" \/>\n<input type=\"hidden\" name=\"_wpcf7_unit_tag\" value=\"wpcf7-f10-o1\" \/>\n<input type=\"hidden\" name=\"_wpcf7_container_post\" value=\"0\" \/>\n<input type=\"hidden\" name=\"_wpcf7_posted_data_hash\" value=\"\" \/>\n<\/div>\n<p><span style=\"font-size: 160%; color: #ed1c24;\">Y\u00caU C\u1ea6U T\u01af V\u1ea4N<\/span><\/p>\n<p>Ch\u00fang t\u00f4i s\u1ebd li\u00ean h\u1ec7 l\u1ea1i ngay khi nh\u1eadn \u0111\u01b0\u1ee3c y\u00eau c\u1ea7u c\u1ee7a qu\u00fd kh\u00e1ch!<\/p>\n<hr>\n<span class=\"wpcf7-form-control-wrap hoten\"><input type=\"text\" name=\"hoten\" value=\"\" size=\"40\" class=\"wpcf7-form-control wpcf7-text wpcf7-validates-as-required\" aria-required=\"true\" aria-invalid=\"false\" placeholder=\"H\u1ecd v\u00e0 t\u00ean\" \/><\/span><br \/>\n<span class=\"wpcf7-form-control-wrap email\"><input type=\"email\" name=\"email\" value=\"\" size=\"40\" class=\"wpcf7-form-control wpcf7-text wpcf7-email wpcf7-validates-as-email\" aria-invalid=\"false\" placeholder=\"Email c\u1ee7a b\u1ea1n\" \/><\/span><br \/>\n<span class=\"wpcf7-form-control-wrap sdt\"><input type=\"tel\" name=\"sdt\" value=\"\" size=\"40\" class=\"wpcf7-form-control wpcf7-text wpcf7-tel wpcf7-validates-as-required wpcf7-validates-as-tel\" aria-required=\"true\" aria-invalid=\"false\" placeholder=\"S\u1ed1 \u0111i\u1ec7n tho\u1ea1i c\u1ee7a b\u1ea1n\" \/><\/span><br \/>\n<input type=\"submit\" value=\"G\u1ecdi L\u1ea1i Ngay\" class=\"wpcf7-form-control wpcf7-submit\" \/><br \/>\n<span class=\"wpcf7-form-control-wrap sanpham\"><input type=\"hidden\" name=\"sanpham\" value=\"T\u1ee7 Qu\u1ea7n \u00c1o M\u1eabu 1\" size=\"40\" class=\"wpcf7-form-control wpcf7dtx-dynamictext wpcf7-dynamichidden\" aria-invalid=\"false\" \/><\/span><\/p>\n<div class=\"wpcf7-response-output\" role=\"alert\" aria-hidden=\"true\"><\/div><\/form><\/div>\n","protected":false},"featured_media":1742,"template":"","meta":[],"yoast_head":"<!-- This site is optimized with the Yoast SEO plugin v15.0 - https:\/\/yoast.com\/wordpress\/plugins\/seo\/ -->\n<title>T\u1ee7 Qu\u1ea7n \u00c1o G\u1ed7 T\u1ef1 Nhi\u00ean - M\u1eabu T\u1ee7 G\u1ed7 \u0110\u1eb9p M\u1eaft - Hi\u1ec7n \u0110\u1ea1i - Sang Tr\u1ecdng<\/title>\n<meta name=\"description\" content=\"X\u01b0\u1edfng s\u1ea3n xu\u1ea5t t\u1ee7 qu\u1ea7n \u00e1o b\u1eb1ng g\u1ed7 t\u1ef1 nhi\u00ean theo y\u00eau c\u1ea7u. Ki\u1ec3u d\u00e1ng \u0111\u1eb9p m\u1eaft, thi\u1ebft k\u1ebf hi\u1ec7n \u0111\u1ea1i, m\u00e0u s\u1eafc sang tr\u1ecdng, gi\u00e1 t\u1ed1t nh\u1ea5t th\u1ecb tr\u01b0\u1eddng.\" \/>\n<meta name=\"robots\" content=\"index, follow, max-snippet:-1, max-image-preview:large, max-video-preview:-1\" \/>\n<link rel=\"canonical\" href=\"https:\/\/noithatdinhchinh.vn\/?product=tu-quan-ao-mau-1\" \/>\n<meta property=\"og:locale\" content=\"vi_VN\" \/>\n<meta property=\"og:type\" content=\"article\" \/>\n<meta property=\"og:title\" content=\"T\u1ee7 Qu\u1ea7n \u00c1o G\u1ed7 T\u1ef1 Nhi\u00ean - M\u1eabu T\u1ee7 G\u1ed7 \u0110\u1eb9p M\u1eaft - Hi\u1ec7n \u0110\u1ea1i - Sang Tr\u1ecdng\" \/>\n<meta property=\"og:description\" content=\"X\u01b0\u1edfng s\u1ea3n xu\u1ea5t t\u1ee7 qu\u1ea7n \u00e1o b\u1eb1ng g\u1ed7 t\u1ef1 nhi\u00ean theo y\u00eau c\u1ea7u. Ki\u1ec3u d\u00e1ng \u0111\u1eb9p m\u1eaft, thi\u1ebft k\u1ebf hi\u1ec7n \u0111\u1ea1i, m\u00e0u s\u1eafc sang tr\u1ecdng, gi\u00e1 t\u1ed1t nh\u1ea5t th\u1ecb tr\u01b0\u1eddng.\" \/>\n<meta property=\"og:url\" content=\"https:\/\/noithatdinhchinh.vn\/?product=tu-quan-ao-mau-1\" \/>\n<meta property=\"og:site_name\" content=\"noithatdinhchinh\" \/>\n<meta property=\"article:modified_time\" content=\"2020-08-19T15:05:19+00:00\" \/>\n<meta property=\"og:image\" content=\"https:\/\/noithatdinhchinh.vn\/wp-content\/uploads\/2020\/08\/xuong-san-xuat-do-go-uy-tin.jpg\" \/>\n\t<meta property=\"og:image:width\" content=\"800\" \/>\n\t<meta property=\"og:image:height\" content=\"800\" \/>\n<meta name=\"twitter:card\" content=\"summary_large_image\" \/>\n<script type=\"application\/ld+json\" class=\"yoast-schema-graph\">{\"@context\":\"https:\/\/schema.org\",\"@graph\":[{\"@type\":\"WebSite\",\"@id\":\"https:\/\/noithatdinhchinh.vn\/#website\",\"url\":\"https:\/\/noithatdinhchinh.vn\/\",\"name\":\"noithatdinhchinh\",\"description\":\"\",\"potentialAction\":[{\"@type\":\"SearchAction\",\"target\":\"https:\/\/noithatdinhchinh.vn\/?s={search_term_string}\",\"query-input\":\"required name=search_term_string\"}],\"inLanguage\":\"vi\"},{\"@type\":\"ImageObject\",\"@id\":\"https:\/\/noithatdinhchinh.vn\/?product=tu-quan-ao-mau-1#primaryimage\",\"inLanguage\":\"vi\",\"url\":\"https:\/\/noithatdinhchinh.vn\/wp-content\/uploads\/2020\/08\/xuong-san-xuat-do-go-uy-tin.jpg\",\"width\":800,\"height\":800,\"caption\":\"X\\u01b0\\u1edfng S\\u1ea3n Xu\\u1ea5t \\u0110\\u1ed3 G\\u1ed7 Uy T\\u00edn\"},{\"@type\":\"WebPage\",\"@id\":\"https:\/\/noithatdinhchinh.vn\/?product=tu-quan-ao-mau-1#webpage\",\"url\":\"https:\/\/noithatdinhchinh.vn\/?product=tu-quan-ao-mau-1\",\"name\":\"T\\u1ee7 Qu\\u1ea7n \\u00c1o G\\u1ed7 T\\u1ef1 Nhi\\u00ean - M\\u1eabu T\\u1ee7 G\\u1ed7 \\u0110\\u1eb9p M\\u1eaft - Hi\\u1ec7n \\u0110\\u1ea1i - Sang Tr\\u1ecdng\",\"isPartOf\":{\"@id\":\"https:\/\/noithatdinhchinh.vn\/#website\"},\"primaryImageOfPage\":{\"@id\":\"https:\/\/noithatdinhchinh.vn\/?product=tu-quan-ao-mau-1#primaryimage\"},\"datePublished\":\"2020-08-17T17:59:03+00:00\",\"dateModified\":\"2020-08-19T15:05:19+00:00\",\"description\":\"X\\u01b0\\u1edfng s\\u1ea3n xu\\u1ea5t t\\u1ee7 qu\\u1ea7n \\u00e1o b\\u1eb1ng g\\u1ed7 t\\u1ef1 nhi\\u00ean theo y\\u00eau c\\u1ea7u. Ki\\u1ec3u d\\u00e1ng \\u0111\\u1eb9p m\\u1eaft, thi\\u1ebft k\\u1ebf hi\\u1ec7n \\u0111\\u1ea1i, m\\u00e0u s\\u1eafc sang tr\\u1ecdng, gi\\u00e1 t\\u1ed1t nh\\u1ea5t th\\u1ecb tr\\u01b0\\u1eddng.\",\"inLanguage\":\"vi\",\"potentialAction\":[{\"@type\":\"ReadAction\",\"target\":[\"https:\/\/noithatdinhchinh.vn\/?product=tu-quan-ao-mau-1\"]}]}]}<\/script>\n<!-- \/ Yoast SEO plugin. -->","_links":{"self":[{"href":"https:\/\/noithatdinhchinh.vn\/index.php?rest_route=\/wp\/v2\/product\/1730"}],"collection":[{"href":"https:\/\/noithatdinhchinh.vn\/index.php?rest_route=\/wp\/v2\/product"}],"about":[{"href":"https:\/\/noithatdinhchinh.vn\/index.php?rest_route=\/wp\/v2\/types\/product"}],"wp:featuredmedia":[{"embeddable":true,"href":"https:\/\/noithatdinhchinh.vn\/index.php?rest_route=\/wp\/v2\/media\/1742"}],"wp:attachment":[{"href":"https:\/\/noithatdinhchinh.vn\/index.php?rest_route=%2Fwp%2Fv2%2Fmedia&parent=1730"}],"curies":[{"name":"wp","href":"https:\/\/api.w.org\/{rel}","templated":true}]}}