{"id":1724,"date":"2020-08-09T22:17:43","date_gmt":"2020-08-09T15:17:43","guid":{"rendered":"https:\/\/noithatdinhchinh.vn\/?post_type=product&#038;p=1724"},"modified":"2020-08-09T22:26:06","modified_gmt":"2020-08-09T15:26:06","slug":"ban-trang-diem-mau-6","status":"publish","type":"product","link":"https:\/\/noithatdinhchinh.vn\/?product=ban-trang-diem-mau-6","title":{"rendered":"B\u00e0n Trang \u0110i\u1ec3m M\u1eabu 6"},"content":{"rendered":"<h2 style=\"text-align: center;\"><span style=\"color: #ff0000;\">B\u00c0N TRANG \u0110I\u1ec2M G\u1ed6 \u0110\u01a0N GI\u1ea2N &#8211; THI\u1ebeT K\u1ebe N\u1ed8I TH\u1ea4T \u0110\u1eb8P T\u1ea0I B\u00ccNH D\u01af\u01a0NG<\/span><\/h2>\n<p>B\u00e0n trang \u0111i\u1ec3m g\u1ed7 \u0111\u01a1n gi\u1ea3n l\u00e0 m\u00f3n \u0111\u1ed3 n\u1ed9i th\u1ea5t kh\u00f4ng th\u1ec3 thi\u1ebfu trong ph\u00f2ng ng\u1ee7 c\u1ee7a ch\u1ecb em ph\u1ee5 n\u1eef. B\u00e0n trang \u0111i\u1ec3m v\u1edbi ki\u1ec3u d\u00e1ng hi\u1ec7n \u0111\u1ea1i, thi\u1ebft k\u1ebf \u0111\u1eb9p m\u1eaft, gi\u00fap ch\u1ecb em tho\u1ea3i m\u00e1i t\u1ef1 tin l\u00e0m \u0111\u1eb9p.<\/p>\n<p>Cu\u1ed9c s\u1ed1ng ng\u00e0y c\u00e0ng hi\u1ec7n \u0111\u1ea1i, c\u00f9ng v\u1edbi \u0111\u00f3 l\u00e0 nhu c\u1ea7u l\u00e0m \u0111\u1eb9p cho b\u1ea3n th\u00e2n c\u1ee7a con ng\u01b0\u1eddi ng\u00e0y c\u00e0ng t\u0103ng cao. Ch\u00ednh v\u00ec v\u1eady, b\u00e0n trang \u0111i\u1ec3m g\u1ed7 hi\u1ec7n \u0111\u1ea1i l\u00e0 s\u1ea3n ph\u1ea9m m\u00e0 h\u1ea7u h\u1ebft c\u00e1c gia \u0111\u00ecnh Vi\u1ec7t l\u1ef1a ch\u1ecdn cho n\u1ed9i th\u1ea5t gia \u0111\u00ecnh. Nhi\u1ec1u \u00f4ng ch\u1ed3ng tinh t\u1ebf \u0111\u00e3 ch\u1ecdn b\u00e0n trang \u0111i\u1ec3m nh\u01b0 m\u1ed9t m\u00f3n qu\u00e0 t\u1eb7ng v\u1ee3 thay l\u1eddi y\u00eau th\u01b0\u01a1ng v\u00e0 s\u1ef1 quan t\u00e2m ch\u00e2n th\u00e0nh d\u00e0nh cho v\u1ee3.<\/p>\n<figure id=\"attachment_1725\" aria-describedby=\"caption-attachment-1725\" style=\"width: 700px\" class=\"wp-caption aligncenter\"><img decoding=\"async\" loading=\"lazy\" class=\"wp-image-1725 size-full\" src=\"https:\/\/noithatdinhchinh.vn\/wp-content\/uploads\/2020\/08\/ban-trang-diem-go-don-gian-2.jpg\" alt=\"B\u00e0n Trang \u0110i\u1ec3m G\u1ed7 \u0110\u01a1n Gi\u1ea3n\" width=\"700\" height=\"769\" srcset=\"https:\/\/noithatdinhchinh.vn\/wp-content\/uploads\/2020\/08\/ban-trang-diem-go-don-gian-2.jpg 700w, https:\/\/noithatdinhchinh.vn\/wp-content\/uploads\/2020\/08\/ban-trang-diem-go-don-gian-2-600x659.jpg 600w, https:\/\/noithatdinhchinh.vn\/wp-content\/uploads\/2020\/08\/ban-trang-diem-go-don-gian-2-364x400.jpg 364w\" sizes=\"(max-width: 700px) 100vw, 700px\" \/><figcaption id=\"caption-attachment-1725\" class=\"wp-caption-text\">B\u00e0n Trang \u0110i\u1ec3m G\u1ed7 \u0110\u01a1n Gi\u1ea3n<\/figcaption><\/figure>\n<h2 style=\"text-align: center;\"><span style=\"color: #000080;\">\u01afU \u0110I\u1ec2M C\u1ee6A B\u00c0N TRANG \u0110I\u1ec2M G\u1ed6 \u0110\u01a0N GI\u1ea2N<\/span><\/h2>\n<h3><em><span style=\"color: #008000;\">B\u00e0n trang \u0111i\u1ec3m \u0111\u1eb9p hi\u1ec7n \u0111\u1ea1i \u0111\u01b0\u1ee3c l\u00e0m b\u1eb1ng ch\u1ea5t li\u1ec7u g\u1ed7 t\u1ef1 nhi\u00ean cao c\u1ea5p, b\u1ec1n, \u0111\u1eb9p<\/span><\/em><\/h3>\n<p>B\u00e0n trang \u0111i\u1ec3m \u0111\u01b0\u1ee3c l\u00e0m t\u1eeb g\u1ed7 t\u1ef1 nhi\u00ean \u0111\u00e3 s\u1ea5y kh\u00f4 ph\u1ee7 b\u00f3ng, ch\u1ed1ng m\u1ecdt m\u1ed1i. Ch\u1ea5t li\u1ec7u g\u1ed7 t\u1ef1 nhi\u00ean \u0111a d\u1ea1ng nh\u01b0: g\u1ed7 g\u1ee5, g\u1ed7 h\u01b0\u01a1ng, g\u1ed7 s\u1ed3i,&#8230;v\u1edbi m\u00e0u s\u1eafc v\u00e0 \u0111\u01b0\u1eddng v\u00e2n g\u1ed7 \u0111a d\u1ea1ng.\u00a0 \u0110\u1eb7c bi\u1ec7t, c\u00e1c s\u1ea3n ph\u1ea9m l\u00e0m t\u1eeb g\u1ed7 t\u1ef1 nhi\u00ean lu\u00f4n mang \u0111\u1ebfn s\u1ef1 an to\u00e0n cho s\u1ee9c kh\u1ecfe ng\u01b0\u1eddi s\u1eed d\u1ee5ng.<\/p>\n<p>Ng\u00e0y nay, con ng\u01b0\u1eddi th\u01b0\u1eddng h\u01b0\u1edbng t\u1edbi vi\u1ec7c s\u1eed d\u1ee5ng nh\u1eefng m\u00f3n \u0111\u1ed3 l\u00e0m t\u1eeb ch\u1ea5t li\u1ec7u t\u1ef1 nhi\u00ean, an to\u00e0n. C\u0169ng ch\u00ednh v\u00ec v\u1eady, c\u00e1c s\u1ea3n ph\u1ea9m b\u00e0n trang \u0111i\u1ec3m g\u1ed7 t\u1ef1 nhi\u00ean tr\u1edf th\u00e0nh \u201ct\u00e2m \u0111i\u1ec3m\u201d c\u1ee7a s\u1ef1 l\u1ef1a ch\u1ecdn.<\/p>\n<h3><em><span style=\"color: #008000;\">B\u00e0n trang \u0111i\u1ec3m b\u1eb1ng g\u1ed7 \u0111\u1eb9p ki\u1ec3u d\u00e1ng hi\u1ec7n \u0111\u1ea1i, k\u00edch th\u01b0\u1edbc ph\u00f9 h\u1ee3p, m\u00e0u s\u1eafc sang tr\u1ecdng<\/span><\/em><\/h3>\n<p>N\u1ed9i Th\u1ea5t \u0110\u00ecnh Chinh mang \u0111\u1ebfn s\u1ea3n ph\u1ea9m v\u1edbi nhi\u1ec1u phong c\u00e1ch t\u1eeb hi\u1ec7n \u0111\u1ea1i, t\u00e2n c\u1ed5 \u0111i\u1ec3n. \u0110\u1ebfn c\u00e1c s\u1ea3n ph\u1ea9m m\u1eabu m\u00e3 mang phong c\u00e1ch c\u1ed5 \u0111i\u1ec3n \u0111\u01b0\u1ee3c ch\u1ea1m kh\u1eafc tinh x\u1ea3o, m\u1ec1m m\u1ea1i. B\u00e0n trang \u0111i\u1ec3m mang \u0111\u1ebfn m\u1ed9t v\u1ebb \u0111\u1eb9p sang tr\u1ecdng nh\u01b0ng c\u0169ng kh\u00f4ng k\u00e9m ph\u1ea7n g\u1ea7n g\u0169i th\u00e2n quen.<\/p>\n<p>L\u1ef1a ch\u1ecdn b\u00e0n trang \u0111i\u1ec3m c\u00f3 c\u00f9ng ki\u1ec3u d\u00e1ng, phong c\u00e1ch v\u1edbi ph\u00f2ng ng\u1ee7 s\u1ebd t\u1ea1o n\u00ean t\u00ednh \u0111\u1ed3ng nh\u1ea5t trong thi\u1ebft k\u1ebf, khi\u1ebfn kh\u00f4ng gian tr\u1edf n\u00ean \u0111\u1eb9p, h\u00e0i h\u00f2a v\u00e0 \u201c\u0103n kh\u1edbp\u201d nhau h\u01a1n.<\/p>\n<h3><em><span style=\"color: #008000;\">B\u00e0n trang \u0111i\u1ec3m g\u1ed7 \u0111\u01a1n gi\u1ea3n mang \u0111\u1ebfn nhi\u1ec1u l\u1ee3i \u00edch cho ng\u01b0\u1eddi s\u1eed d\u1ee5ng.<\/span><\/em><\/h3>\n<p>B\u00e0n trang \u0111i\u1ec3m g\u1ed7 r\u1ebb \u0111\u1eb9p l\u00e0 \u201ctr\u1ee3 th\u1ee7 \u0111\u1eafc l\u1ef1c\u201d c\u1ee7a ch\u1ecb em ph\u1ee5 n\u1eef. Gi\u00fap ch\u1ecb em trang \u0111i\u1ec3m, l\u00e0m \u0111\u1eb9p, ch\u0103m s\u00f3c da\u2026m\u1ed7i s\u00e1ng th\u1ee9c d\u1eady hay tr\u01b0\u1edbc khi \u0111i ng\u1ee7. B\u00e0n trang \u0111i\u1ec3m \u0111\u1ea1i di\u1ec7n cho v\u1ebb \u0111\u1eb9p, s\u1ef1 qu\u00fd ph\u00e1i c\u1ee7a ng\u01b0\u1eddi ph\u1ee5 n\u1eef.<\/p>\n<p>Ngo\u00e0i vi\u1ec7c \u0111\u1ec3 \u0111\u1ed3 trang \u0111i\u1ec3m th\u00ec c\u00e1c ch\u1ecb em c\u00f2n c\u00f3 th\u1ec3 \u0111\u1eb7t \u0111\u01b0\u1ee3c th\u00eam nhi\u1ec1u m\u00f3n \u0111\u1ed3 trang tr\u00ed kh\u00e1c. Nh\u01b0: L\u1ecd hoa nh\u1ecf, \u0111\u00e8n b\u00e0n ho\u1eb7c khung \u1ea3nh,\u2026\u0110\u1eb7c bi\u1ec7t, h\u1ea7u h\u1ebft c\u00e1c s\u1ea3n ph\u1ea9m b\u00e0n trang \u0111i\u1ec3m \u0111\u1ec1u c\u00f3 ph\u1ea7n g\u01b0\u01a1ng soi. Mang \u0111\u1ebfn tr\u1ea3i nghi\u1ec7m t\u1ed1t nh\u1ea5t khi s\u1eed d\u1ee5ng s\u1ea3n ph\u1ea9m.<\/p>\n<h2 style=\"text-align: center;\"><span style=\"color: #000080;\">L\u00dd DO N\u00caN CH\u1eccN N\u1ed8I TH\u1ea4T \u0110\u00ccNH CHINH L\u00c0M B\u00c0N TRANG \u0110I\u1ec2M G\u1ed6<\/span><\/h2>\n<ul>\n<li class=\"bullet-checkmark\">N\u00f3i\u00a0<b>KH\u00d4NG<\/b>\u00a0v\u1edbi h\u00e0ng k\u00e9m ch\u1ea5t l\u01b0\u1ee3ng.<\/li>\n<li class=\"bullet-checkmark\"><strong>Gi\u00e1 g\u1ed1c<\/strong>\u00a0t\u1ea1i X\u01b0\u1edfng kh\u00f4ng qua trung gian. Gi\u00e1 lu\u00f4n r\u1ebb nh\u1ea5t th\u1ecb tr\u01b0\u1eddng<\/li>\n<li class=\"bullet-checkmark\">\u0110a d\u1ea1ng m\u1eabu m\u00e3, ch\u1ee7ng lo\u1ea1i<\/li>\n<li class=\"bullet-checkmark\">S\u1ea3n xu\u1ea5t v\u00e0 thi c\u00f4ng theo y\u00eau c\u1ea7u c\u1ee7a kh\u00e1ch.<\/li>\n<li class=\"bullet-checkmark\">Kh\u00e1ch c\u00f3 th\u1ec3 xem \u1ea3nh, video qu\u00e1 tr\u00ecnh s\u1ea3n xu\u1ea5t t\u1ea1i x\u01b0\u1edfng.<\/li>\n<li class=\"bullet-checkmark\">100% s\u1ea3n ph\u1ea9m \u0111\u01b0\u1ee3c l\u00e0m b\u1eb1ng\u00a0<strong>g\u1ed7 t\u1ef1 nhi\u00ean<\/strong>\u00a0\u0111\u00e3 qua t\u1ea9m s\u1ea5y, ch\u1ed1ng cong v\u00eanh, m\u1ed1i m\u1ecdt.<\/li>\n<li class=\"bullet-checkmark\">Nh\u1eadn \u0111\u1eb7t h\u00e0ng theo y\u00eau c\u1ea7u. \u0110\u1ea3m b\u1ea3o g\u1ed7 t\u1ed1t, g\u1ed7 th\u1eadt 100%. Ho\u00e0n thi\u1ec7n t\u1ec9 m\u1ec9, \u0111\u1eb9p kh\u00f4ng th\u1ec3 ch\u00ea.<\/li>\n<li class=\"bullet-checkmark\">Giao h\u00e0ng v\u00e0 thanh to\u00e1n t\u1eadn nh\u00e0 tr\u00ean to\u00e0n qu\u1ed1c.<\/li>\n<\/ul>\n<p>N\u1ed9i Th\u1ea5t \u0110\u00ecnh Chinh chuy\u00ean cung c\u1ea5p \u0111\u1ed3 n\u1ed9i th\u1ea5t g\u1ed7: ph\u00f2ng kh\u00e1ch, ph\u00f2ng ng\u1ee7, ph\u00f2ng b\u1ebfp, qu\u00e1n c\u00e0 ph\u00ea, v\u0103n ph\u00f2ng.. V\u1edbi \u0111a d\u1ea1ng c\u00e1c s\u1ea3n ph\u1ea9m, phong ph\u00fa v\u1ec1 ki\u1ec3u d\u00e1ng, thi\u1ebft k\u1ebf cho b\u1ea1n tho\u1ea3i m\u00e1i l\u1ef1a ch\u1ecdn.<\/p>\n<p><strong><span style=\"color: #000080;\"><em>Li\u00ean h\u1ec7 tr\u1ef1c ti\u1ebfp \u0111\u1ec3 \u0111\u01b0\u1ee3c t\u01b0 v\u1ea5n v\u00e0 nh\u1eadn m\u1ee9c gi\u00e1 \u01b0u \u0111\u00e3i:\u00a0<\/em><\/span><\/strong><\/p>\n<p><span style=\"color: #ff0000;\"><strong><em>Hotline:\u00a00785.961.489<\/em><\/strong><\/span><\/p>\n","protected":false},"excerpt":{"rendered":"<p>N\u1ed9i Th\u1ea5t \u0110\u00ecnh Chinh mang \u0111\u1ebfn s\u1ea3n ph\u1ea9m b\u00e0n trang \u0111i\u1ec3m b\u1eb1ng g\u1ed7 t\u1ef1 nhi\u00ean nh\u01b0: g\u1ed7 s\u1ed3i, g\u1ed7 g\u1ee5, g\u1ed7 \u0111\u1ecf,&#8230; V\u1edbi ki\u1ec3u d\u00e1ng hi\u1ec7n \u0111\u1ea1i, m\u00e0u s\u1eafc sang tr\u1ecdng, thi\u1ebft k\u1ebf \u0111\u1eb9p m\u1eaft. Mang phong c\u00e1ch \u0111a d\u1ea1ng nh\u01b0: c\u1ed5 \u0111i\u1ec3n, t\u00e2n c\u1ed5 \u0111i\u1ec3n hay hi\u1ec7n \u0111\u1ea1i,..\u0110em \u0111\u1ebfn s\u1ef1 ti\u1ec7n \u00edch, tho\u1ea3i m\u00e1i l\u00e0m \u0111\u1eb9p cho ch\u1ecb em ph\u1ee5 n\u1eef.<\/p>\n<p>\u0110\u1eb7c bi\u1ec7t, N\u1ed9i Th\u1ea5t \u0110\u00ecnh Chinh thi\u1ebft k\u1ebf b\u00e0n trang \u0111i\u1ec3m theo y\u00eau c\u1ea7u, mang \u0111\u1ebfn s\u1ea3n ph\u1ea9m t\u1ed1t nh\u1ea5t cho kh\u00e1ch h\u00e0ng.<\/p>\n<div role=\"form\" class=\"wpcf7\" id=\"wpcf7-f10-o1\" lang=\"en-US\" dir=\"ltr\">\n<div class=\"screen-reader-response\" role=\"alert\" aria-live=\"polite\"><\/div>\n<form action=\"\/index.php?rest_route=%2Fwp%2Fv2%2Fproduct%2F1724#wpcf7-f10-o1\" method=\"post\" class=\"wpcf7-form init\" novalidate=\"novalidate\">\n<div style=\"display: none;\">\n<input type=\"hidden\" name=\"_wpcf7\" value=\"10\" \/>\n<input type=\"hidden\" name=\"_wpcf7_version\" value=\"5.2.2\" \/>\n<input type=\"hidden\" name=\"_wpcf7_locale\" value=\"en_US\" \/>\n<input type=\"hidden\" name=\"_wpcf7_unit_tag\" value=\"wpcf7-f10-o1\" \/>\n<input type=\"hidden\" name=\"_wpcf7_container_post\" value=\"0\" \/>\n<input type=\"hidden\" name=\"_wpcf7_posted_data_hash\" value=\"\" \/>\n<\/div>\n<p><span style=\"font-size: 160%; color: #ed1c24;\">Y\u00caU C\u1ea6U T\u01af V\u1ea4N<\/span><\/p>\n<p>Ch\u00fang t\u00f4i s\u1ebd li\u00ean h\u1ec7 l\u1ea1i ngay khi nh\u1eadn \u0111\u01b0\u1ee3c y\u00eau c\u1ea7u c\u1ee7a qu\u00fd kh\u00e1ch!<\/p>\n<hr>\n<span class=\"wpcf7-form-control-wrap hoten\"><input type=\"text\" name=\"hoten\" value=\"\" size=\"40\" class=\"wpcf7-form-control wpcf7-text wpcf7-validates-as-required\" aria-required=\"true\" aria-invalid=\"false\" placeholder=\"H\u1ecd v\u00e0 t\u00ean\" \/><\/span><br \/>\n<span class=\"wpcf7-form-control-wrap email\"><input type=\"email\" name=\"email\" value=\"\" size=\"40\" class=\"wpcf7-form-control wpcf7-text wpcf7-email wpcf7-validates-as-email\" aria-invalid=\"false\" placeholder=\"Email c\u1ee7a b\u1ea1n\" \/><\/span><br \/>\n<span class=\"wpcf7-form-control-wrap sdt\"><input type=\"tel\" name=\"sdt\" value=\"\" size=\"40\" class=\"wpcf7-form-control wpcf7-text wpcf7-tel wpcf7-validates-as-required wpcf7-validates-as-tel\" aria-required=\"true\" aria-invalid=\"false\" placeholder=\"S\u1ed1 \u0111i\u1ec7n tho\u1ea1i c\u1ee7a b\u1ea1n\" \/><\/span><br \/>\n<input type=\"submit\" value=\"G\u1ecdi L\u1ea1i Ngay\" class=\"wpcf7-form-control wpcf7-submit\" \/><br \/>\n<span class=\"wpcf7-form-control-wrap sanpham\"><input type=\"hidden\" name=\"sanpham\" value=\"B\u00e0n Trang \u0110i\u1ec3m M\u1eabu 6\" size=\"40\" class=\"wpcf7-form-control wpcf7dtx-dynamictext wpcf7-dynamichidden\" aria-invalid=\"false\" \/><\/span><\/p>\n<div class=\"wpcf7-response-output\" role=\"alert\" aria-hidden=\"true\"><\/div><\/form><\/div>\n","protected":false},"featured_media":1725,"template":"","meta":[],"yoast_head":"<!-- This site is optimized with the Yoast SEO plugin v15.0 - https:\/\/yoast.com\/wordpress\/plugins\/seo\/ -->\n<title>B\u00e0n Trang \u0110i\u1ec3m G\u1ed7 \u0110\u01a1n Gi\u1ea3n - Thi\u1ebft K\u1ebf N\u1ed9i Th\u1ea5t \u0110\u1eb9p T\u1ea1i B\u00ecnh D\u01b0\u01a1ng<\/title>\n<meta name=\"description\" content=\"Cung c\u1ea5p b\u00e0n trang \u0111i\u1ec3m b\u1eb1ng g\u1ed7 t\u1ef1 nhi\u00ean cao c\u1ea5p, r\u1ebb, b\u1ec1n, \u0111\u1eb9p, ki\u1ec3u d\u00e1ng \u0111\u01a1n gi\u1ea3n, t\u1eeb c\u1ed5 \u0111i\u1ec3n \u0111\u1ebfn hi\u1ec7n \u0111\u1ea1i, m\u00e0u s\u1eafc sang tr\u1ecdng, tinh t\u1ebf\" \/>\n<meta name=\"robots\" content=\"index, follow, max-snippet:-1, max-image-preview:large, max-video-preview:-1\" \/>\n<link rel=\"canonical\" href=\"https:\/\/noithatdinhchinh.vn\/?product=ban-trang-diem-mau-6\" \/>\n<meta property=\"og:locale\" content=\"vi_VN\" \/>\n<meta property=\"og:type\" content=\"article\" \/>\n<meta property=\"og:title\" content=\"B\u00e0n Trang \u0110i\u1ec3m G\u1ed7 \u0110\u01a1n Gi\u1ea3n - Thi\u1ebft K\u1ebf N\u1ed9i Th\u1ea5t \u0110\u1eb9p T\u1ea1i B\u00ecnh D\u01b0\u01a1ng\" \/>\n<meta property=\"og:description\" content=\"Cung c\u1ea5p b\u00e0n trang \u0111i\u1ec3m b\u1eb1ng g\u1ed7 t\u1ef1 nhi\u00ean cao c\u1ea5p, r\u1ebb, b\u1ec1n, \u0111\u1eb9p, ki\u1ec3u d\u00e1ng \u0111\u01a1n gi\u1ea3n, t\u1eeb c\u1ed5 \u0111i\u1ec3n \u0111\u1ebfn hi\u1ec7n \u0111\u1ea1i, m\u00e0u s\u1eafc sang tr\u1ecdng, tinh t\u1ebf\" \/>\n<meta property=\"og:url\" content=\"https:\/\/noithatdinhchinh.vn\/?product=ban-trang-diem-mau-6\" \/>\n<meta property=\"og:site_name\" content=\"noithatdinhchinh\" \/>\n<meta property=\"article:modified_time\" content=\"2020-08-09T15:26:06+00:00\" \/>\n<meta property=\"og:image\" content=\"https:\/\/noithatdinhchinh.vn\/wp-content\/uploads\/2020\/08\/ban-trang-diem-go-don-gian-2.jpg\" \/>\n\t<meta property=\"og:image:width\" content=\"700\" \/>\n\t<meta property=\"og:image:height\" content=\"769\" \/>\n<meta name=\"twitter:card\" content=\"summary_large_image\" \/>\n<script type=\"application\/ld+json\" class=\"yoast-schema-graph\">{\"@context\":\"https:\/\/schema.org\",\"@graph\":[{\"@type\":\"WebSite\",\"@id\":\"https:\/\/noithatdinhchinh.vn\/#website\",\"url\":\"https:\/\/noithatdinhchinh.vn\/\",\"name\":\"noithatdinhchinh\",\"description\":\"\",\"potentialAction\":[{\"@type\":\"SearchAction\",\"target\":\"https:\/\/noithatdinhchinh.vn\/?s={search_term_string}\",\"query-input\":\"required name=search_term_string\"}],\"inLanguage\":\"vi\"},{\"@type\":\"ImageObject\",\"@id\":\"https:\/\/noithatdinhchinh.vn\/?product=ban-trang-diem-mau-6#primaryimage\",\"inLanguage\":\"vi\",\"url\":\"https:\/\/noithatdinhchinh.vn\/wp-content\/uploads\/2020\/08\/ban-trang-diem-go-don-gian-2.jpg\",\"width\":700,\"height\":769,\"caption\":\"B\\u00e0n Trang \\u0110i\\u1ec3m G\\u1ed7 \\u0110\\u01a1n Gi\\u1ea3n\"},{\"@type\":\"WebPage\",\"@id\":\"https:\/\/noithatdinhchinh.vn\/?product=ban-trang-diem-mau-6#webpage\",\"url\":\"https:\/\/noithatdinhchinh.vn\/?product=ban-trang-diem-mau-6\",\"name\":\"B\\u00e0n Trang \\u0110i\\u1ec3m G\\u1ed7 \\u0110\\u01a1n Gi\\u1ea3n - Thi\\u1ebft K\\u1ebf N\\u1ed9i Th\\u1ea5t \\u0110\\u1eb9p T\\u1ea1i B\\u00ecnh D\\u01b0\\u01a1ng\",\"isPartOf\":{\"@id\":\"https:\/\/noithatdinhchinh.vn\/#website\"},\"primaryImageOfPage\":{\"@id\":\"https:\/\/noithatdinhchinh.vn\/?product=ban-trang-diem-mau-6#primaryimage\"},\"datePublished\":\"2020-08-09T15:17:43+00:00\",\"dateModified\":\"2020-08-09T15:26:06+00:00\",\"description\":\"Cung c\\u1ea5p b\\u00e0n trang \\u0111i\\u1ec3m b\\u1eb1ng g\\u1ed7 t\\u1ef1 nhi\\u00ean cao c\\u1ea5p, r\\u1ebb, b\\u1ec1n, \\u0111\\u1eb9p, ki\\u1ec3u d\\u00e1ng \\u0111\\u01a1n gi\\u1ea3n, t\\u1eeb c\\u1ed5 \\u0111i\\u1ec3n \\u0111\\u1ebfn hi\\u1ec7n \\u0111\\u1ea1i, m\\u00e0u s\\u1eafc sang tr\\u1ecdng, tinh t\\u1ebf\",\"inLanguage\":\"vi\",\"potentialAction\":[{\"@type\":\"ReadAction\",\"target\":[\"https:\/\/noithatdinhchinh.vn\/?product=ban-trang-diem-mau-6\"]}]}]}<\/script>\n<!-- \/ Yoast SEO plugin. -->","_links":{"self":[{"href":"https:\/\/noithatdinhchinh.vn\/index.php?rest_route=\/wp\/v2\/product\/1724"}],"collection":[{"href":"https:\/\/noithatdinhchinh.vn\/index.php?rest_route=\/wp\/v2\/product"}],"about":[{"href":"https:\/\/noithatdinhchinh.vn\/index.php?rest_route=\/wp\/v2\/types\/product"}],"wp:featuredmedia":[{"embeddable":true,"href":"https:\/\/noithatdinhchinh.vn\/index.php?rest_route=\/wp\/v2\/media\/1725"}],"wp:attachment":[{"href":"https:\/\/noithatdinhchinh.vn\/index.php?rest_route=%2Fwp%2Fv2%2Fmedia&parent=1724"}],"curies":[{"name":"wp","href":"https:\/\/api.w.org\/{rel}","templated":true}]}}