{"id":1413,"date":"2020-07-08T11:19:08","date_gmt":"2020-07-08T04:19:08","guid":{"rendered":"https:\/\/noithatdinhchinh.vn\/?post_type=product&#038;p=1413"},"modified":"2020-09-11T18:38:40","modified_gmt":"2020-09-11T11:38:40","slug":"giuong-ngu-go-mau-2","status":"publish","type":"product","link":"https:\/\/noithatdinhchinh.vn\/?product=giuong-ngu-go-mau-2","title":{"rendered":"Gi\u01b0\u1eddng Ng\u1ee7 G\u1ed7 M\u1eabu 2"},"content":{"rendered":"<h2 style=\"text-align: center;\"><span style=\"color: #ff0000;\">GI\u01af\u1edcNG NG\u1ee6 C\u00d3 NG\u0102N K\u00c9O &#8211; THI\u1ebeT K\u1ebe \u0110\u1ed2 N\u1ed8I TH\u1ea4T G\u1ed6 UY T\u00cdN\u00a0<\/span><\/h2>\n<p>Gi\u01b0\u1eddng ng\u1ee7 c\u00f3 ng\u0103n k\u00e9o l\u00e0 m\u00f3n \u0111\u1ed3 n\u1ed9i th\u1ea5t quan tr\u1ecdng nh\u1ea5t v\u00e0 l\u00e0 tr\u1ecdng t\u00e2m c\u1ee7a ph\u00f2ng ng\u1ee7. X\u00e3 h\u1ed9i ng\u00e0y c\u00e0ng hi\u1ec7n \u0111\u1ea1i v\u00e0 ph\u00e1t tri\u1ec3n, nhu c\u1ea7u chi ti\u00eau cho cu\u1ed9c s\u1ed1ng c\u1ee7a m\u1ecdi ng\u01b0\u1eddi c\u0169ng t\u0103ng l\u00ean. Ch\u00fang ta lu\u00f4n \u01b0u ti\u00ean ch\u1ecdn \u0111\u1ed3 n\u1ed9i th\u1ea5t t\u1ed1t v\u00e0 ph\u00f9 h\u1ee3p nh\u1ea5t c\u00f3 th\u1ec3. \u0110\u1ed1i v\u1edbi vi\u1ec7c l\u1ef1a ch\u1ecdn gi\u01b0\u1eddng ng\u1ee7 c\u0169ng v\u1eady, ngo\u00e0i nh\u1eefng ti\u00eau ch\u00ed v\u1ec1 gi\u00e1 c\u1ea3, ch\u1ea5t l\u01b0\u1ee3ng. C\u00e1c gia \u0111\u00ecnh c\u0169ng \u0111\u01b0a ra c\u00e1c y\u00eau c\u1ea7u v\u1ec1 m\u1eabu m\u00e3, m\u00e0u s\u1eafc, ki\u1ec3u d\u00e1ng s\u1ea3n ph\u1ea9m. M\u1ed9t chi\u1ebfc gi\u01b0\u1eddng ng\u1ee7 \u0111\u1eb9p v\u1ec1 m\u1eb7t th\u1ea9m m\u1ef9 v\u00e0 ch\u1ea5t l\u01b0\u1ee3ng mang \u0111\u1ebfn cho b\u1ea1n gi\u1ea5c ng\u1ee7 ngon v\u00e0 s\u00e2u. Gi\u00fap b\u1ea1n c\u00f3 s\u1ee9c kh\u1ecfe t\u1ed1t, t\u00e2m tr\u1ea1ng \u1ed5n \u0111\u1ecbnh, lu\u00f4n t\u1ec9nh t\u00e1o v\u1ea3 kh\u1ecfe m\u1ea1nh \u0111\u1ec3 vui ch\u01a1i, l\u00e0m vi\u1ec7c<em>.<\/em><\/p>\n<p>N\u1ed9i Th\u1ea5t \u0110\u00ecnh Chinh mang \u0111\u1ebfn cho b\u1ea1n nhi\u1ec1u m\u1eabu s\u1ea3n ph\u1ea9m gi\u01b0\u1eddng g\u1ed7, cho b\u1ea1n tho\u1ea3i m\u00e1i l\u1ef1a ch\u1ecdn. C\u00f3 m\u1eabu gi\u01b0\u1eddng g\u1ed7 \u0111em l\u1ea1i s\u1ef1 m\u1ed9c m\u1ea1c, gi\u1ea3n d\u1ecb cho kh\u00f4ng gian, mang n\u00e9t c\u1ed5 x\u01b0a. C\u0169ng c\u00f3 nh\u1eefng m\u1eabu gi\u01b0\u1eddng ng\u1ee7 g\u1ed7 \u0111em l\u1ea1i s\u1ef1 sang tr\u1ecdng, tinh t\u1ebf, mang phong c\u00e1ch hi\u1ec7n \u0111\u1ea1i. V\u00e0 c\u00f2n r\u1ea5t nhi\u1ec1u m\u1eabu m\u00e3 \u0111\u01b0\u1ee3c \u0111an xen gi\u1eefa c\u00e1c phong c\u00e1ch, l\u00e0m n\u1ed5i b\u1eadt kh\u00f4ng gian ph\u00f2ng ng\u1ee7 c\u1ee7a gia \u0111\u00ecnh b\u1ea1n. \u0110\u1eb7c bi\u1ec7t, N\u1ed9i Th\u1ea5t \u0110\u00ecnh Chinh thi\u1ebft k\u1ebf gi\u01b0\u1eddng ng\u1ee7 theo y\u00eau c\u1ea7u, \u0111\u00e1p \u1ee9ng m\u1ecdi y\u00eau c\u1ea7u v\u00e0 l\u00e0m h\u00e0i l\u00f2ng c\u1ea3 nh\u1eefng kh\u00e1ch h\u00e0ng kh\u00f3 t\u00ednh nh\u1ea5t.<\/p>\n<figure id=\"attachment_1417\" aria-describedby=\"caption-attachment-1417\" style=\"width: 800px\" class=\"wp-caption aligncenter\"><img decoding=\"async\" loading=\"lazy\" class=\"wp-image-1417 size-full\" src=\"https:\/\/noithatdinhchinh.vn\/wp-content\/uploads\/2020\/07\/thiet-ke-do-noi-that-theo-yeu-cau.jpg\" alt=\"Thi\u1ebft K\u1ebf \u0110\u1ed3 N\u1ed9i Th\u1ea5t Theo Y\u00eau C\u1ea7u\" width=\"800\" height=\"800\" srcset=\"https:\/\/noithatdinhchinh.vn\/wp-content\/uploads\/2020\/07\/thiet-ke-do-noi-that-theo-yeu-cau.jpg 800w, https:\/\/noithatdinhchinh.vn\/wp-content\/uploads\/2020\/07\/thiet-ke-do-noi-that-theo-yeu-cau-300x300.jpg 300w, https:\/\/noithatdinhchinh.vn\/wp-content\/uploads\/2020\/07\/thiet-ke-do-noi-that-theo-yeu-cau-100x100.jpg 100w, https:\/\/noithatdinhchinh.vn\/wp-content\/uploads\/2020\/07\/thiet-ke-do-noi-that-theo-yeu-cau-600x600.jpg 600w, https:\/\/noithatdinhchinh.vn\/wp-content\/uploads\/2020\/07\/thiet-ke-do-noi-that-theo-yeu-cau-400x400.jpg 400w, https:\/\/noithatdinhchinh.vn\/wp-content\/uploads\/2020\/07\/thiet-ke-do-noi-that-theo-yeu-cau-280x280.jpg 280w, https:\/\/noithatdinhchinh.vn\/wp-content\/uploads\/2020\/07\/thiet-ke-do-noi-that-theo-yeu-cau-768x768.jpg 768w\" sizes=\"(max-width: 800px) 100vw, 800px\" \/><figcaption id=\"caption-attachment-1417\" class=\"wp-caption-text\">Thi\u1ebft K\u1ebf \u0110\u1ed3 N\u1ed9i Th\u1ea5t Theo Y\u00eau C\u1ea7u<\/figcaption><\/figure>\n<h2 style=\"text-align: center;\"><span id=\"uu_diem_khi_su_dung_giuong_go_tu_nhien_trong_trang_tri_noi_that\" style=\"color: #ff0000;\">\u01afU \u0110I\u1ec2M C\u1ee6A S\u1ea2N PH\u1ea8M GI\u01af\u1edcNG NG\u1ee6 G\u1ed6 C\u00d3 NG\u0102N K\u00c9O\u00a0<\/span><\/h2>\n<h3><span style=\"color: #000080;\"><em>Gi\u01b0\u1eddng ng\u1ee7 c\u00f3 ng\u0103n k\u00e9o l\u00e0m b\u1eb1ng <\/em><\/span><span style=\"color: #000080;\"><em><span id=\"1_giuong_ngu_go_tu_nhien_co_do_ben_cao\">ch\u1ea5t li\u1ec7u g\u1ed7 t\u1ef1 nhi\u00ean <\/span><\/em><\/span><span style=\"color: #000080;\"><em><span id=\"1_giuong_ngu_go_tu_nhien_co_do_ben_cao\">c\u00f3 \u0111\u1ed9 b\u1ec1n cao, \u0111\u1eb9p m\u1eaft, ch\u1eafc ch\u1eafn<\/span><\/em><\/span><\/h3>\n<p>Gi\u01b0\u1eddng ng\u1ee7 th\u01b0\u1eddng \u0111\u01b0\u1ee3c l\u00e0m t\u1eeb c\u00e1c lo\u1ea1i g\u1ed7 t\u1ef1 nhi\u00ean nh\u01b0: g\u1ed7 xoan \u0111\u00e0o, g\u1ed7 \u00f3c ch\u00f3, g\u1ed7 s\u1ed3i, g\u1ed7 lim,\u2026 V\u00ec th\u1ebf m\u00e0 c\u00e1c s\u1ea3n ph\u1ea9m gi\u01b0\u1eddng g\u1ed7 lu\u00f4n \u0111\u01b0\u1ee3c \u0111\u00e1nh gi\u00e1 cao v\u1ec1 ch\u1ea5t l\u01b0\u1ee3ng v\u00e0 \u0111\u1ed9 b\u1ec1n qua th\u1eddi gian.<\/p>\n<p>Gi\u01b0\u1eddng ng\u1ee7 g\u1ed7 ki\u1ec3u d\u00e1ng \u0111\u01a1n gi\u1ea3n c\u00f3 kh\u1ea3 n\u0103ng ch\u1ecbu l\u1ef1c, ch\u1ecbu n\u01b0\u1edbc, ch\u1ecbu nhi\u1ec7t, ch\u1ed1ng m\u1ed1i m\u1ecdt t\u1ed1t. Do \u0111\u00f3 m\u00e0 tu\u1ed5i th\u1ecd c\u1ee7a s\u1ea3n ph\u1ea9m c\u00f3 th\u1ec3 l\u00ean \u0111\u1ebfn c\u1ea3 th\u1eadp k\u1ef7 ho\u1eb7c nhi\u1ec1u h\u01a1n th\u1ebf.<\/p>\n<figure id=\"attachment_1416\" aria-describedby=\"caption-attachment-1416\" style=\"width: 800px\" class=\"wp-caption aligncenter\"><img decoding=\"async\" loading=\"lazy\" class=\"wp-image-1416 size-full\" src=\"https:\/\/noithatdinhchinh.vn\/wp-content\/uploads\/2020\/07\/noi-that-go-tu-nhien.jpg\" alt=\"N\u1ed9i Th\u1ea5t G\u1ed7 T\u1ef1 Nhi\u00ean\" width=\"800\" height=\"800\" srcset=\"https:\/\/noithatdinhchinh.vn\/wp-content\/uploads\/2020\/07\/noi-that-go-tu-nhien.jpg 800w, https:\/\/noithatdinhchinh.vn\/wp-content\/uploads\/2020\/07\/noi-that-go-tu-nhien-300x300.jpg 300w, https:\/\/noithatdinhchinh.vn\/wp-content\/uploads\/2020\/07\/noi-that-go-tu-nhien-100x100.jpg 100w, https:\/\/noithatdinhchinh.vn\/wp-content\/uploads\/2020\/07\/noi-that-go-tu-nhien-600x600.jpg 600w, https:\/\/noithatdinhchinh.vn\/wp-content\/uploads\/2020\/07\/noi-that-go-tu-nhien-400x400.jpg 400w, https:\/\/noithatdinhchinh.vn\/wp-content\/uploads\/2020\/07\/noi-that-go-tu-nhien-280x280.jpg 280w, https:\/\/noithatdinhchinh.vn\/wp-content\/uploads\/2020\/07\/noi-that-go-tu-nhien-768x768.jpg 768w\" sizes=\"(max-width: 800px) 100vw, 800px\" \/><figcaption id=\"caption-attachment-1416\" class=\"wp-caption-text\">N\u1ed9i Th\u1ea5t G\u1ed7 T\u1ef1 Nhi\u00ean<\/figcaption><\/figure>\n<h3 style=\"font-size: 20.16px;\"><span style=\"color: #003366;\"><em><span id=\"2_mau_ma_va_kieu_dang_da_dang_phong_phu\">Gi\u01b0\u1eddng ng\u1ee7 g\u1ed7 cao c\u1ea5p v\u1edbi m\u1eabu m\u00e3 \u0111a d\u1ea1ng, ki\u1ec3u d\u00e1ng phong ph\u00fa<\/span><\/em><\/span><\/h3>\n<p>Gi\u01b0\u1eddng ng\u1ee7 cao c\u1ea5p b\u1eb1ng g\u1ed7 t\u1ef1 nhi\u00ean c\u00f3 m\u1eabu m\u00e3, ki\u1ec3u d\u00e1ng v\u00f4 c\u00f9ng \u0111a d\u1ea1ng v\u00e0 phong ph\u00fa. D\u00f9 b\u1ea1n ch\u1ecdn thi\u1ebft k\u1ebf n\u1ed9i th\u1ea5t hi\u1ec7n \u0111\u1ea1i hay thi\u1ebft k\u1ebf n\u1ed9i th\u1ea5t c\u1ed5 \u0111i\u1ec3n th\u00ec c\u00e1c m\u1eabu thi\u1ebft k\u1ebf gi\u01b0\u1eddng ng\u1ee7 \u0111a d\u1ea1ng t\u1eeb g\u1ed7 t\u1ef1 nhi\u00ean ho\u00e0n to\u00e0n l\u00e0m b\u1ea1n th\u1ea5y h\u00e0i l\u00f2ng.<\/p>\n<p>\u0110\u1eb7c bi\u1ec7t, m\u1ed7i lo\u1ea1i g\u1ed7 t\u1ef1 nhi\u00ean l\u1ea1i mang nh\u1eefng \u0111\u01b0\u1eddng v\u00e2n t\u1ef1 nhi\u00ean ri\u00eang bi\u1ec7t. M\u00e0 ch\u00fang ta kh\u00f4ng th\u1ec3 t\u00ecm th\u1ea5y nh\u1eefng \u0111\u01b0\u1eddng v\u00e2n \u0111\u00f3 tr\u00ean c\u00e1c lo\u1ea1i g\u1ed7 c\u00f4ng nghi\u1ec7p. V\u1edbi nh\u1eefng ng\u01b0\u1eddi s\u00e0nh g\u1ed7 th\u00ec ch\u1ec9 c\u1ea7n nh\u00ecn v\u00e0o v\u00e2n g\u1ed7 l\u00e0 h\u1ecd nh\u1eadn bi\u1ebft \u0111\u01b0\u1ee3c t\u00ean g\u1ed7, tu\u1ed5i g\u1ed7. V\u00e0 \u0111\u00e2y c\u0169ng l\u00e0 l\u00fd do m\u00e0 t\u1ea1i sao c\u00f9ng l\u00e0 s\u1ea3n ph\u1ea9m gi\u01b0\u1eddng g\u1ed7 c\u00f3 thi\u1ebft k\u1ebf gi\u1ed1ng nhau m\u00e0 gi\u00e1 c\u1ea3 l\u1ea1i kh\u00e1c nhau nh\u01b0 v\u1eady. B\u1edfi gi\u00e1 c\u1ee7a chi\u1ebfc gi\u01b0\u1eddng ng\u1ee7 \u0111\u1eaft hay r\u1ebb c\u00f2n ph\u1ee5 thu\u1ed9c v\u00e0o \u0111\u01b0\u1eddng v\u00e2n th\u1edb g\u1ed7 t\u1ef1 nhi\u00ean \u0111\u00f3.<\/p>\n<figure id=\"attachment_1415\" aria-describedby=\"caption-attachment-1415\" style=\"width: 800px\" class=\"wp-caption aligncenter\"><img decoding=\"async\" loading=\"lazy\" class=\"wp-image-1415 size-full\" src=\"https:\/\/noithatdinhchinh.vn\/wp-content\/uploads\/2020\/07\/guong-ngu-go-tu-nhien.jpg\" alt=\"Gi\u01b0\u1eddng Ng\u1ee7 C\u00f3 Ng\u0103n K\u00e9o L\u00e0m B\u1eb1ng G\u1ed7 T\u1ef1 Nhi\u00ean\" width=\"800\" height=\"800\" srcset=\"https:\/\/noithatdinhchinh.vn\/wp-content\/uploads\/2020\/07\/guong-ngu-go-tu-nhien.jpg 800w, https:\/\/noithatdinhchinh.vn\/wp-content\/uploads\/2020\/07\/guong-ngu-go-tu-nhien-300x300.jpg 300w, https:\/\/noithatdinhchinh.vn\/wp-content\/uploads\/2020\/07\/guong-ngu-go-tu-nhien-100x100.jpg 100w, https:\/\/noithatdinhchinh.vn\/wp-content\/uploads\/2020\/07\/guong-ngu-go-tu-nhien-600x600.jpg 600w, https:\/\/noithatdinhchinh.vn\/wp-content\/uploads\/2020\/07\/guong-ngu-go-tu-nhien-400x400.jpg 400w, https:\/\/noithatdinhchinh.vn\/wp-content\/uploads\/2020\/07\/guong-ngu-go-tu-nhien-280x280.jpg 280w, https:\/\/noithatdinhchinh.vn\/wp-content\/uploads\/2020\/07\/guong-ngu-go-tu-nhien-768x768.jpg 768w\" sizes=\"(max-width: 800px) 100vw, 800px\" \/><figcaption id=\"caption-attachment-1415\" class=\"wp-caption-text\">Gi\u01b0\u1eddng Ng\u1ee7 C\u00f3 Ng\u0103n K\u00e9o L\u00e0m B\u1eb1ng G\u1ed7 T\u1ef1 Nhi\u00ean<\/figcaption><\/figure>\n<h3><span style=\"color: #003366;\"><em><span id=\"3_giuong_go_tu_nhien_mang_den_giac_ngu_ngon\">Gi\u01b0\u1eddng ng\u1ee7 g\u1ed7 c\u00f3 ng\u0103n k\u00e9o hi\u1ec7n \u0111\u1ea1i gi\u00fap b\u1ea1n c\u00f3 nh\u1eefng gi\u1ea5c ng\u1ee7 ngon v\u00e0 s\u00e2u h\u01a1n<\/span><\/em><\/span><\/h3>\n<p>Gi\u01b0\u1eddng g\u1ed7 t\u1ef1 nhi\u00ean mang \u0111\u1ebfn cho ng\u01b0\u1eddi s\u1eed d\u1ee5ng gi\u1ea5c ng\u1ee7 ngon v\u00e0 s\u00e2u h\u01a1n. V\u1ebb \u0111\u1eb9p \u0111\u1ebfn t\u1eeb t\u1ef1 nhi\u00ean, c\u00f9ng v\u1edbi m\u00f9i h\u01b0\u01a1ng n\u1ed3ng n\u00e0n c\u1ee7a th\u00e2n g\u1ed7. C\u00f3 t\u00e1c \u0111\u1ed9ng t\u00edch c\u1ef1c \u0111\u1ebfn gi\u00e1c quan c\u1ee7a con ng\u01b0\u1eddi. Khi\u1ebfn ch\u00fang ta lu\u00f4n c\u1ea3m th\u1ea5y an to\u00e0n, b\u00ecnh y\u00ean, \u1ea5m \u00e1p.<\/p>\n<p>\u0110\u1ed1i v\u1edbi c\u00e1c ch\u1ea5t li\u1ec7u kh\u00e1c l\u00e0m s\u1ea3n ph\u1ea9m gi\u01b0\u1eddng ng\u1ee7 th\u01b0\u1eddng g\u00e2y ra ti\u1ebfng \u0111\u1ed9ng khi b\u1ea1n tr\u1edf m\u00ecnh. \u0110i\u1ec1u \u0111\u00f3 l\u00e0m \u1ea3nh h\u01b0\u1edfng \u0111\u1ebfn gi\u1ea5c ng\u1ee7 c\u1ee7a b\u1ea1n c\u0169ng nh\u01b0 ng\u01b0\u1eddi b\u00ean c\u1ea1nh. Nh\u01b0ng v\u1edbi ch\u1ea5t li\u1ec7u g\u1ed7 t\u1ef1 nhi\u00ean th\u00ec ho\u00e0n to\u00e0n kh\u1eafc ph\u1ee5c \u0111\u01b0\u1ee3c nh\u01b0\u1ee3c \u0111i\u1ec3m n\u00e0y.<\/p>\n<p>B\u00ean c\u1ea1nh \u0111\u00f3, gi\u01b0\u1eddng ng\u1ee7 g\u1ed7 t\u1ef1 nhi\u00ean c\u00f2n c\u00f3 \u00fd ngh\u0129a phong th\u1ee7y quan tr\u1ecdng cho kh\u00f4ng gian s\u1ed1ng nh\u00e0 b\u1ea1n. Gia ch\u1ee7 l\u1ef1a ch\u1ecdn \u0111\u01b0\u1ee3c m\u1ed9t chi\u1ebfc gi\u01b0\u1eddng h\u00e0i h\u00f2a v\u1ec1 ki\u1ec3u d\u00e1ng, m\u1eabu m\u00e3, k\u00edch th\u01b0\u1edbc,.. C\u00f9ng v\u1edbi vi\u1ec7c k\u00ea gi\u01b0\u1eddng \u0111\u00fang v\u1ecb tr\u00ed, h\u1ee3p phong th\u1ee7y. Mang nh\u1eefng \u0111i\u1ec1u t\u1ed1t \u0111\u1eb9p \u0111\u1ebfn cho gia ch\u1ee7, s\u1ee9c kh\u1ecfe d\u1ed3i d\u00e0o, h\u1ea1nh ph\u00fac vi\u00ean m\u00e3n.<\/p>\n<figure id=\"attachment_1414\" aria-describedby=\"caption-attachment-1414\" style=\"width: 800px\" class=\"wp-caption aligncenter\"><img decoding=\"async\" loading=\"lazy\" class=\"wp-image-1414 size-full\" src=\"https:\/\/noithatdinhchinh.vn\/wp-content\/uploads\/2020\/07\/do-noi-that-dep-cho-phong-ngu.jpg\" alt=\"Gi\u01b0\u1eddng Ng\u1ee7 C\u00f3 Ng\u0103n K\u00e9o\" width=\"800\" height=\"800\" srcset=\"https:\/\/noithatdinhchinh.vn\/wp-content\/uploads\/2020\/07\/do-noi-that-dep-cho-phong-ngu.jpg 800w, https:\/\/noithatdinhchinh.vn\/wp-content\/uploads\/2020\/07\/do-noi-that-dep-cho-phong-ngu-300x300.jpg 300w, https:\/\/noithatdinhchinh.vn\/wp-content\/uploads\/2020\/07\/do-noi-that-dep-cho-phong-ngu-100x100.jpg 100w, https:\/\/noithatdinhchinh.vn\/wp-content\/uploads\/2020\/07\/do-noi-that-dep-cho-phong-ngu-600x600.jpg 600w, https:\/\/noithatdinhchinh.vn\/wp-content\/uploads\/2020\/07\/do-noi-that-dep-cho-phong-ngu-400x400.jpg 400w, https:\/\/noithatdinhchinh.vn\/wp-content\/uploads\/2020\/07\/do-noi-that-dep-cho-phong-ngu-280x280.jpg 280w, https:\/\/noithatdinhchinh.vn\/wp-content\/uploads\/2020\/07\/do-noi-that-dep-cho-phong-ngu-768x768.jpg 768w\" sizes=\"(max-width: 800px) 100vw, 800px\" \/><figcaption id=\"caption-attachment-1414\" class=\"wp-caption-text\">Gi\u01b0\u1eddng Ng\u1ee7 C\u00f3 Ng\u0103n K\u00e9o<\/figcaption><\/figure>\n<h3><span style=\"color: #003366;\"><em><span id=\"4_giuong_go_tu_nhien_tao_cam_giac_gan_gui_voi_thien_nhien\">Gi\u01b0\u1eddng ng\u1ee7 c\u00f3 ng\u0103n k\u00e9o cao c\u1ea5p mang c\u1ea3m gi\u00e1c g\u1ea7n g\u0169i v\u1edbi thi\u00ean nhi\u00ean<\/span><\/em><\/span><\/h3>\n<p>Vi\u1ec7c s\u1eed d\u1ee5ng gi\u01b0\u1eddng ng\u1ee7 b\u1eb1ng g\u1ed7, \u0111\u1eb7c bi\u1ec7t l\u00e0 g\u1ed7 t\u1ef1 nhi\u00ean trong kh\u00f4ng gian n\u1ed9i th\u1ea5t l\u00e0 m\u1ed9t s\u1ef1 l\u1ef1a ch\u1ecdn th\u00f4ng minh. N\u00f3 k\u1ebft n\u1ed1i con ng\u01b0\u1eddi v\u1edbi th\u1ebf gi\u1edbi thi\u00ean nhi\u00ean t\u01b0\u01a1i \u0111\u1eb9p. M\u00e0u s\u1eafc, m\u00f9i h\u01b0\u01a1ng c\u1ee7a g\u1ed7 khi\u1ebfn b\u1ea1n c\u00f3 c\u1ea3m gi\u00e1c \u0111ang \u0111\u01b0\u1ee3c \u0111\u1eafm m\u00ecnh gi\u1eefa \u0111\u1ea5t tr\u1eddi, n\u00fai r\u1eebng h\u00f9ng v\u0129. V\u00ec th\u1ebf, con ng\u01b0\u1eddi c\u0169ng h\u00f2a \u0111\u1ed3ng v\u1edbi nh\u1ecbp s\u1ed1ng t\u1ef1 nhi\u00ean h\u01a1n, s\u1ee9c kh\u1ecfe \u0111\u01b0\u1ee3c c\u1ea3i thi\u1ec7n nhi\u1ec1u h\u01a1n. T\u1ea5t c\u1ea3 nh\u1edd v\u00e0o kh\u00f4ng gian s\u1ed1ng th\u00e2n thi\u1ec7n v\u00e0 g\u1ea7n g\u0169i v\u1edbi thi\u00ean nhi\u00ean.<\/p>\n<figure id=\"attachment_1418\" aria-describedby=\"caption-attachment-1418\" style=\"width: 800px\" class=\"wp-caption aligncenter\"><img decoding=\"async\" loading=\"lazy\" class=\"wp-image-1418 size-full\" src=\"https:\/\/noithatdinhchinh.vn\/wp-content\/uploads\/2020\/07\/xuong-cung-cap-do-go-tu-nhien-uy-tin.jpg\" alt=\"X\u01b0\u1edfng Cung C\u1ea5p \u0110\u1ed3 G\u1ed7 T\u1ef1 Nhi\u00ean Uy T\u00edn\" width=\"800\" height=\"800\" srcset=\"https:\/\/noithatdinhchinh.vn\/wp-content\/uploads\/2020\/07\/xuong-cung-cap-do-go-tu-nhien-uy-tin.jpg 800w, https:\/\/noithatdinhchinh.vn\/wp-content\/uploads\/2020\/07\/xuong-cung-cap-do-go-tu-nhien-uy-tin-300x300.jpg 300w, https:\/\/noithatdinhchinh.vn\/wp-content\/uploads\/2020\/07\/xuong-cung-cap-do-go-tu-nhien-uy-tin-100x100.jpg 100w, https:\/\/noithatdinhchinh.vn\/wp-content\/uploads\/2020\/07\/xuong-cung-cap-do-go-tu-nhien-uy-tin-600x600.jpg 600w, https:\/\/noithatdinhchinh.vn\/wp-content\/uploads\/2020\/07\/xuong-cung-cap-do-go-tu-nhien-uy-tin-400x400.jpg 400w, https:\/\/noithatdinhchinh.vn\/wp-content\/uploads\/2020\/07\/xuong-cung-cap-do-go-tu-nhien-uy-tin-280x280.jpg 280w, https:\/\/noithatdinhchinh.vn\/wp-content\/uploads\/2020\/07\/xuong-cung-cap-do-go-tu-nhien-uy-tin-768x768.jpg 768w\" sizes=\"(max-width: 800px) 100vw, 800px\" \/><figcaption id=\"caption-attachment-1418\" class=\"wp-caption-text\">X\u01b0\u1edfng Cung C\u1ea5p \u0110\u1ed3 G\u1ed7 T\u1ef1 Nhi\u00ean Uy T\u00edn<\/figcaption><\/figure>\n<h2 style=\"text-align: center;\"><span style=\"color: #ff0000;\">T\u1ea0I SAO N\u00caN CH\u1eccN N\u1ed8I TH\u1ea4T \u0110\u00ccNH CHINH L\u00c0M GI\u01af\u1edcNG NG\u1ee6 G\u1ed6<\/span><\/h2>\n<ul>\n<li class=\"bullet-checkmark\">N\u00f3i\u00a0<b>KH\u00d4NG<\/b>\u00a0v\u1edbi h\u00e0ng k\u00e9m ch\u1ea5t l\u01b0\u1ee3ng.<\/li>\n<li class=\"bullet-checkmark\"><strong>Gi\u00e1 g\u1ed1c<\/strong>\u00a0t\u1ea1i X\u01b0\u1edfng kh\u00f4ng qua trung gian. Gi\u00e1 lu\u00f4n r\u1ebb nh\u1ea5t th\u1ecb tr\u01b0\u1eddng<\/li>\n<li class=\"bullet-checkmark\">\u0110a d\u1ea1ng m\u1eabu m\u00e3, ch\u1ee7ng lo\u1ea1i<\/li>\n<li class=\"bullet-checkmark\">S\u1ea3n xu\u1ea5t v\u00e0 thi c\u00f4ng theo y\u00eau c\u1ea7u c\u1ee7a kh\u00e1ch.<\/li>\n<li class=\"bullet-checkmark\">Kh\u00e1ch c\u00f3 th\u1ec3 xem \u1ea3nh, video qu\u00e1 tr\u00ecnh s\u1ea3n xu\u1ea5t t\u1ea1i x\u01b0\u1edfng.<\/li>\n<li class=\"bullet-checkmark\">100% s\u1ea3n ph\u1ea9m \u0111\u01b0\u1ee3c l\u00e0m b\u1eb1ng\u00a0<strong>g\u1ed7 t\u1ef1 nhi\u00ean<\/strong>\u00a0\u0111\u00e3 qua t\u1ea9m s\u1ea5y, ch\u1ed1ng cong v\u00eanh, m\u1ed1i m\u1ecdt.<\/li>\n<li class=\"bullet-checkmark\">Nh\u1eadn \u0111\u1eb7t h\u00e0ng theo y\u00eau c\u1ea7u. \u0110\u1ea3m b\u1ea3o g\u1ed7 t\u1ed1t, g\u1ed7 th\u1eadt 100%. Ho\u00e0n thi\u1ec7n t\u1ec9 m\u1ec9, \u0111\u1eb9p kh\u00f4ng th\u1ec3 ch\u00ea.<\/li>\n<li class=\"bullet-checkmark\">Giao h\u00e0ng v\u00e0 thanh to\u00e1n t\u1eadn nh\u00e0 tr\u00ean to\u00e0n qu\u1ed1c.<\/li>\n<\/ul>\n","protected":false},"excerpt":{"rendered":"<p>N\u1ed9i Th\u1ea5t \u0110\u00ecnh Chinh mang \u0111\u1ebfn s\u1ea3n ph\u1ea9m gi\u01b0\u1eddng ng\u1ee7 g\u1ed7 t\u1ef1 nhi\u00ean v\u1edbi nhi\u1ec1u m\u1eabu m\u00e3, ki\u1ec3u d\u00e1ng \u0111\u1ec3 b\u1ea1n tho\u1ea3i m\u00e1i l\u1ef1a ch\u1ecdn. M\u1eabu gi\u01b0\u1eddng g\u1ed7 \u0111em l\u1ea1i s\u1ef1 m\u1ed9c m\u1ea1c, gi\u1ea3n d\u1ecb cho kh\u00f4ng gian, mang n\u00e9t c\u1ed5 x\u01b0a. Hay m\u1eabu gi\u01b0\u1eddng ng\u1ee7 g\u1ed7 \u0111em l\u1ea1i s\u1ef1 sang tr\u1ecdng, tinh t\u1ebf, mang phong c\u00e1ch hi\u1ec7n \u0111\u1ea1i. V\u00e0 c\u00f2n r\u1ea5t nhi\u1ec1u m\u1eabu m\u00e3 \u0111\u01b0\u1ee3c \u0111an xen gi\u1eefa c\u00e1c phong c\u00e1ch, l\u00e0m n\u1ed5i b\u1eadt kh\u00f4ng gian ph\u00f2ng ng\u1ee7 c\u1ee7a gia \u0111\u00ecnh b\u1ea1n. \u0110\u1eb7c bi\u1ec7t, N\u1ed9i Th\u1ea5t \u0110\u00ecnh Chinh thi\u1ebft k\u1ebf gi\u01b0\u1eddng ng\u1ee7 theo y\u00eau c\u1ea7u, \u0111\u00e1p \u1ee9ng m\u1ecdi y\u00eau c\u1ea7u v\u00e0 l\u00e0m h\u00e0i l\u00f2ng c\u1ea3 nh\u1eefng kh\u00e1ch h\u00e0ng kh\u00f3 t\u00ednh nh\u1ea5t.<\/p>\n<div role=\"form\" class=\"wpcf7\" id=\"wpcf7-f10-o1\" lang=\"en-US\" dir=\"ltr\">\n<div class=\"screen-reader-response\" role=\"alert\" aria-live=\"polite\"><\/div>\n<form action=\"\/index.php?rest_route=%2Fwp%2Fv2%2Fproduct%2F1413#wpcf7-f10-o1\" method=\"post\" class=\"wpcf7-form init\" novalidate=\"novalidate\">\n<div style=\"display: none;\">\n<input type=\"hidden\" name=\"_wpcf7\" value=\"10\" \/>\n<input type=\"hidden\" name=\"_wpcf7_version\" value=\"5.2.2\" \/>\n<input type=\"hidden\" name=\"_wpcf7_locale\" value=\"en_US\" \/>\n<input type=\"hidden\" name=\"_wpcf7_unit_tag\" value=\"wpcf7-f10-o1\" \/>\n<input type=\"hidden\" name=\"_wpcf7_container_post\" value=\"0\" \/>\n<input type=\"hidden\" name=\"_wpcf7_posted_data_hash\" value=\"\" \/>\n<\/div>\n<p><span style=\"font-size: 160%; color: #ed1c24;\">Y\u00caU C\u1ea6U T\u01af V\u1ea4N<\/span><\/p>\n<p>Ch\u00fang t\u00f4i s\u1ebd li\u00ean h\u1ec7 l\u1ea1i ngay khi nh\u1eadn \u0111\u01b0\u1ee3c y\u00eau c\u1ea7u c\u1ee7a qu\u00fd kh\u00e1ch!<\/p>\n<hr>\n<span class=\"wpcf7-form-control-wrap hoten\"><input type=\"text\" name=\"hoten\" value=\"\" size=\"40\" class=\"wpcf7-form-control wpcf7-text wpcf7-validates-as-required\" aria-required=\"true\" aria-invalid=\"false\" placeholder=\"H\u1ecd v\u00e0 t\u00ean\" \/><\/span><br \/>\n<span class=\"wpcf7-form-control-wrap email\"><input type=\"email\" name=\"email\" value=\"\" size=\"40\" class=\"wpcf7-form-control wpcf7-text wpcf7-email wpcf7-validates-as-email\" aria-invalid=\"false\" placeholder=\"Email c\u1ee7a b\u1ea1n\" \/><\/span><br \/>\n<span class=\"wpcf7-form-control-wrap sdt\"><input type=\"tel\" name=\"sdt\" value=\"\" size=\"40\" class=\"wpcf7-form-control wpcf7-text wpcf7-tel wpcf7-validates-as-required wpcf7-validates-as-tel\" aria-required=\"true\" aria-invalid=\"false\" placeholder=\"S\u1ed1 \u0111i\u1ec7n tho\u1ea1i c\u1ee7a b\u1ea1n\" \/><\/span><br \/>\n<input type=\"submit\" value=\"G\u1ecdi L\u1ea1i Ngay\" class=\"wpcf7-form-control wpcf7-submit\" \/><br \/>\n<span class=\"wpcf7-form-control-wrap sanpham\"><input type=\"hidden\" name=\"sanpham\" value=\"Gi\u01b0\u1eddng Ng\u1ee7 G\u1ed7 M\u1eabu 2\" size=\"40\" class=\"wpcf7-form-control wpcf7dtx-dynamictext wpcf7-dynamichidden\" aria-invalid=\"false\" \/><\/span><\/p>\n<div class=\"wpcf7-response-output\" role=\"alert\" aria-hidden=\"true\"><\/div><\/form><\/div>\n","protected":false},"featured_media":1415,"template":"","meta":[],"yoast_head":"<!-- This site is optimized with the Yoast SEO plugin v15.0 - https:\/\/yoast.com\/wordpress\/plugins\/seo\/ -->\n<title>Gi\u01b0\u1eddng Ng\u1ee7 C\u00f3 Ng\u0103n K\u00e9o - Thi\u1ebft K\u1ebf \u0110\u1ed3 N\u1ed9i Th\u1ea5t G\u1ed7 Uy T\u00edn<\/title>\n<meta name=\"description\" content=\"Cung c\u1ea5p gi\u01b0\u1eddng ng\u1ee7 c\u00f3 ng\u0103n k\u00e9o, gi\u01b0\u1eddng x\u1ebfp nh\u1ecf,...b\u1eb1ng g\u1ed7 t\u1ef1 nhi\u00ean. Thi\u1ebft k\u1ebf theo y\u00eau c\u1ea7u, phong c\u00e1ch c\u1ed5 x\u01b0a hay hi\u1ec7n \u0111\u1ea1i, \u0111\u00e1p \u1ee9ng m\u1ecdi y\u00eau c\u1ea7u kh\u00e1ch h\u00e0ng\" \/>\n<meta name=\"robots\" content=\"index, follow, max-snippet:-1, max-image-preview:large, max-video-preview:-1\" \/>\n<link rel=\"canonical\" href=\"https:\/\/noithatdinhchinh.vn\/?product=giuong-ngu-go-mau-2\" \/>\n<meta property=\"og:locale\" content=\"vi_VN\" \/>\n<meta property=\"og:type\" content=\"article\" \/>\n<meta property=\"og:title\" content=\"Gi\u01b0\u1eddng Ng\u1ee7 C\u00f3 Ng\u0103n K\u00e9o - Thi\u1ebft K\u1ebf \u0110\u1ed3 N\u1ed9i Th\u1ea5t G\u1ed7 Uy T\u00edn\" \/>\n<meta property=\"og:description\" content=\"Cung c\u1ea5p gi\u01b0\u1eddng ng\u1ee7 c\u00f3 ng\u0103n k\u00e9o, gi\u01b0\u1eddng x\u1ebfp nh\u1ecf,...b\u1eb1ng g\u1ed7 t\u1ef1 nhi\u00ean. Thi\u1ebft k\u1ebf theo y\u00eau c\u1ea7u, phong c\u00e1ch c\u1ed5 x\u01b0a hay hi\u1ec7n \u0111\u1ea1i, \u0111\u00e1p \u1ee9ng m\u1ecdi y\u00eau c\u1ea7u kh\u00e1ch h\u00e0ng\" \/>\n<meta property=\"og:url\" content=\"https:\/\/noithatdinhchinh.vn\/?product=giuong-ngu-go-mau-2\" \/>\n<meta property=\"og:site_name\" content=\"noithatdinhchinh\" \/>\n<meta property=\"article:modified_time\" content=\"2020-09-11T11:38:40+00:00\" \/>\n<meta property=\"og:image\" content=\"https:\/\/noithatdinhchinh.vn\/wp-content\/uploads\/2020\/07\/guong-ngu-go-tu-nhien.jpg\" \/>\n\t<meta property=\"og:image:width\" content=\"800\" \/>\n\t<meta property=\"og:image:height\" content=\"800\" \/>\n<meta name=\"twitter:card\" content=\"summary_large_image\" \/>\n<script type=\"application\/ld+json\" class=\"yoast-schema-graph\">{\"@context\":\"https:\/\/schema.org\",\"@graph\":[{\"@type\":\"WebSite\",\"@id\":\"https:\/\/noithatdinhchinh.vn\/#website\",\"url\":\"https:\/\/noithatdinhchinh.vn\/\",\"name\":\"noithatdinhchinh\",\"description\":\"\",\"potentialAction\":[{\"@type\":\"SearchAction\",\"target\":\"https:\/\/noithatdinhchinh.vn\/?s={search_term_string}\",\"query-input\":\"required name=search_term_string\"}],\"inLanguage\":\"vi\"},{\"@type\":\"ImageObject\",\"@id\":\"https:\/\/noithatdinhchinh.vn\/?product=giuong-ngu-go-mau-2#primaryimage\",\"inLanguage\":\"vi\",\"url\":\"https:\/\/noithatdinhchinh.vn\/wp-content\/uploads\/2020\/07\/guong-ngu-go-tu-nhien.jpg\",\"width\":800,\"height\":800,\"caption\":\"Gi\\u01b0\\u1eddng Ng\\u1ee7 C\\u00f3 Ng\\u0103n K\\u00e9o L\\u00e0m B\\u1eb1ng G\\u1ed7 T\\u1ef1 Nhi\\u00ean\"},{\"@type\":\"WebPage\",\"@id\":\"https:\/\/noithatdinhchinh.vn\/?product=giuong-ngu-go-mau-2#webpage\",\"url\":\"https:\/\/noithatdinhchinh.vn\/?product=giuong-ngu-go-mau-2\",\"name\":\"Gi\\u01b0\\u1eddng Ng\\u1ee7 C\\u00f3 Ng\\u0103n K\\u00e9o - Thi\\u1ebft K\\u1ebf \\u0110\\u1ed3 N\\u1ed9i Th\\u1ea5t G\\u1ed7 Uy T\\u00edn\",\"isPartOf\":{\"@id\":\"https:\/\/noithatdinhchinh.vn\/#website\"},\"primaryImageOfPage\":{\"@id\":\"https:\/\/noithatdinhchinh.vn\/?product=giuong-ngu-go-mau-2#primaryimage\"},\"datePublished\":\"2020-07-08T04:19:08+00:00\",\"dateModified\":\"2020-09-11T11:38:40+00:00\",\"description\":\"Cung c\\u1ea5p gi\\u01b0\\u1eddng ng\\u1ee7 c\\u00f3 ng\\u0103n k\\u00e9o, gi\\u01b0\\u1eddng x\\u1ebfp nh\\u1ecf,...b\\u1eb1ng g\\u1ed7 t\\u1ef1 nhi\\u00ean. Thi\\u1ebft k\\u1ebf theo y\\u00eau c\\u1ea7u, phong c\\u00e1ch c\\u1ed5 x\\u01b0a hay hi\\u1ec7n \\u0111\\u1ea1i, \\u0111\\u00e1p \\u1ee9ng m\\u1ecdi y\\u00eau c\\u1ea7u kh\\u00e1ch h\\u00e0ng\",\"inLanguage\":\"vi\",\"potentialAction\":[{\"@type\":\"ReadAction\",\"target\":[\"https:\/\/noithatdinhchinh.vn\/?product=giuong-ngu-go-mau-2\"]}]}]}<\/script>\n<!-- \/ Yoast SEO plugin. -->","_links":{"self":[{"href":"https:\/\/noithatdinhchinh.vn\/index.php?rest_route=\/wp\/v2\/product\/1413"}],"collection":[{"href":"https:\/\/noithatdinhchinh.vn\/index.php?rest_route=\/wp\/v2\/product"}],"about":[{"href":"https:\/\/noithatdinhchinh.vn\/index.php?rest_route=\/wp\/v2\/types\/product"}],"wp:featuredmedia":[{"embeddable":true,"href":"https:\/\/noithatdinhchinh.vn\/index.php?rest_route=\/wp\/v2\/media\/1415"}],"wp:attachment":[{"href":"https:\/\/noithatdinhchinh.vn\/index.php?rest_route=%2Fwp%2Fv2%2Fmedia&parent=1413"}],"curies":[{"name":"wp","href":"https:\/\/api.w.org\/{rel}","templated":true}]}}