{"id":1317,"date":"2020-07-01T01:59:19","date_gmt":"2020-06-30T18:59:19","guid":{"rendered":"https:\/\/noithatdinhchinh.vn\/?post_type=product&#038;p=1317"},"modified":"2020-07-12T13:42:47","modified_gmt":"2020-07-12T06:42:47","slug":"tu-giay-dep-mau-1","status":"publish","type":"product","link":"https:\/\/noithatdinhchinh.vn\/?product=tu-giay-dep-mau-1","title":{"rendered":"T\u1ee7 Gi\u00e0y D\u00e9p M\u1eabu 1"},"content":{"rendered":"<h2 style=\"text-align: center;\"><span style=\"color: #ff0000;\"><strong>T\u1ee6 GI\u00c0Y D\u00c9P G\u1ed6 &#8211; CUNG C\u1ea4P N\u1ed8I TH\u1ea4T G\u1ed6 GIA \u0110\u00ccNH HI\u1ec6N \u0110\u1ea0I\u00a0<\/strong><\/span><\/h2>\n<p>T\u1ee7 gi\u00e0y d\u00e9p g\u1ed7 l\u00e0 m\u1ed9t trong nh\u1eefng \u0111\u1ed3 n\u1ed9i th\u1ea5t thi\u1ebft y\u1ebfu c\u1ee7a m\u1ed7i gia \u0111\u00ecnh. T\u1ee7 gi\u00fap s\u1eafp x\u1ebfp gi\u00e0y d\u00e9p g\u1ecdn g\u00e0ng v\u00e0 mang t\u00ednh th\u1ea9m m\u1ef9 cao cho ng\u01b0\u1eddi s\u1eed d\u1ee5ng. Nh\u1eefng chi\u1ebfc t\u1ee7 gi\u00e0y d\u00e9p b\u1eb1ng g\u1ed7 th\u00f4ng minh, t\u1ee7 gi\u00e0y nhi\u1ec1u ng\u0103n, t\u1ee7 gi\u00e0y c\u00e1nh l\u1eadt,&#8230; V\u1edbi thi\u1ebft k\u1ebf tinh t\u1ebf, \u0111\u1eb9p m\u1eaft v\u00e0 ti\u1ec7n l\u1ee3i l\u00e0m cho ng\u00f4i nh\u00e0 c\u1ee7a b\u1ea1n th\u00eam ph\u1ea7n ng\u0103n n\u1eafp s\u1ea1ch s\u1ebd h\u01a1n.<\/p>\n<p>Hi\u1ec7n nay, nh\u1eefng m\u1eabu t\u1ee7 gi\u1ea7y gi\u00e0y d\u00e9p c\u00f3 ki\u1ec3u d\u00e1ng v\u00e0 thi\u1ebft k\u1ebf \u0111a d\u1ea1ng, phong ph\u00fa. T\u1eeb ki\u1ec3u d\u00e1ng c\u1ed5 \u0111i\u1ec3n \u0111\u1ebfn hi\u1ec7n \u0111\u1ea1i, t\u1eeb nh\u1eefng m\u00e0u tr\u1ea7m sang tr\u1ecdng \u0111\u1ebfn nh\u1eefng m\u00e0u s\u00e1ng tr\u1ebb trung. B\u00ean c\u1ea1nh \u0111\u00f3, t\u1ee7 gi\u00e0y c\u00f2n \u0111\u01b0\u1ee3c thi\u1ebft k\u1ebf k\u1ebft h\u1ee3p th\u00eam c\u00e1c t\u00ednh n\u0103ng gi\u00fap ng\u01b0\u1eddi d\u00f9ng s\u1eed d\u1ee5ng ti\u1ec7n l\u1ee3i h\u01a1n. \u0110\u1ebfn v\u1edbi N\u1ed9i Th\u1ea5t \u0110\u00ecnh Chinh, ch\u1eafc ch\u1eafn b\u1ea1n s\u1ebd t\u00ecm \u0111\u01b0\u1ee3c s\u1ea3n ph\u1ea9m \u01b0ng \u00fd v\u1edbi m\u1ee9c gi\u00e1 t\u1ed1t nh\u1ea5t tr\u00ean th\u1ecb tr\u01b0\u1eddng. Lu\u00f4n s\u00e1ng t\u1ea1o \u0111\u1ec3 \u0111\u01b0a ra nh\u1eefng m\u1eabu t\u1ee7 gi\u00e0y hi\u1ec7n \u0111\u1ea1i, th\u00f4ng minh v\u1edbi ki\u1ec3u d\u00e1ng b\u1eaft m\u1eaft, thu h\u00fat m\u1ecdi ng\u01b0\u1eddi ngay t\u1eeb c\u00e1i nh\u00ecn \u0111\u1ea7u ti\u00ean. \u0110\u1eb7c bi\u1ec7t, N\u1ed9i Th\u1ea5t \u0110\u00ecnh Chinh c\u00f2n thi\u1ebft k\u1ebf s\u1ea3n ph\u1ea9m theo y\u00eau c\u1ea7u c\u1ee7a kh\u00e1ch h\u00e0ng. L\u00e0m h\u00e0i l\u00f2ng t\u1eeb nh\u1eefng kh\u00e1ch h\u00e0ng kh\u00f3 t\u00ednh nh\u1ea5t.<\/p>\n<figure id=\"attachment_1490\" aria-describedby=\"caption-attachment-1490\" style=\"width: 700px\" class=\"wp-caption aligncenter\"><img decoding=\"async\" loading=\"lazy\" class=\"wp-image-1490 size-full\" src=\"https:\/\/noithatdinhchinh.vn\/wp-content\/uploads\/2020\/07\/tu-giay-dep-go-gia-re1.jpg\" alt=\"T\u1ee7 Gi\u00e0y D\u00e9p G\u1ed7 Gi\u00e1 R\u1ebb\" width=\"700\" height=\"525\" srcset=\"https:\/\/noithatdinhchinh.vn\/wp-content\/uploads\/2020\/07\/tu-giay-dep-go-gia-re1.jpg 700w, https:\/\/noithatdinhchinh.vn\/wp-content\/uploads\/2020\/07\/tu-giay-dep-go-gia-re1-600x450.jpg 600w, https:\/\/noithatdinhchinh.vn\/wp-content\/uploads\/2020\/07\/tu-giay-dep-go-gia-re1-533x400.jpg 533w\" sizes=\"(max-width: 700px) 100vw, 700px\" \/><figcaption id=\"caption-attachment-1490\" class=\"wp-caption-text\">T\u1ee7 Gi\u00e0y D\u00e9p G\u1ed7 Gi\u00e1 R\u1ebb<\/figcaption><\/figure>\n<h2 style=\"text-align: center;\"><strong><span style=\"color: #ff0000;\">\u01afU \u0110I\u1ec2M C\u1ee6A T\u1ee6 GI\u00c0Y D\u00c9P G\u1ed6 T\u1ea0I N\u1ed8I TH\u1ea4T \u0110\u00ccNH CHINH<\/span><\/strong><\/h2>\n<h3><span style=\"color: #003366;\"><em><b>T\u1ee7 gi\u00e0y d\u00e9p l\u00e0m b\u1eb1ng ch\u1ea5t li\u1ec7u g\u1ed7 t\u1ef1 nhi\u00ean, th\u00e2n thi\u1ec7n v\u1edbi m\u00f4i tr\u01b0\u1eddng.<\/b><\/em><\/span><\/h3>\n<p>\u0110\u01b0\u1ee3c l\u00e0m ho\u00e0n to\u00e0n t\u1eeb c\u00e1c lo\u1ea1i g\u1ed7 t\u1ef1 nhi\u00ean nh\u01b0 g\u1ed7 s\u1ed3i, g\u1ed7 xoan, g\u1ed7 . Nh\u01b0 \u0111\u00e3 bi\u1ebft, g\u1ed7 l\u00e0 nguy\u00ean li\u1ec7u t\u1ef1 nhi\u00ean n\u00ean r\u1ea5t l\u00e0nh t\u00ednh, th\u00e2n thi\u1ec7n v\u1edbi m\u00f4i tr\u01b0\u1eddng. V\u00e0 quan tr\u1ecdng l\u00e0 ch\u1ea5t li\u1ec7u an to\u00e0n cho s\u1ee9c kh\u1ecfe c\u1ee7a ch\u00ednh ch\u00fang ta. \u0110\u1eb7c bi\u1ec7t, ch\u1ea5t li\u1ec7u g\u1ed7 c\u00f2n r\u1ea5t b\u1ec1n v\u00e0 \u0111\u1eb9p.<\/p>\n<h3><em><span style=\"color: #003366;\"><b>T\u1ee7 \u0111\u1ef1ng gi\u00e0y d\u00e9p b\u1eb1ng g\u1ed7 c\u00f3 \u0111\u1ed9 b\u1ec1n cao.<\/b><\/span><\/em><\/h3>\n<p>\u0110\u01b0\u1ee3c l\u00e0m b\u1eb1ng ch\u1ea5t li\u1ec7u t\u1ef1 nhi\u00ean, ph\u1ee7 m\u1ed9t l\u1edbp s\u01a1n PU b\u00ean ngo\u00e0i. V\u1eeba mang l\u1ea1i th\u1ea9m m\u1ef9 cho s\u1ea3n ph\u1ea9m l\u1ea1i h\u1ea1n ch\u1ebf \u0111\u01b0\u1ee3c s\u1ef1 cong v\u00eanh. T\u1ee7 \u0111\u1ec3 gi\u00e0y d\u00e9p b\u1eb1ng g\u1ed7 c\u00f3 tu\u1ed5i th\u1ecd cao h\u01a1n r\u1ea5t nhi\u1ec1u so v\u1edbi c\u00e1c lo\u1ea1i t\u1ee7 nh\u1ef1a, t\u1ee7 s\u1eaft,..<\/p>\n<h3><span style=\"color: #003366;\"><em><strong>T\u1ee7 gi\u00e0y d\u00e9p b\u1eb1ng g\u1ed7 ki\u1ec3u d\u00e1ng \u0111\u01a1n gi\u1ea3n, hi\u1ec7n \u0111\u1ea1i.<\/strong><\/em><\/span><\/h3>\n<p>Nh\u1eefng s\u1ea3n ph\u1ea9m n\u1ed9i th\u1ea5t hi\u1ec7n nay \u0111\u1ec1u \u0111\u01b0\u1ee3c thi\u1ebft k\u1ebf \u0111\u1ec3 ph\u00f9 h\u1ee3p v\u1edbi kh\u00f4ng gian s\u1ed1ng gia \u0111\u00ecnh. V\u00ec v\u1eady, nh\u1eefng t\u1ee7 gi\u00e0y c\u00f3 ki\u1ec3u d\u00e1ng hi\u1ec7n \u0111\u1ea1i lu\u00f4n l\u00e0 l\u1ef1a ch\u1ecdn \u0111\u01b0\u1ee3c \u01b0u ti\u00ean h\u00e0ng \u0111\u1ea7u. T\u1ee7 gi\u1ea7y \u0111\u01b0\u1ee3c thi\u1ebft k\u1ebf v\u1edbi ki\u1ec3u d\u00e1ng thanh l\u1ecbch, hi\u1ec7n \u0111\u1ea1i nh\u01b0ng kh\u00f4ng qu\u00e1 ki\u1ec3u c\u00e1ch hay ch\u1ea1m kh\u1eafc hoa v\u0103n ph\u1ee9c t\u1ea1p. N\u1ed9i Th\u1ea5t \u0110\u00ecnh Chinh t\u1eadp trung v\u00e0o s\u1ef1 tinh t\u1ebf, c\u00e1c \u0111\u01b0\u1eddng n\u00e9t c\u1ee7a s\u1ea3n ph\u1ea9m \u0111\u1ec3 \u0111em \u0111\u1ebfn s\u1ea3n ph\u1ea9m h\u00e0i l\u00f2ng nh\u1ea5t cho kh\u00e1ch h\u00e0ng.<\/p>\n<p>Thi\u1ebft k\u1ebf \u0111\u01a1n gi\u1ea3n v\u1eeba gi\u00fap kh\u00f4ng gian ng\u00f4i nh\u00e0 c\u1ee7a b\u1ea1n th\u00eam ph\u1ea7n tr\u1ebb trung v\u00e0 hi\u1ec7n \u0111\u1ea1i. Ngo\u00e0i ra c\u00f2n d\u1ec5 d\u00e0ng v\u1ec7 sinh trong qu\u00e1 tr\u00ecnh s\u1eed d\u1ee5ng t\u1ee7.<\/p>\n<h3><span style=\"color: #003366;\"><em><strong>T\u1ee7 \u0111\u1ef1ng gi\u00e0y d\u00e9p th\u00f4ng minh thi\u1ebft k\u1ebf nh\u1ecf g\u1ecdn, ti\u1ebft ki\u1ec7m di\u1ec7n t\u00edch<\/strong><\/em><\/span><\/h3>\n<p>T\u00f9y thu\u1ed9c v\u00e0o kh\u00f4ng gian c\u1ee7a ng\u00f4i nh\u00e0 m\u00e0 ch\u00fang ta c\u00f3 nh\u1eefng s\u1ef1 l\u1ef1a ch\u1ecdn v\u1ec1 t\u1ee7 gi\u00e0y kh\u00e1c nhau. T\u1ee7 gi\u1ea7y hi\u1ec7n nay \u0111\u01b0\u1ee3c thi\u1ebft k\u1ebf s\u00e1ng t\u1ea1o v\u1edbi k\u00edch th\u01b0\u1edbc nh\u1ecf g\u1ecdn \u0111\u1ec3 ph\u00f9 h\u1ee3p v\u1edbi kh\u00f4ng gian s\u1ed1ng hi\u1ec7n \u0111\u1ea1i. \u0110\u00e1p \u1ee9ng nhu c\u1ea7u s\u1eed d\u1ee5ng c\u1ee7a m\u1ecdi gia \u0111\u00ecnh, k\u1ec3 c\u1ea3 nh\u1eefng gia \u0111\u00ecnh \u1edf chung c\u01b0 di\u1ec7n t\u00edch nh\u1ecf h\u1eb9p.<\/p>\n<p>\u0110\u1ec3 t\u0103ng kh\u1ea3 n\u0103ng l\u01b0u tr\u1eef, nh\u1eefng m\u1eabu t\u1ee7, k\u1ec7 \u0111\u00e9p th\u01b0\u1eddng \u0111\u01b0\u1ee3c thi\u1ebft k\u1ebf th\u00e0nh nhi\u1ec1u t\u1ea7ng. V\u1eeba kh\u00f4ng t\u1ed1n di\u1ec7n t\u00edch, l\u1ea1i c\u00f3 th\u1ec3 \u0111\u1ec3 \u0111\u01b0\u1ee3c nhi\u1ec1u. Nh\u1eefng chi\u1ebfc k\u1ec7 gi\u00e0y th\u00f4ng minh c\u00f2n c\u00f3 th\u1ec3 thay \u0111\u1ed5i k\u00edch th\u01b0\u1edbc, hay \u0111\u01b0\u1ee3c g\u1ea5p g\u1ecdn g\u00e0ng khi kh\u00f4ng s\u1eed d\u1ee5ng.<\/p>\n<h3><span style=\"color: #003366;\"><strong><em>T\u1ee7 gi\u00e0y d\u00e9p g\u1ed7 th\u00f4ng minh t\u00edch h\u1ee3p th\u00eam nhi\u1ec1u t\u00ednh n\u0103ng ti\u1ec7n l\u1ee3i.<\/em><\/strong><\/span><\/h3>\n<p>T\u1ee7 \u0111\u1ef1ng gi\u00e0y kh\u00f4ng ng\u1eebng \u0111\u01b0\u1ee3c c\u1ea3i thi\u1ec7n v\u1ec1 ki\u1ec3u d\u00e1ng, m\u1eabu m\u00e3. B\u00ean c\u1ea1nh \u0111\u00f3 c\u00f2n \u0111\u01b0\u1ee3c thi\u1ebft k\u1ebf \u0111\u1ec3 \u0111ang d\u1ea1ng h\u00f3a ch\u1ee9c n\u0103ng c\u1ee7a ch\u00fang. B\u1edfi v\u1eady, b\u1ea1n c\u00f3 th\u1ec3 d\u1ec5 d\u00e0ng t\u00ecm th\u1ea5y nh\u1eefng m\u1eabu t\u1ee7 gi\u1ea7y c\u00f3 kh\u00f4ng gian l\u01b0u tr\u1eef l\u1edbn. Hay \u0111\u01b0\u1ee3c chia th\u00e0nh nhi\u1ec1u ng\u0103n cho nhi\u1ec1u m\u1ee5c \u0111\u00edch s\u1eed d\u1ee5ng kh\u00e1c nhau. Nhi\u1ec1u m\u1eabu t\u1ee7 c\u00f2n \u0111\u01b0\u1ee3c thi\u1ebft k\u1ebf th\u00eam gh\u1ebf ng\u1ed3i hay t\u1ee7 k\u00e9o.<\/p>\n<h2 style=\"text-align: center;\"><span style=\"color: #ff0000;\"><strong>L\u00dd DO N\u00caN CH\u1eccN N\u1ed8I TH\u1ea4T \u0110\u00ccNH CHINH L\u00c0M T\u1ee6 GI\u1ea6Y D\u00c9P B\u1eb0NG G\u1ed6<\/strong><\/span><\/h2>\n<ul>\n<li class=\"bullet-checkmark\">N\u00f3i\u00a0<b>KH\u00d4NG<\/b>\u00a0v\u1edbi h\u00e0ng k\u00e9m ch\u1ea5t l\u01b0\u1ee3ng.<\/li>\n<li class=\"bullet-checkmark\"><strong>Gi\u00e1 g\u1ed1c<\/strong>\u00a0t\u1ea1i X\u01b0\u1edfng kh\u00f4ng qua trung gian. Gi\u00e1 lu\u00f4n r\u1ebb nh\u1ea5t th\u1ecb tr\u01b0\u1eddng<\/li>\n<li class=\"bullet-checkmark\">\u0110a d\u1ea1ng m\u1eabu m\u00e3, ch\u1ee7ng lo\u1ea1i<\/li>\n<li class=\"bullet-checkmark\">S\u1ea3n xu\u1ea5t v\u00e0 thi c\u00f4ng theo y\u00eau c\u1ea7u c\u1ee7a kh\u00e1ch.<\/li>\n<li class=\"bullet-checkmark\">Kh\u00e1ch c\u00f3 th\u1ec3 xem \u1ea3nh, video qu\u00e1 tr\u00ecnh s\u1ea3n xu\u1ea5t t\u1ea1i x\u01b0\u1edfng.<\/li>\n<li class=\"bullet-checkmark\">100% s\u1ea3n ph\u1ea9m \u0111\u01b0\u1ee3c l\u00e0m b\u1eb1ng\u00a0<strong>g\u1ed7 t\u1ef1 nhi\u00ean<\/strong>\u00a0\u0111\u00e3 qua t\u1ea9m s\u1ea5y, ch\u1ed1ng cong v\u00eanh, m\u1ed1i m\u1ecdt.<\/li>\n<li class=\"bullet-checkmark\">Nh\u1eadn \u0111\u1eb7t h\u00e0ng theo y\u00eau c\u1ea7u. \u0110\u1ea3m b\u1ea3o g\u1ed7 t\u1ed1t, g\u1ed7 th\u1eadt 100%. Ho\u00e0n thi\u1ec7n t\u1ec9 m\u1ec9, \u0111\u1eb9p kh\u00f4ng th\u1ec3 ch\u00ea.<\/li>\n<li class=\"bullet-checkmark\">Giao h\u00e0ng v\u00e0 thanh to\u00e1n t\u1eadn nh\u00e0 tr\u00ean to\u00e0n qu\u1ed1c.<\/li>\n<\/ul>\n","protected":false},"excerpt":{"rendered":"<p>T\u1ee7 gi\u00e0y d\u00e9p \u0111\u01b0\u1ee3c l\u00e0m t\u1eeb g\u1ed7 t\u1ef1 nhi\u00ean nh\u01b0 g\u1ed7 s\u1ed3i, g\u1ed7 xoan,..v\u00e0 c\u00e1c lo\u1ea1i g\u1ed7 kh\u00e1c. Thi\u1ebft k\u1ebf \u0111\u01a1n gi\u1ea3n v\u1eeba gi\u00fap kh\u00f4ng gian ng\u00f4i nh\u00e0 c\u1ee7a b\u1ea1n th\u00eam ph\u1ea7n tr\u1ebb trung v\u00e0 hi\u1ec7n \u0111\u1ea1i. Ki\u1ec3u d\u00e1ng \u0111a dang, phong ph\u00fa, t\u1eeb truy\u1ec1n th\u1ed1ng \u0111\u1ebfn hi\u1ec7n \u0111\u1ea1i, ph\u00f9 h\u1ee3p v\u1edbi kh\u00f4ng gian m\u1ecdi gia \u0111\u00ecnh.<\/p>\n<div role=\"form\" class=\"wpcf7\" id=\"wpcf7-f10-o1\" lang=\"en-US\" dir=\"ltr\">\n<div class=\"screen-reader-response\" role=\"alert\" aria-live=\"polite\"><\/div>\n<form action=\"\/index.php?rest_route=%2Fwp%2Fv2%2Fproduct%2F1317#wpcf7-f10-o1\" method=\"post\" class=\"wpcf7-form init\" novalidate=\"novalidate\">\n<div style=\"display: none;\">\n<input type=\"hidden\" name=\"_wpcf7\" value=\"10\" \/>\n<input type=\"hidden\" name=\"_wpcf7_version\" value=\"5.2.2\" \/>\n<input type=\"hidden\" name=\"_wpcf7_locale\" value=\"en_US\" \/>\n<input type=\"hidden\" name=\"_wpcf7_unit_tag\" value=\"wpcf7-f10-o1\" \/>\n<input type=\"hidden\" name=\"_wpcf7_container_post\" value=\"0\" \/>\n<input type=\"hidden\" name=\"_wpcf7_posted_data_hash\" value=\"\" \/>\n<\/div>\n<p><span style=\"font-size: 160%; color: #ed1c24;\">Y\u00caU C\u1ea6U T\u01af V\u1ea4N<\/span><\/p>\n<p>Ch\u00fang t\u00f4i s\u1ebd li\u00ean h\u1ec7 l\u1ea1i ngay khi nh\u1eadn \u0111\u01b0\u1ee3c y\u00eau c\u1ea7u c\u1ee7a qu\u00fd kh\u00e1ch!<\/p>\n<hr>\n<span class=\"wpcf7-form-control-wrap hoten\"><input type=\"text\" name=\"hoten\" value=\"\" size=\"40\" class=\"wpcf7-form-control wpcf7-text wpcf7-validates-as-required\" aria-required=\"true\" aria-invalid=\"false\" placeholder=\"H\u1ecd v\u00e0 t\u00ean\" \/><\/span><br \/>\n<span class=\"wpcf7-form-control-wrap email\"><input type=\"email\" name=\"email\" value=\"\" size=\"40\" class=\"wpcf7-form-control wpcf7-text wpcf7-email wpcf7-validates-as-email\" aria-invalid=\"false\" placeholder=\"Email c\u1ee7a b\u1ea1n\" \/><\/span><br \/>\n<span class=\"wpcf7-form-control-wrap sdt\"><input type=\"tel\" name=\"sdt\" value=\"\" size=\"40\" class=\"wpcf7-form-control wpcf7-text wpcf7-tel wpcf7-validates-as-required wpcf7-validates-as-tel\" aria-required=\"true\" aria-invalid=\"false\" placeholder=\"S\u1ed1 \u0111i\u1ec7n tho\u1ea1i c\u1ee7a b\u1ea1n\" \/><\/span><br \/>\n<input type=\"submit\" value=\"G\u1ecdi L\u1ea1i Ngay\" class=\"wpcf7-form-control wpcf7-submit\" \/><br \/>\n<span class=\"wpcf7-form-control-wrap sanpham\"><input type=\"hidden\" name=\"sanpham\" value=\"T\u1ee7 Gi\u00e0y D\u00e9p M\u1eabu 1\" size=\"40\" class=\"wpcf7-form-control wpcf7dtx-dynamictext wpcf7-dynamichidden\" aria-invalid=\"false\" \/><\/span><\/p>\n<div class=\"wpcf7-response-output\" role=\"alert\" aria-hidden=\"true\"><\/div><\/form><\/div>\n","protected":false},"featured_media":1490,"template":"","meta":[],"yoast_head":"<!-- This site is optimized with the Yoast SEO plugin v15.0 - https:\/\/yoast.com\/wordpress\/plugins\/seo\/ -->\n<title>T\u1ee7 Gi\u00e0y D\u00e9p G\u1ed7 - Cung C\u1ea5p N\u1ed9i Th\u1ea5t G\u1ed7 Gia \u0110\u00ecnh Hi\u1ec7n \u0110\u1ea1i - Sang Tr\u1ecdng<\/title>\n<meta name=\"description\" content=\"Chuy\u00ean cung c\u1ea5p \u0111\u1ed3 n\u1ed9i th\u1ea5t g\u1ed7 uy t\u00edn cho gia \u0111\u00ecnh nh\u01b0 b\u00e0n gh\u1ebf ph\u00f2ng kh\u00e1ch, t\u1ee7 k\u1ec7 tivi, t\u1ee7 gi\u00e0y d\u00e9p, gi\u01b0\u1eddng, n\u1ed9i th\u1ea5t ph\u00f2ng b\u1ebfp,...\" \/>\n<meta name=\"robots\" content=\"index, follow, max-snippet:-1, max-image-preview:large, max-video-preview:-1\" \/>\n<link rel=\"canonical\" href=\"https:\/\/noithatdinhchinh.vn\/?product=tu-giay-dep-mau-1\" \/>\n<meta property=\"og:locale\" content=\"vi_VN\" \/>\n<meta property=\"og:type\" content=\"article\" \/>\n<meta property=\"og:title\" content=\"T\u1ee7 Gi\u00e0y D\u00e9p G\u1ed7 - Cung C\u1ea5p N\u1ed9i Th\u1ea5t G\u1ed7 Gia \u0110\u00ecnh Hi\u1ec7n \u0110\u1ea1i - Sang Tr\u1ecdng\" \/>\n<meta property=\"og:description\" content=\"Chuy\u00ean cung c\u1ea5p \u0111\u1ed3 n\u1ed9i th\u1ea5t g\u1ed7 uy t\u00edn cho gia \u0111\u00ecnh nh\u01b0 b\u00e0n gh\u1ebf ph\u00f2ng kh\u00e1ch, t\u1ee7 k\u1ec7 tivi, t\u1ee7 gi\u00e0y d\u00e9p, gi\u01b0\u1eddng, n\u1ed9i th\u1ea5t ph\u00f2ng b\u1ebfp,...\" \/>\n<meta property=\"og:url\" content=\"https:\/\/noithatdinhchinh.vn\/?product=tu-giay-dep-mau-1\" \/>\n<meta property=\"og:site_name\" content=\"noithatdinhchinh\" \/>\n<meta property=\"article:modified_time\" content=\"2020-07-12T06:42:47+00:00\" \/>\n<meta property=\"og:image\" content=\"https:\/\/noithatdinhchinh.vn\/wp-content\/uploads\/2020\/07\/tu-giay-dep-go-gia-re1.jpg\" \/>\n\t<meta property=\"og:image:width\" content=\"700\" \/>\n\t<meta property=\"og:image:height\" content=\"525\" \/>\n<meta name=\"twitter:card\" content=\"summary_large_image\" \/>\n<script type=\"application\/ld+json\" class=\"yoast-schema-graph\">{\"@context\":\"https:\/\/schema.org\",\"@graph\":[{\"@type\":\"WebSite\",\"@id\":\"https:\/\/noithatdinhchinh.vn\/#website\",\"url\":\"https:\/\/noithatdinhchinh.vn\/\",\"name\":\"noithatdinhchinh\",\"description\":\"\",\"potentialAction\":[{\"@type\":\"SearchAction\",\"target\":\"https:\/\/noithatdinhchinh.vn\/?s={search_term_string}\",\"query-input\":\"required name=search_term_string\"}],\"inLanguage\":\"vi\"},{\"@type\":\"ImageObject\",\"@id\":\"https:\/\/noithatdinhchinh.vn\/?product=tu-giay-dep-mau-1#primaryimage\",\"inLanguage\":\"vi\",\"url\":\"https:\/\/noithatdinhchinh.vn\/wp-content\/uploads\/2020\/07\/tu-giay-dep-go-gia-re1.jpg\",\"width\":700,\"height\":525,\"caption\":\"T\\u1ee7 Gi\\u00e0y D\\u00e9p G\\u1ed7 Gi\\u00e1 R\\u1ebb\"},{\"@type\":\"WebPage\",\"@id\":\"https:\/\/noithatdinhchinh.vn\/?product=tu-giay-dep-mau-1#webpage\",\"url\":\"https:\/\/noithatdinhchinh.vn\/?product=tu-giay-dep-mau-1\",\"name\":\"T\\u1ee7 Gi\\u00e0y D\\u00e9p G\\u1ed7 - Cung C\\u1ea5p N\\u1ed9i Th\\u1ea5t G\\u1ed7 Gia \\u0110\\u00ecnh Hi\\u1ec7n \\u0110\\u1ea1i - Sang Tr\\u1ecdng\",\"isPartOf\":{\"@id\":\"https:\/\/noithatdinhchinh.vn\/#website\"},\"primaryImageOfPage\":{\"@id\":\"https:\/\/noithatdinhchinh.vn\/?product=tu-giay-dep-mau-1#primaryimage\"},\"datePublished\":\"2020-06-30T18:59:19+00:00\",\"dateModified\":\"2020-07-12T06:42:47+00:00\",\"description\":\"Chuy\\u00ean cung c\\u1ea5p \\u0111\\u1ed3 n\\u1ed9i th\\u1ea5t g\\u1ed7 uy t\\u00edn cho gia \\u0111\\u00ecnh nh\\u01b0 b\\u00e0n gh\\u1ebf ph\\u00f2ng kh\\u00e1ch, t\\u1ee7 k\\u1ec7 tivi, t\\u1ee7 gi\\u00e0y d\\u00e9p, gi\\u01b0\\u1eddng, n\\u1ed9i th\\u1ea5t ph\\u00f2ng b\\u1ebfp,...\",\"inLanguage\":\"vi\",\"potentialAction\":[{\"@type\":\"ReadAction\",\"target\":[\"https:\/\/noithatdinhchinh.vn\/?product=tu-giay-dep-mau-1\"]}]}]}<\/script>\n<!-- \/ Yoast SEO plugin. -->","_links":{"self":[{"href":"https:\/\/noithatdinhchinh.vn\/index.php?rest_route=\/wp\/v2\/product\/1317"}],"collection":[{"href":"https:\/\/noithatdinhchinh.vn\/index.php?rest_route=\/wp\/v2\/product"}],"about":[{"href":"https:\/\/noithatdinhchinh.vn\/index.php?rest_route=\/wp\/v2\/types\/product"}],"wp:featuredmedia":[{"embeddable":true,"href":"https:\/\/noithatdinhchinh.vn\/index.php?rest_route=\/wp\/v2\/media\/1490"}],"wp:attachment":[{"href":"https:\/\/noithatdinhchinh.vn\/index.php?rest_route=%2Fwp%2Fv2%2Fmedia&parent=1317"}],"curies":[{"name":"wp","href":"https:\/\/api.w.org\/{rel}","templated":true}]}}