{"id":1164,"date":"2020-05-13T22:18:31","date_gmt":"2020-05-13T15:18:31","guid":{"rendered":"https:\/\/noithatdinhchinh.vn\/?post_type=product&#038;p=1164"},"modified":"2020-08-21T07:54:58","modified_gmt":"2020-08-21T00:54:58","slug":"ban-ghe-go-lien-khoi","status":"publish","type":"product","link":"https:\/\/noithatdinhchinh.vn\/?product=ban-ghe-go-lien-khoi","title":{"rendered":"B\u00e0n Gh\u1ebf Ph\u00f2ng Kh\u00e1ch M\u1eabu 9"},"content":{"rendered":"<h2 style=\"text-align: center;\"><strong><span style=\"font-size: 100%; color: #d83131;\">B\u00c0N GH\u1ebe G\u1ed6 LI\u1ec0N KH\u1ed0I &#8211; THI\u1ebeT K\u1ebe N\u1ed8I TH\u1ea4T \u0110\u1ed2 G\u1ed6 T\u1ef0 NHI\u00caN<\/span><\/strong><\/h2>\n<p>B\u00e0n gh\u1ebf g\u1ed7 li\u1ec1n kh\u1ed1i v\u1edbi ch\u1ea5t li\u1ec7u g\u1ed7 t\u1ef1 nhi\u00ean mang \u0111\u1ebfn s\u1ef1 sang tr\u1ecdng v\u00e0 hi\u1ec7n \u0111\u1ea1i. Ph\u00f9 h\u1ee3p v\u1edbi nhi\u1ec1u kh\u00f4ng gian ph\u00f2ng kh\u00e1ch kh\u00e1c nhau. Hi\u1ec7n \u0111ang \u0111\u01b0\u1ee3c nhi\u1ec1u gia \u0111\u00ecnh l\u1ef1a ch\u1ecdn l\u00e0m \u0111\u1ed3 n\u1ed9i th\u1ea5t cho gia \u0111\u00ecnh.<\/p>\n<p>M\u1ed9t b\u1ed9 b\u00e0n gh\u1ebf \u0111\u1eb9p kh\u00f4ng nh\u1ea5t thi\u1ebft ph\u1ea3i c\u00f3 h\u1ecda ti\u1ebft c\u1ea7u k\u1ef3. M\u00e0 quan tr\u1ecdng h\u01a1n h\u1ebft \u0111\u00f3 l\u00e0 s\u1ef1 h\u00e0i h\u00f2a, \u0111\u1ed3ng \u0111i\u1ec7u v\u1edbi c\u0103n ph\u00f2ng. L\u00e0m n\u1ed5i b\u1eadt l\u00ean kh\u00f4ng gian n\u1ed9i th\u1ea5t ph\u00f2ng kh\u00e1ch c\u1ee7a gia \u0111\u00ecnh. Ch\u00ednh v\u00ec th\u1ebf, N\u1ed9i Th\u1ea5t \u0110\u00ecnh Chinh mang t\u1edbi m\u1ed9t phong c\u00e1ch thi\u1ebft k\u1ebf hi\u1ec7n \u0111\u1ea1i, k\u1ebft h\u1ee3p v\u1edbi m\u1ed9t ch\u00fat truy\u1ec1n th\u1ed1ng. T\u1ea1o n\u00ean m\u1ed9t m\u1eabu b\u00e0n gh\u1ebf g\u1ed7 ph\u00f2ng kh\u00e1ch ho\u00e0n h\u1ea3o cho gia \u0111\u00ecnh b\u1ea1n.<\/p>\n<figure id=\"attachment_1166\" aria-describedby=\"caption-attachment-1166\" style=\"width: 800px\" class=\"wp-caption aligncenter\"><img decoding=\"async\" loading=\"lazy\" class=\"wp-image-1166 size-full\" src=\"https:\/\/noithatdinhchinh.vn\/wp-content\/uploads\/2020\/05\/ban-ghe-go-lien-khoi.jpg\" alt=\"B\u00e0n Gh\u1ebf G\u1ed7 Li\u1ec1n Kh\u1ed1i\" width=\"800\" height=\"606\" srcset=\"https:\/\/noithatdinhchinh.vn\/wp-content\/uploads\/2020\/05\/ban-ghe-go-lien-khoi.jpg 800w, https:\/\/noithatdinhchinh.vn\/wp-content\/uploads\/2020\/05\/ban-ghe-go-lien-khoi-600x455.jpg 600w, https:\/\/noithatdinhchinh.vn\/wp-content\/uploads\/2020\/05\/ban-ghe-go-lien-khoi-528x400.jpg 528w, https:\/\/noithatdinhchinh.vn\/wp-content\/uploads\/2020\/05\/ban-ghe-go-lien-khoi-768x582.jpg 768w\" sizes=\"(max-width: 800px) 100vw, 800px\" \/><figcaption id=\"caption-attachment-1166\" class=\"wp-caption-text\">B\u00e0n Gh\u1ebf G\u1ed7 Li\u1ec1n Kh\u1ed1i<\/figcaption><\/figure>\n<h3 style=\"text-align: center;\"><strong><span style=\"font-size: 100%; color: #333399;\">\u01afU \u0110I\u1ec2M V\u01af\u1ee2T TR\u1ed8I C\u1ee6A B\u00c0N GH\u1ebe G\u1ed6 LI\u1ec0N KH\u1ed0I T\u1ea0I N\u1ed8I TH\u1ea4T \u0110\u00ccNH CHINH<\/span><\/strong><\/h3>\n<h4><strong><span style=\"color: #008000; font-size: 100%;\"><em>B\u00e0n gh\u1ebf g\u1ed7 li\u1ec1n kh\u1ed1i cho ph\u00f2ng kh\u00e1ch nh\u1ecf ch\u1ea5t li\u1ec7u g\u1ed7 t\u1ef1 nhi\u00ean, c\u00f3 \u0111\u1ed9 b\u1ec1n cao, s\u1eed d\u1ee5ng l\u00e2u d\u00e0i.<\/em><\/span><\/strong><\/h4>\n<p>S\u1ea3n ph\u1ea9m \u0111\u01b0\u1ee3c nhi\u1ec1u gia \u0111\u00ecnh l\u1ef1a ch\u1ecdn v\u00e0 s\u1eed d\u1ee5ng \u0111\u1ec3 l\u00e0m \u0111\u1ed3 n\u1ed9i th\u1ea5t cho ph\u00f2ng kh\u00e1ch. B\u1edfi g\u1ed7 l\u00e0 lo\u1ea1i ch\u1ea5t li\u1ec7u b\u1ec1n, ch\u1eafc, kh\u00f4ng cong v\u00eanh, kh\u00f4ng m\u1ed1i m\u1ecdt, \u0111\u00e1p \u1ee9ng \u0111\u01b0\u1ee3c v\u1edbi \u0111i\u1ec1u ki\u1ec7n c\u1ee7a kh\u00ed h\u1eadu Vi\u1ec7t Nam. S\u1eed d\u1ee5ng b\u00e0n gh\u1ebf g\u1ed7 c\u1ee7a N\u1ed9i Th\u1ea5t \u0110\u00ecnh Chinh, ng\u01b0\u1eddi d\u00f9ng c\u00f3 th\u1ec3 c\u1ea3m nh\u1eadn \u0111\u01b0\u1ee3c s\u1ef1 hi\u1ec7n \u0111\u1ea1i nh\u1ea5t trong ch\u00ednh kh\u00f4ng gian c\u0103n ph\u00f2ng.<\/p>\n<p>Hi\u1ec7n nay c\u00f3 nhi\u1ec1u c\u00e1c d\u00f2ng gh\u1ebf g\u1ed7 t\u1ef1 nhi\u00ean \u0111\u01b0\u1ee3c s\u1eed d\u1ee5ng nh\u01b0 g\u1ed7 \u00f3c ch\u00f3, g\u1ed7 s\u1ed3i, g\u1ed7 t\u1ea7n b\u00ec, g\u1ed7 h\u01b0\u01a1ng&#8230; \u0110\u1ec3 l\u00e0m n\u1ed9i th\u1ea5t gia \u0111\u00ecnh th\u1eadm ch\u00ed c\u1ea3 n\u1ed9i th\u1ea5t \u00f4 t\u00f4 cao c\u1ea5p. B\u1edf\u00ec n\u00f3 c\u00f3 kh\u1ea3 n\u0103ng ch\u1ecbu nhi\u1ec7t, ch\u1ecbu l\u1ef1c t\u1ed1t. B\u1ea1n c\u00f3 th\u1ec3 y\u00ean t\u00e2m v\u1ec1 ch\u1ea5t l\u01b0\u1ee3ng c\u1ee7a n\u00f3 trong qu\u00e1 tr\u00ecnh s\u1eed d\u1ee5ng l\u00e2u d\u00e0i. \u0110\u00e2y c\u0169ng l\u00e0 l\u00ed do m\u00e0 b\u00e0n gh\u1ebf g\u1ed7 t\u1ef1 nhi\u00ean lu\u00f4n l\u00e0 s\u1ea3n ph\u1ea9m \u0111\u01b0\u1ee3c \u01b0a chu\u1ed9ng, l\u00e0 s\u1ef1 l\u1ef1a ch\u1ecdn h\u00e0ng \u0111\u1ea7u cho n\u1ed9i th\u1ea5t ph\u00f2ng kh\u00e1ch.<\/p>\n<figure id=\"attachment_1170\" aria-describedby=\"caption-attachment-1170\" style=\"width: 800px\" class=\"wp-caption aligncenter\"><img decoding=\"async\" loading=\"lazy\" class=\"wp-image-1170 size-full\" src=\"https:\/\/noithatdinhchinh.vn\/wp-content\/uploads\/2020\/05\/sofa-go-sang-trong.jpg\" alt=\"Sofa G\u1ed7 Sang Tr\u1ecdng\" width=\"800\" height=\"534\" srcset=\"https:\/\/noithatdinhchinh.vn\/wp-content\/uploads\/2020\/05\/sofa-go-sang-trong.jpg 800w, https:\/\/noithatdinhchinh.vn\/wp-content\/uploads\/2020\/05\/sofa-go-sang-trong-600x401.jpg 600w, https:\/\/noithatdinhchinh.vn\/wp-content\/uploads\/2020\/05\/sofa-go-sang-trong-599x400.jpg 599w, https:\/\/noithatdinhchinh.vn\/wp-content\/uploads\/2020\/05\/sofa-go-sang-trong-768x513.jpg 768w\" sizes=\"(max-width: 800px) 100vw, 800px\" \/><figcaption id=\"caption-attachment-1170\" class=\"wp-caption-text\">Sofa G\u1ed7 Sang Tr\u1ecdng<\/figcaption><\/figure>\n<h4><span style=\"font-size: 100%;\"><em><strong><span style=\"color: #008000;\">B\u00e0n gh\u1ebf g\u1ed7 li\u1ec1n kh\u1ed1i \u0111\u01b0\u1ee3c thi\u1ebft k\u1ebf \u0111\u01a1n gi\u1ea3n, ch\u1eafc ch\u1eafn, mang phong c\u00e1ch c\u1ed5 \u0111i\u1ec3n k\u1ebft h\u1ee3p v\u1edbi hi\u1ec7n \u0111\u1ea1i.<\/span><\/strong><\/em><\/span><\/h4>\n<p>V\u1edbi thi\u1ebft k\u1ebf c\u1ed5 \u0111i\u1ec3n, hoa v\u0103n \u0111\u01b0\u1ee3c c\u00e1ch \u0111i\u1ec7u hi\u1ec7n \u0111\u1ea1i. N\u1ed9i Th\u1ea5t \u0110\u00ecnh Chinh v\u1eabn gi\u1eef \u0111\u01b0\u1ee3c n\u00e9t x\u01b0a c\u0169 cho s\u1ea3n ph\u1ea9m. T\u1ea1o n\u00ean c\u1ea3m gi\u00e1c m\u1edbi m\u1ebb cho ng\u01b0\u1eddi tr\u1ea3i nghi\u1ec7m. M\u1ed9t s\u1ef1 k\u1ebft h\u1ee3p th\u1eadt tuy\u1ec7t v\u1eddi cho c\u0103n ph\u00f2ng kh\u00e1ch c\u1ee7a gia \u0111\u00ecnh b\u1ea1n.<\/p>\n<figure id=\"attachment_1167\" aria-describedby=\"caption-attachment-1167\" style=\"width: 800px\" class=\"wp-caption aligncenter\"><img decoding=\"async\" loading=\"lazy\" class=\"wp-image-1167 size-full\" src=\"https:\/\/noithatdinhchinh.vn\/wp-content\/uploads\/2020\/05\/noi-that-go-tu-nhien-cao-cap.jpg\" alt=\"N\u1ed9i Th\u1ea5t G\u1ed7 T\u1ef1 Nhi\u00ean Cao C\u1ea5p\" width=\"800\" height=\"533\" srcset=\"https:\/\/noithatdinhchinh.vn\/wp-content\/uploads\/2020\/05\/noi-that-go-tu-nhien-cao-cap.jpg 800w, https:\/\/noithatdinhchinh.vn\/wp-content\/uploads\/2020\/05\/noi-that-go-tu-nhien-cao-cap-600x400.jpg 600w, https:\/\/noithatdinhchinh.vn\/wp-content\/uploads\/2020\/05\/noi-that-go-tu-nhien-cao-cap-768x512.jpg 768w\" sizes=\"(max-width: 800px) 100vw, 800px\" \/><figcaption id=\"caption-attachment-1167\" class=\"wp-caption-text\">N\u1ed9i Th\u1ea5t G\u1ed7 T\u1ef1 Nhi\u00ean Cao C\u1ea5p<\/figcaption><\/figure>\n<h4><span style=\"color: #008000; font-size: 100%;\"><em><strong>B\u00e0n gh\u1ebf g\u1ed7 kh\u1ed1i ki\u1ec3u hi\u1ec7n \u0111\u1ea1i cho ph\u00f2ng kh\u00e1ch mang \u0111\u1ebfn c\u1ea3m gi\u00e1c sang tr\u1ecdng, tinh t\u1ebf.<\/strong><\/em><\/span><\/h4>\n<p>Ch\u1ea5t li\u1ec7u g\u1ed7 mang \u0111\u1ebfn c\u1ea3m gi\u00e1c c\u1ee9ng nh\u1eafc nh\u01b0ng l\u1ea1i v\u00f4 c\u00f9ng ch\u1eafc ch\u1eafn. \u0110\u01b0\u1ee3c k\u1ebft h\u1ee3p v\u1edbi hoa v\u0103n ch\u1ea1m kh\u1eafc tinh t\u1ebf tr\u00ean c\u00e1c b\u1ed9 ph\u1eadn c\u1ee7a s\u1ea3n ph\u1ea9m. Mang \u0111\u1ebfn s\u1ef1 sang tr\u1ecdng cho ph\u00f2ng kh\u00e1ch. Nhi\u1ec1u gia ch\u1ee7 \u0111\u00e3 b\u1ecb cho\u00e1ng ng\u1ee3p b\u1edfi s\u1ef1 sang tr\u1ecdng n\u00e0y.<\/p>\n<p>B\u1ed9 b\u00e0n gh\u1ebf \u0111\u01b0\u1ee3c gh\u00e9p t\u1eeb c\u00e1c t\u1ea5m g\u1ed7 kh\u00e1c nhau nh\u01b0ng \u0111\u01b0\u1ee3c ch\u1ecdn l\u1ef1a c\u1ea9n th\u1eadn \u0111\u1ec3 c\u00e1c \u0111\u01b0\u1eddng v\u00e2n g\u1ed7 khi gh\u00e9p v\u1edbi nhau c\u00f3 s\u1ef1 t\u01b0\u01a1ng \u0111\u1ed3ng. \u0110em \u0111\u1ebfn \u1ea5n t\u01b0\u1ee3ng v\u1ec1 s\u1ef1 tinh t\u1ebf cho ng\u01b0\u1eddi s\u1eed d\u1ee5ng.<\/p>\n<figure id=\"attachment_1168\" aria-describedby=\"caption-attachment-1168\" style=\"width: 800px\" class=\"wp-caption aligncenter\"><img decoding=\"async\" loading=\"lazy\" class=\"wp-image-1168 size-full\" src=\"https:\/\/noithatdinhchinh.vn\/wp-content\/uploads\/2020\/05\/sofa-go-nguyen-khoi.jpg\" alt=\"Sofa G\u1ed7 Nguy\u00ean Kh\u1ed1i\" width=\"800\" height=\"589\" srcset=\"https:\/\/noithatdinhchinh.vn\/wp-content\/uploads\/2020\/05\/sofa-go-nguyen-khoi.jpg 800w, https:\/\/noithatdinhchinh.vn\/wp-content\/uploads\/2020\/05\/sofa-go-nguyen-khoi-600x442.jpg 600w, https:\/\/noithatdinhchinh.vn\/wp-content\/uploads\/2020\/05\/sofa-go-nguyen-khoi-543x400.jpg 543w, https:\/\/noithatdinhchinh.vn\/wp-content\/uploads\/2020\/05\/sofa-go-nguyen-khoi-768x565.jpg 768w\" sizes=\"(max-width: 800px) 100vw, 800px\" \/><figcaption id=\"caption-attachment-1168\" class=\"wp-caption-text\">Sofa G\u1ed7 Nguy\u00ean Kh\u1ed1i<\/figcaption><\/figure>\n<h4><span style=\"color: #008000; font-size: 100%;\"><em><strong>B\u00e0n gh\u1ebf g\u1ed7 li\u1ec1n kh\u1ed1i gi\u00fap kh\u00f4ng gian ph\u00f2ng kh\u00e1ch tr\u1edf n\u00ean sang tr\u1ecdng, hi\u1ec7n \u0111\u1ea1i v\u00e0 cu\u1ed1n h\u00fat h\u01a1n..<\/strong><\/em><\/span><\/h4>\n<p>M\u1eabu b\u00e0n gh\u1ebf g\u1ed7 ph\u00f2ng kh\u00e1ch \u0111\u1ec1u c\u00f3 nh\u1eefng \u0111\u01b0\u1eddng, m\u1ea3ng v\u00e0 kh\u1ed1i thi\u1ebft k\u1ebf \u0111\u01a1n gi\u1ea3n, kh\u00f4ng c\u1ea7u k\u1ef3 v\u00e0 ph\u1ee9c t\u1ea1p. V\u00ec v\u1eady, n\u00f3 kh\u00f4ng g\u00e2y r\u1ed1i m\u1eaft cho ng\u01b0\u1eddi nh\u00ecn, d\u1ec5 ph\u1ed1i m\u00e0u v\u00e0 mang l\u1ea1i n\u00e9t tinh t\u1ebf, s\u00e1ng s\u1ee7a cho kh\u00f4ng gian ph\u00f2ng kh\u00e1ch.<\/p>\n<p>Nh\u1edd \u0111\u00f3, mang l\u1ea1i cho kh\u00f4ng gian ph\u00f2ng kh\u00e1ch c\u1ea3m gi\u00e1c hi\u1ec7n \u0111\u1ea1i, l\u1ecbch s\u1ef1, sang tr\u1ecdng.<\/p>\n<figure id=\"attachment_1169\" aria-describedby=\"caption-attachment-1169\" style=\"width: 640px\" class=\"wp-caption aligncenter\"><img decoding=\"async\" loading=\"lazy\" class=\"wp-image-1169 size-full\" src=\"https:\/\/noithatdinhchinh.vn\/wp-content\/uploads\/2020\/05\/ban-ghe-go-cho-phong-khach.jpg\" alt=\"B\u00e0n Gh\u1ebf G\u1ed7 Cho Ph\u00f2ng Kh\u00e1ch\" width=\"640\" height=\"427\" srcset=\"https:\/\/noithatdinhchinh.vn\/wp-content\/uploads\/2020\/05\/ban-ghe-go-cho-phong-khach.jpg 640w, https:\/\/noithatdinhchinh.vn\/wp-content\/uploads\/2020\/05\/ban-ghe-go-cho-phong-khach-600x400.jpg 600w\" sizes=\"(max-width: 640px) 100vw, 640px\" \/><figcaption id=\"caption-attachment-1169\" class=\"wp-caption-text\">B\u00e0n Gh\u1ebf G\u1ed7 Cho Ph\u00f2ng Kh\u00e1ch<\/figcaption><\/figure>\n<dl id=\"attachment_1170\" class=\"wp-caption aligncenter\" style=\"width: 800px;\">\n<dd class=\"wp-caption-dd\">\n<div class=\"mceTemp\">\n<div class=\"mceTemp\">\n<div class=\"mceTemp\">\n<div class=\"mceTemp\">\n<div class=\"mceTemp\">\n<figure id=\"attachment_1165\" aria-describedby=\"caption-attachment-1165\" style=\"width: 600px\" class=\"wp-caption aligncenter\"><img decoding=\"async\" loading=\"lazy\" class=\"wp-image-1165 size-full\" src=\"https:\/\/noithatdinhchinh.vn\/wp-content\/uploads\/2020\/05\/mau-ban-ghe-go-phong-khach-hien-dai.jpg\" alt=\"M\u1eabu B\u00e0n Gh\u1ebf G\u1ed7 Ph\u00f2ng Kh\u00e1ch Hi\u1ec7n \u0110\u1ea1i\" width=\"600\" height=\"338\" \/><figcaption id=\"caption-attachment-1165\" class=\"wp-caption-text\">M\u1eabu B\u00e0n Gh\u1ebf G\u1ed7 Ph\u00f2ng Kh\u00e1ch Hi\u1ec7n \u0110\u1ea1i<\/figcaption><\/figure>\n<\/div>\n<\/div>\n<\/div>\n<\/div>\n<\/dd>\n<\/dl>\n<h3 style=\"text-align: center;\"><span style=\"font-size: 100%; color: #000080;\"><strong>L\u00dd DO N\u00caN CH\u1eccN N\u1ed8I TH\u1ea4T \u0110\u00ccNH CHINH CUNG C\u1ea4P B\u00c0N GH\u1ebe PH\u00d2NG KH\u00c1CH<\/strong><\/span><\/h3>\n<ul>\n<li class=\"bullet-checkmark\">N\u00f3i\u00a0<b>KH\u00d4NG<\/b>\u00a0v\u1edbi h\u00e0ng k\u00e9m ch\u1ea5t l\u01b0\u1ee3ng.<\/li>\n<li class=\"bullet-checkmark\"><strong>Gi\u00e1 g\u1ed1c<\/strong>\u00a0t\u1ea1i X\u01b0\u1edfng kh\u00f4ng qua trung gian. Gi\u00e1 lu\u00f4n r\u1ebb nh\u1ea5t th\u1ecb tr\u01b0\u1eddng<\/li>\n<li class=\"bullet-checkmark\">\u0110a d\u1ea1ng m\u1eabu m\u00e3, ch\u1ee7ng lo\u1ea1i<\/li>\n<li class=\"bullet-checkmark\">S\u1ea3n xu\u1ea5t v\u00e0 thi c\u00f4ng theo y\u00eau c\u1ea7u c\u1ee7a kh\u00e1ch.<\/li>\n<li class=\"bullet-checkmark\">Kh\u00e1ch c\u00f3 th\u1ec3 xem \u1ea3nh, video qu\u00e1 tr\u00ecnh s\u1ea3n xu\u1ea5t t\u1ea1i x\u01b0\u1edfng.<\/li>\n<li class=\"bullet-checkmark\">100% s\u1ea3n ph\u1ea9m \u0111\u01b0\u1ee3c l\u00e0m b\u1eb1ng\u00a0<strong>g\u1ed7 t\u1ef1 nhi\u00ean<\/strong>\u00a0\u0111\u00e3 qua t\u1ea9m s\u1ea5y, ch\u1ed1ng cong v\u00eanh, m\u1ed1i m\u1ecdt.<\/li>\n<li class=\"bullet-checkmark\">Nh\u1eadn \u0111\u1eb7t h\u00e0ng theo y\u00eau c\u1ea7u. \u0110\u1ea3m b\u1ea3o g\u1ed7 t\u1ed1t, g\u1ed7 th\u1eadt 100%. Ho\u00e0n thi\u1ec7n t\u1ec9 m\u1ec9, \u0111\u1eb9p kh\u00f4ng th\u1ec3 ch\u00ea.<\/li>\n<li class=\"bullet-checkmark\">Giao h\u00e0ng v\u00e0 thanh to\u00e1n t\u1eadn nh\u00e0 tr\u00ean to\u00e0n qu\u1ed1c.<\/li>\n<\/ul>\n<p>N\u1ed9i Th\u1ea5t \u0110\u00ecnh Chinh chuy\u00ean thi\u1ebft k\u1ebf c\u00e1c s\u1ea3n ph\u1ea9m n\u1ed9i th\u1ea5t g\u1ed7 theo y\u00eau c\u1ea7u. Nh\u01b0 c\u00e1c lo\u1ea1i b\u00e0n gh\u1ebf g\u1ed7 cho ph\u00f2ng kh\u00e1ch: b\u00e0n gh\u1ebf g\u1ed7 kh\u1ed1i, b\u00e0n gh\u1ebf g\u1ed7 \u0111\u1ed3ng k\u1ef5, b\u00e0n gh\u1ebf g\u1ed7 ki\u1ec3u hi\u1ec7n \u0111\u1ea1i,&#8230; Ki\u1ec3u d\u00e1ng, m\u1eabu m\u00e3 s\u1ea3n ph\u1ea9m t\u00f9y v\u00e0o l\u1ef1a ch\u1ecdn c\u1ee7a kh\u00e1ch h\u00e0ng. Lu\u00f4n mang \u0111\u1ebfn s\u1ef1 h\u00e0i l\u00f2ng cho kh\u00e1ch h\u00e0ng. Li\u00ean h\u1ec7 ngay \u0111\u1ec3 \u0111\u01b0\u1ee3c nh\u1eadn t\u01b0 v\u1ea5n c\u00e1c s\u1ea3n ph\u1ea9m n\u1ed9i th\u1ea5t ph\u00f9 h\u1ee3p cho ng\u00f4i nh\u00e0 c\u1ee7a b\u1ea1n.<\/p>\n<p class=\"has-block tooltipstered\"><strong>N\u1ed8I TH\u1ea4T \u0110\u00ccNH CHINH<\/strong><\/p>\n<p>&#8211; Hotline:\u00a00785.961.489<\/p>\n<p>&#8211; Email:\u00a0Xuongnoithatdinhchinh@gmail.com<\/p>\n<p>&#8211; \u0110\u1ecba ch\u1ec9:\u00a020\/7 Ph\u01b0\u1eddng \u0110\u00f4ng H\u00f2a , Th\u1ecb X\u00e3 D\u0129 An , B\u00ecnh D\u01b0\u01a1ng<\/p>\n","protected":false},"excerpt":{"rendered":"<p>B\u00e0n gh\u1ebf ph\u00f2ng kh\u00e1ch \u0111\u01b0\u1ee3c l\u00e0m ho\u00e0n to\u00e0n b\u1eb1ng g\u1ed7 t\u1ef1 nhi\u00ean nh\u01b0 g\u1ed7 xoan, g\u1ed7 s\u1ed3i,&#8230; v\u00e0 c\u00e1c lo\u1ea1i g\u1ed7 kh\u00e1c. Mang \u0111\u1ebfn s\u1ef1 sang tr\u1ecdng v\u00e0 hi\u1ec7n \u0111\u1ea1i. Ph\u00f9 h\u1ee3p v\u1edbi nhi\u1ec1u kh\u00f4ng gian ph\u00f2ng kh\u00e1ch kh\u00e1c nhau, v\u00e0 \u0111ang \u0111\u01b0\u1ee3c nhi\u1ec1u gia \u0111\u00ecnh l\u1ef1a ch\u1ecdn.<\/p>\n<div role=\"form\" class=\"wpcf7\" id=\"wpcf7-f10-o1\" lang=\"en-US\" dir=\"ltr\">\n<div class=\"screen-reader-response\" role=\"alert\" aria-live=\"polite\"><\/div>\n<form action=\"\/index.php?rest_route=%2Fwp%2Fv2%2Fproduct%2F1164#wpcf7-f10-o1\" method=\"post\" class=\"wpcf7-form init\" novalidate=\"novalidate\">\n<div style=\"display: none;\">\n<input type=\"hidden\" name=\"_wpcf7\" value=\"10\" \/>\n<input type=\"hidden\" name=\"_wpcf7_version\" value=\"5.2.2\" \/>\n<input type=\"hidden\" name=\"_wpcf7_locale\" value=\"en_US\" \/>\n<input type=\"hidden\" name=\"_wpcf7_unit_tag\" value=\"wpcf7-f10-o1\" \/>\n<input type=\"hidden\" name=\"_wpcf7_container_post\" value=\"0\" \/>\n<input type=\"hidden\" name=\"_wpcf7_posted_data_hash\" value=\"\" \/>\n<\/div>\n<p><span style=\"font-size: 160%; color: #ed1c24;\">Y\u00caU C\u1ea6U T\u01af V\u1ea4N<\/span><\/p>\n<p>Ch\u00fang t\u00f4i s\u1ebd li\u00ean h\u1ec7 l\u1ea1i ngay khi nh\u1eadn \u0111\u01b0\u1ee3c y\u00eau c\u1ea7u c\u1ee7a qu\u00fd kh\u00e1ch!<\/p>\n<hr>\n<span class=\"wpcf7-form-control-wrap hoten\"><input type=\"text\" name=\"hoten\" value=\"\" size=\"40\" class=\"wpcf7-form-control wpcf7-text wpcf7-validates-as-required\" aria-required=\"true\" aria-invalid=\"false\" placeholder=\"H\u1ecd v\u00e0 t\u00ean\" \/><\/span><br \/>\n<span class=\"wpcf7-form-control-wrap email\"><input type=\"email\" name=\"email\" value=\"\" size=\"40\" class=\"wpcf7-form-control wpcf7-text wpcf7-email wpcf7-validates-as-email\" aria-invalid=\"false\" placeholder=\"Email c\u1ee7a b\u1ea1n\" \/><\/span><br \/>\n<span class=\"wpcf7-form-control-wrap sdt\"><input type=\"tel\" name=\"sdt\" value=\"\" size=\"40\" class=\"wpcf7-form-control wpcf7-text wpcf7-tel wpcf7-validates-as-required wpcf7-validates-as-tel\" aria-required=\"true\" aria-invalid=\"false\" placeholder=\"S\u1ed1 \u0111i\u1ec7n tho\u1ea1i c\u1ee7a b\u1ea1n\" \/><\/span><br \/>\n<input type=\"submit\" value=\"G\u1ecdi L\u1ea1i Ngay\" class=\"wpcf7-form-control wpcf7-submit\" \/><br \/>\n<span class=\"wpcf7-form-control-wrap sanpham\"><input type=\"hidden\" name=\"sanpham\" value=\"B\u00e0n Gh\u1ebf Ph\u00f2ng Kh\u00e1ch M\u1eabu 9\" size=\"40\" class=\"wpcf7-form-control wpcf7dtx-dynamictext wpcf7-dynamichidden\" aria-invalid=\"false\" \/><\/span><\/p>\n<div class=\"wpcf7-response-output\" role=\"alert\" aria-hidden=\"true\"><\/div><\/form><\/div>\n","protected":false},"featured_media":1169,"template":"","meta":[],"yoast_head":"<!-- This site is optimized with the Yoast SEO plugin v15.0 - https:\/\/yoast.com\/wordpress\/plugins\/seo\/ -->\n<title>B\u00e0n Gh\u1ebf G\u1ed7 Li\u1ec1n Kh\u1ed1i - Thi\u1ebft K\u1ebf N\u1ed9i Th\u1ea5t \u0110\u1ed3 G\u1ed7 T\u1ef1 Nhi\u00ean<\/title>\n<meta name=\"description\" content=\"Thi\u1ebft k\u1ebf, cung c\u1ea5p m\u1eabu b\u00e0n gh\u1ebf g\u1ed7 cho ph\u00f2ng kh\u00e1ch v\u1edbi \u0111\u1ee7 c\u00e1c ki\u1ec3u d\u00e1ng nh\u01b0: hi\u1ec7n \u0111\u1ea1i, c\u1ed1 \u0111i\u1ec3n, li\u1ec1n kh\u1ed1i, ...v\u1edbi m\u1ee9c gi\u00e1 t\u1ed1t nh\u1ea5t tr\u00ean th\u1ecb tr\u01b0\u1eddng...\" \/>\n<meta name=\"robots\" content=\"index, follow, max-snippet:-1, max-image-preview:large, max-video-preview:-1\" \/>\n<link rel=\"canonical\" href=\"https:\/\/noithatdinhchinh.vn\/?product=ban-ghe-go-lien-khoi\" \/>\n<meta property=\"og:locale\" content=\"vi_VN\" \/>\n<meta property=\"og:type\" content=\"article\" \/>\n<meta property=\"og:title\" content=\"B\u00e0n Gh\u1ebf G\u1ed7 Li\u1ec1n Kh\u1ed1i - Thi\u1ebft K\u1ebf N\u1ed9i Th\u1ea5t \u0110\u1ed3 G\u1ed7 T\u1ef1 Nhi\u00ean\" \/>\n<meta property=\"og:description\" content=\"Thi\u1ebft k\u1ebf, cung c\u1ea5p m\u1eabu b\u00e0n gh\u1ebf g\u1ed7 cho ph\u00f2ng kh\u00e1ch v\u1edbi \u0111\u1ee7 c\u00e1c ki\u1ec3u d\u00e1ng nh\u01b0: hi\u1ec7n \u0111\u1ea1i, c\u1ed1 \u0111i\u1ec3n, li\u1ec1n kh\u1ed1i, ...v\u1edbi m\u1ee9c gi\u00e1 t\u1ed1t nh\u1ea5t tr\u00ean th\u1ecb tr\u01b0\u1eddng...\" \/>\n<meta property=\"og:url\" content=\"https:\/\/noithatdinhchinh.vn\/?product=ban-ghe-go-lien-khoi\" \/>\n<meta property=\"og:site_name\" content=\"noithatdinhchinh\" \/>\n<meta property=\"article:modified_time\" content=\"2020-08-21T00:54:58+00:00\" \/>\n<meta property=\"og:image\" content=\"https:\/\/noithatdinhchinh.vn\/wp-content\/uploads\/2020\/05\/ban-ghe-go-cho-phong-khach.jpg\" \/>\n\t<meta property=\"og:image:width\" content=\"640\" \/>\n\t<meta property=\"og:image:height\" content=\"427\" \/>\n<meta name=\"twitter:card\" content=\"summary_large_image\" \/>\n<script type=\"application\/ld+json\" class=\"yoast-schema-graph\">{\"@context\":\"https:\/\/schema.org\",\"@graph\":[{\"@type\":\"WebSite\",\"@id\":\"https:\/\/noithatdinhchinh.vn\/#website\",\"url\":\"https:\/\/noithatdinhchinh.vn\/\",\"name\":\"noithatdinhchinh\",\"description\":\"\",\"potentialAction\":[{\"@type\":\"SearchAction\",\"target\":\"https:\/\/noithatdinhchinh.vn\/?s={search_term_string}\",\"query-input\":\"required name=search_term_string\"}],\"inLanguage\":\"vi\"},{\"@type\":\"ImageObject\",\"@id\":\"https:\/\/noithatdinhchinh.vn\/?product=ban-ghe-go-lien-khoi#primaryimage\",\"inLanguage\":\"vi\",\"url\":\"https:\/\/noithatdinhchinh.vn\/wp-content\/uploads\/2020\/05\/ban-ghe-go-cho-phong-khach.jpg\",\"width\":640,\"height\":427,\"caption\":\"B\\u00e0n Gh\\u1ebf G\\u1ed7 Cho Ph\\u00f2ng Kh\\u00e1ch\"},{\"@type\":\"WebPage\",\"@id\":\"https:\/\/noithatdinhchinh.vn\/?product=ban-ghe-go-lien-khoi#webpage\",\"url\":\"https:\/\/noithatdinhchinh.vn\/?product=ban-ghe-go-lien-khoi\",\"name\":\"B\\u00e0n Gh\\u1ebf G\\u1ed7 Li\\u1ec1n Kh\\u1ed1i - Thi\\u1ebft K\\u1ebf N\\u1ed9i Th\\u1ea5t \\u0110\\u1ed3 G\\u1ed7 T\\u1ef1 Nhi\\u00ean\",\"isPartOf\":{\"@id\":\"https:\/\/noithatdinhchinh.vn\/#website\"},\"primaryImageOfPage\":{\"@id\":\"https:\/\/noithatdinhchinh.vn\/?product=ban-ghe-go-lien-khoi#primaryimage\"},\"datePublished\":\"2020-05-13T15:18:31+00:00\",\"dateModified\":\"2020-08-21T00:54:58+00:00\",\"description\":\"Thi\\u1ebft k\\u1ebf, cung c\\u1ea5p m\\u1eabu b\\u00e0n gh\\u1ebf g\\u1ed7 cho ph\\u00f2ng kh\\u00e1ch v\\u1edbi \\u0111\\u1ee7 c\\u00e1c ki\\u1ec3u d\\u00e1ng nh\\u01b0: hi\\u1ec7n \\u0111\\u1ea1i, c\\u1ed1 \\u0111i\\u1ec3n, li\\u1ec1n kh\\u1ed1i, ...v\\u1edbi m\\u1ee9c gi\\u00e1 t\\u1ed1t nh\\u1ea5t tr\\u00ean th\\u1ecb tr\\u01b0\\u1eddng...\",\"inLanguage\":\"vi\",\"potentialAction\":[{\"@type\":\"ReadAction\",\"target\":[\"https:\/\/noithatdinhchinh.vn\/?product=ban-ghe-go-lien-khoi\"]}]}]}<\/script>\n<!-- \/ Yoast SEO plugin. -->","_links":{"self":[{"href":"https:\/\/noithatdinhchinh.vn\/index.php?rest_route=\/wp\/v2\/product\/1164"}],"collection":[{"href":"https:\/\/noithatdinhchinh.vn\/index.php?rest_route=\/wp\/v2\/product"}],"about":[{"href":"https:\/\/noithatdinhchinh.vn\/index.php?rest_route=\/wp\/v2\/types\/product"}],"wp:featuredmedia":[{"embeddable":true,"href":"https:\/\/noithatdinhchinh.vn\/index.php?rest_route=\/wp\/v2\/media\/1169"}],"wp:attachment":[{"href":"https:\/\/noithatdinhchinh.vn\/index.php?rest_route=%2Fwp%2Fv2%2Fmedia&parent=1164"}],"curies":[{"name":"wp","href":"https:\/\/api.w.org\/{rel}","templated":true}]}}