{"id":1083,"date":"2020-05-07T06:46:35","date_gmt":"2020-05-06T23:46:35","guid":{"rendered":"https:\/\/noithatdinhchinh.vn\/?post_type=product&#038;p=1083"},"modified":"2020-08-28T21:34:31","modified_gmt":"2020-08-28T14:34:31","slug":"ban-ghe-go-phong-khach","status":"publish","type":"product","link":"https:\/\/noithatdinhchinh.vn\/?product=ban-ghe-go-phong-khach","title":{"rendered":"B\u00e0n Gh\u1ebf Ph\u00f2ng Kh\u00e1ch M\u1eabu 1"},"content":{"rendered":"<h2 style=\"text-align: center;\"><span style=\"color: #ff0000;\"><strong><span style=\"font-size: 100%;\">B\u00c0N GH\u1ebe G\u1ed6 PH\u00d2NG KH\u00c1CH &#8211; N\u1ed8I TH\u1ea4T G\u1ed6 T\u1ef0 NHI\u00caN &#8211; HI\u1ec6N \u0110\u1ea0I<\/span><\/strong><\/span><\/h2>\n<p>B\u00e0n gh\u1ebf g\u1ed7 ph\u00f2ng kh\u00e1ch v\u1edbi ch\u1ea5t li\u1ec7u g\u1ed7 t\u1ef1 nhi\u00ean mang \u0111\u1ebfn s\u1ef1 sang tr\u1ecdng v\u00e0 hi\u1ec7n \u0111\u1ea1i. Ph\u00f9 h\u1ee3p v\u1edbi nhi\u1ec1u kh\u00f4ng gian ph\u00f2ng kh\u00e1ch kh\u00e1c nhau, v\u00e0 \u0111ang \u0111\u01b0\u1ee3c nhi\u1ec1u gia \u0111\u00ecnh l\u1ef1a ch\u1ecdn.<\/p>\n<p>M\u1ed9t b\u1ed9 b\u00e0n gh\u1ebf \u0111\u1eb9p kh\u00f4ng nh\u1ea5t thi\u1ebft ph\u1ea3i c\u00f3 h\u1ecda ti\u1ebft c\u1ea7u k\u1ef3. M\u00e0 quan tr\u1ecdng h\u01a1n h\u1ebft \u0111\u00f3 l\u00e0 s\u1ef1 h\u00e0i h\u00f2a, \u0111\u1ed3ng \u0111i\u1ec7u v\u1edbi c\u0103n ph\u00f2ng. L\u00e0m n\u1ed5i b\u1eadt l\u00ean kh\u00f4ng gian n\u1ed9i th\u1ea5t ph\u00f2ng kh\u00e1ch c\u1ee7a gia \u0111\u00ecnh. Ch\u00ednh v\u00ec th\u1ebf, N\u1ed9i Th\u1ea5t \u0110\u00ecnh Chinh mang t\u1edbi m\u1ed9t phong c\u00e1ch thi\u1ebft k\u1ebf hi\u1ec7n \u0111\u1ea1i, k\u1ebft h\u1ee3p m\u1ed9t ch\u00fat truy\u1ec1n th\u1ed1ng, c\u1ed5 x\u01b0a. T\u1ea1o n\u00ean m\u1ed9t m\u1eabu b\u00e0n gh\u1ebf g\u1ed7 ph\u00f2ng kh\u00e1ch \u0111\u1ea7y th\u00fa v\u1ecb cho gia \u0111\u00ecnh b\u1ea1n.<\/p>\n<p><img decoding=\"async\" loading=\"lazy\" width=\"800\" height=\"600\" class=\"wp-image-1089 size-full aligncenter\" src=\"https:\/\/noithatdinhchinh.vn\/wp-content\/uploads\/2020\/05\/Ban-ghe-go-phong-khach.jpg\" alt=\"&quot;&lt;yoastmark\" srcset=\"https:\/\/noithatdinhchinh.vn\/wp-content\/uploads\/2020\/05\/Ban-ghe-go-phong-khach.jpg 800w, https:\/\/noithatdinhchinh.vn\/wp-content\/uploads\/2020\/05\/Ban-ghe-go-phong-khach-600x450.jpg 600w, https:\/\/noithatdinhchinh.vn\/wp-content\/uploads\/2020\/05\/Ban-ghe-go-phong-khach-533x400.jpg 533w, https:\/\/noithatdinhchinh.vn\/wp-content\/uploads\/2020\/05\/Ban-ghe-go-phong-khach-768x576.jpg 768w\" sizes=\"(max-width: 800px) 100vw, 800px\" \/><\/p>\n<h2 style=\"text-align: center;\"><span style=\"color: #ff0000;\"><strong><span style=\"font-size: 100%;\">\u01afU \u0110I\u1ec2M C\u1ee6A B\u00c0N GH\u1ebe PH\u00d2NG KH\u00c1CH G\u1ed6 T\u1ef0 NHI\u00caN T\u1ea0I N\u1ed8I TH\u1ea4T \u0110\u00ccNH CHINH<\/span><\/strong><\/span><\/h2>\n<h3><strong><span style=\"color: #008000; font-size: 100%;\"><em>B\u00e0n gh\u1ebf ph\u00f2ng kh\u00e1ch cao c\u1ea5p ch\u1ea5t li\u1ec7u g\u1ed7 t\u1ef1 nhi\u00ean, c\u00f3 \u0111\u1ed9 b\u1ec1n cao, s\u1eed d\u1ee5ng l\u00e2u d\u00e0i.<\/em><\/span><\/strong><\/h3>\n<p>S\u1ea3n ph\u1ea9m \u0111\u01b0\u1ee3c nhi\u1ec1u gia \u0111\u00ecnh l\u1ef1a ch\u1ecdn v\u00e0 s\u1eed d\u1ee5ng \u0111\u1ec3 l\u00e0m \u0111\u1ed3 n\u1ed9i th\u1ea5t cho ph\u00f2ng kh\u00e1ch. B\u1edfi g\u1ed7 l\u00e0 lo\u1ea1i ch\u1ea5t li\u1ec7u b\u1ec1n, ch\u1eafc, kh\u00f4ng cong v\u00eanh, kh\u00f4ng m\u1ed1i m\u1ecdt, \u0111\u00e1p \u1ee9ng \u0111\u01b0\u1ee3c v\u1edbi \u0111i\u1ec1u ki\u1ec7n c\u1ee7a kh\u00ed h\u1eadu Vi\u1ec7t Nam. S\u1eed d\u1ee5ng b\u00e0n gh\u1ebf g\u1ed7 c\u1ee7a N\u1ed9i Th\u1ea5t \u0110\u00ecnh Chinh, ng\u01b0\u1eddi d\u00f9ng c\u00f3 th\u1ec3 c\u1ea3m nh\u1eadn \u0111\u01b0\u1ee3c s\u1ef1 hi\u1ec7n \u0111\u1ea1i nh\u1ea5t trong ch\u00ednh kh\u00f4ng gian c\u0103n ph\u00f2ng.<\/p>\n<p>Hi\u1ec7n nay c\u00f3 nhi\u1ec1u c\u00e1c d\u00f2ng gh\u1ebf g\u1ed7 t\u1ef1 nhi\u00ean \u0111\u01b0\u1ee3c s\u1eed d\u1ee5ng nh\u01b0 g\u1ed7 \u00f3c ch\u00f3, g\u1ed7 s\u1ed3i, g\u1ed7 t\u1ea7n b\u00ec, g\u1ed7 h\u01b0\u01a1ng&#8230; \u0110\u1ec3 l\u00e0m n\u1ed9i th\u1ea5t gia \u0111\u00ecnh th\u1eadm ch\u00ed c\u1ea3 n\u1ed9i th\u1ea5t \u00f4 t\u00f4 cao c\u1ea5p. B\u1edf\u00ec n\u00f3 c\u00f3 kh\u1ea3 n\u0103ng ch\u1ecbu nhi\u1ec7t, ch\u1ecbu l\u1ef1c t\u1ed1t. B\u1ea1n c\u00f3 th\u1ec3 y\u00ean t\u00e2m v\u1ec1 ch\u1ea5t l\u01b0\u1ee3ng c\u1ee7a n\u00f3 trong qu\u00e1 tr\u00ecnh s\u1eed d\u1ee5ng l\u00e2u d\u00e0i. \u0110\u00e2y c\u0169ng l\u00e0 l\u00ed do m\u00e0 b\u00e0n gh\u1ebf g\u1ed7 t\u1ef1 nhi\u00ean lu\u00f4n l\u00e0 s\u1ea3n ph\u1ea9m \u0111\u01b0\u1ee3c \u01b0a chu\u1ed9ng v\u00e0 s\u1eed d\u1ee5ng l\u00e2u d\u00e0i.<\/p>\n<figure id=\"attachment_1091\" aria-describedby=\"caption-attachment-1091\" style=\"width: 800px\" class=\"wp-caption aligncenter\"><img decoding=\"async\" loading=\"lazy\" class=\"wp-image-1091 size-full\" src=\"https:\/\/noithatdinhchinh.vn\/wp-content\/uploads\/2020\/05\/ban-ghe-go-tu-nhien.jpg\" alt=\"B\u00e0n Gh\u1ebf G\u1ed7 T\u1ef1 Nhi\u00ean\" width=\"800\" height=\"600\" srcset=\"https:\/\/noithatdinhchinh.vn\/wp-content\/uploads\/2020\/05\/ban-ghe-go-tu-nhien.jpg 800w, https:\/\/noithatdinhchinh.vn\/wp-content\/uploads\/2020\/05\/ban-ghe-go-tu-nhien-600x450.jpg 600w, https:\/\/noithatdinhchinh.vn\/wp-content\/uploads\/2020\/05\/ban-ghe-go-tu-nhien-533x400.jpg 533w, https:\/\/noithatdinhchinh.vn\/wp-content\/uploads\/2020\/05\/ban-ghe-go-tu-nhien-768x576.jpg 768w\" sizes=\"(max-width: 800px) 100vw, 800px\" \/><figcaption id=\"caption-attachment-1091\" class=\"wp-caption-text\">B\u00e0n Gh\u1ebf G\u1ed7 T\u1ef1 Nhi\u00ean<\/figcaption><\/figure>\n<h3><span style=\"font-size: 100%;\"><em><strong><span style=\"color: #008000;\">B\u00e0n gh\u1ebf ph\u00f2ng kh\u00e1ch g\u1ed7 t\u1ef1 nhi\u00ean \u0111\u01b0\u1ee3c thi\u1ebft k\u1ebf hi\u1ec7n \u0111\u1ea1i, ch\u1eafc ch\u1eafn.<\/span><\/strong><\/em><\/span><\/h3>\n<p>V\u1edbi thi\u1ebft k\u1ebf hi\u1ec7n \u0111\u1ea1i k\u1ebft h\u1ee3p v\u1edbi c\u1ed5 \u0111i\u1ec3n, N\u1ed9i Th\u1ea5t \u0110\u00ecnh Chinh v\u1eabn gi\u1eef \u0111\u01b0\u1ee3c n\u00e9t x\u01b0a c\u0169 cho s\u1ea3n ph\u1ea9m. T\u1ea1o n\u00ean c\u1ea3m gi\u00e1c m\u1edbi m\u1ebb cho ng\u01b0\u1eddi tr\u1ea3i nghi\u1ec7m. M\u1ed9t s\u1ef1 k\u1ebft h\u1ee3p th\u1eadt tuy\u1ec7t v\u1eddi cho c\u0103n ph\u00f2ng kh\u00e1ch c\u1ee7a gia \u0111\u00ecnh b\u1ea1n.<\/p>\n<p><img decoding=\"async\" loading=\"lazy\" width=\"800\" height=\"600\" class=\"wp-image-1090 size-full\" src=\"https:\/\/noithatdinhchinh.vn\/wp-content\/uploads\/2020\/05\/ban-ghe-go-phong-khach-sang-trong.jpg\" alt=\"&quot;&lt;yoastmark\" srcset=\"https:\/\/noithatdinhchinh.vn\/wp-content\/uploads\/2020\/05\/ban-ghe-go-phong-khach-sang-trong.jpg 800w, https:\/\/noithatdinhchinh.vn\/wp-content\/uploads\/2020\/05\/ban-ghe-go-phong-khach-sang-trong-600x450.jpg 600w, https:\/\/noithatdinhchinh.vn\/wp-content\/uploads\/2020\/05\/ban-ghe-go-phong-khach-sang-trong-533x400.jpg 533w, https:\/\/noithatdinhchinh.vn\/wp-content\/uploads\/2020\/05\/ban-ghe-go-phong-khach-sang-trong-768x576.jpg 768w\" sizes=\"(max-width: 800px) 100vw, 800px\" \/><\/p>\n<h3><span style=\"color: #008000; font-size: 100%;\"><em><strong>B\u00e0n gh\u1ebf ph\u00f2ng kh\u00e1ch b\u1eb1ng g\u1ed7 ki\u1ec3u d\u00e1ng sang tr\u1ecdng, tinh t\u1ebf.<\/strong><\/em><\/span><\/h3>\n<p>Ch\u1ea5t li\u1ec7u g\u1ed7 mang \u0111\u1ebfn c\u1ea3m gi\u00e1c c\u1ee9ng nh\u1eafc nh\u01b0ng l\u1ea1i v\u00f4 c\u00f9ng ch\u1eafc ch\u1eafn. \u0110\u01b0\u1ee3c k\u1ebft h\u1ee3p v\u1edbi hoa v\u0103n ch\u1ea1m kh\u1eafc tinh t\u1ebf tr\u00ean c\u00e1c b\u1ed9 ph\u1eadn c\u1ee7a s\u1ea3n ph\u1ea9m. Mang \u0111\u1ebfn s\u1ef1 sang tr\u1ecdng cho ph\u00f2ng kh\u00e1ch. Nhi\u1ec1u gia ch\u1ee7 \u0111\u00e3 b\u1ecb cho\u00e1ng ng\u1ee3p b\u1edfi s\u1ef1 sang tr\u1ecdng n\u00e0y.<\/p>\n<p>B\u1ed9 b\u00e0n gh\u1ebf \u0111\u01b0\u1ee3c gh\u00e9p t\u1eeb c\u00e1c t\u1ea5m g\u1ed7 kh\u00e1c nhau nh\u01b0ng \u0111\u01b0\u1ee3c ch\u1ecdn l\u1ef1a c\u1ea9n th\u1eadn \u0111\u1ec3 c\u00e1c \u0111\u01b0\u1eddng v\u00e2n g\u1ed7 khi gh\u00e9p v\u1edbi nhau c\u00f3 s\u1ef1 t\u01b0\u01a1ng \u0111\u1ed3ng. \u0110em \u0111\u1ebfn \u1ea5n t\u01b0\u1ee3ng v\u1ec1 s\u1ef1 tinh t\u1ebf cho ng\u01b0\u1eddi s\u1eed d\u1ee5ng.<\/p>\n<figure id=\"attachment_1092\" aria-describedby=\"caption-attachment-1092\" style=\"width: 800px\" class=\"wp-caption aligncenter\"><img decoding=\"async\" loading=\"lazy\" class=\"wp-image-1092 size-full\" src=\"https:\/\/noithatdinhchinh.vn\/wp-content\/uploads\/2020\/05\/noi-that-phong-khach-sang-trong.jpg\" alt=\"N\u1ed9i Th\u1ea5t Ph\u00f2ng Kh\u00e1ch Sang Tr\u1ecdng\" width=\"800\" height=\"600\" srcset=\"https:\/\/noithatdinhchinh.vn\/wp-content\/uploads\/2020\/05\/noi-that-phong-khach-sang-trong.jpg 800w, https:\/\/noithatdinhchinh.vn\/wp-content\/uploads\/2020\/05\/noi-that-phong-khach-sang-trong-600x450.jpg 600w, https:\/\/noithatdinhchinh.vn\/wp-content\/uploads\/2020\/05\/noi-that-phong-khach-sang-trong-533x400.jpg 533w, https:\/\/noithatdinhchinh.vn\/wp-content\/uploads\/2020\/05\/noi-that-phong-khach-sang-trong-768x576.jpg 768w\" sizes=\"(max-width: 800px) 100vw, 800px\" \/><figcaption id=\"caption-attachment-1092\" class=\"wp-caption-text\">N\u1ed9i Th\u1ea5t Ph\u00f2ng Kh\u00e1ch Sang Tr\u1ecdng<\/figcaption><\/figure>\n<h3><span style=\"color: #008000; font-size: 100%;\"><em><strong>B\u00e0n gh\u1ebf g\u1ed7 t\u1ef1 nhi\u00ean gi\u00fap kh\u00f4ng gian ph\u00f2ng kh\u00e1ch tr\u1edf n\u00ean \u0111\u01a1n gi\u1ea3n, hi\u1ec7n \u0111\u1ea1i m\u00e0 sang tr\u1ecdng.<\/strong><\/em><\/span><\/h3>\n<p>M\u1eabu b\u00e0n gh\u1ebf ph\u00f2ng kh\u00e1ch \u0111\u1ec1u c\u00f3 nh\u1eefng \u0111\u01b0\u1eddng, m\u1ea3ng v\u00e0 kh\u1ed1i thi\u1ebft k\u1ebf \u0111\u01a1n gi\u1ea3n, kh\u00f4ng c\u1ea7u k\u1ef3 v\u00e0 ph\u1ee9c t\u1ea1p. V\u00ec v\u1eady, n\u00f3 kh\u00f4ng g\u00e2y r\u1ed1i m\u1eaft cho ng\u01b0\u1eddi nh\u00ecn, d\u1ec5 ph\u1ed1i m\u00e0u v\u00e0 mang l\u1ea1i n\u00e9t tinh t\u1ebf, s\u00e1ng s\u1ee7a cho kh\u00f4ng gian ph\u00f2ng kh\u00e1ch.<\/p>\n<p>Nh\u1edd \u0111\u00f3, mang l\u1ea1i cho kh\u00f4ng gian ph\u00f2ng kh\u00e1ch c\u1ea3m gi\u00e1c hi\u1ec7n \u0111\u1ea1i, l\u1ecbch s\u1ef1.<\/p>\n<figure id=\"attachment_1093\" aria-describedby=\"caption-attachment-1093\" style=\"width: 800px\" class=\"wp-caption aligncenter\"><img decoding=\"async\" loading=\"lazy\" class=\"wp-image-1093 size-full\" src=\"https:\/\/noithatdinhchinh.vn\/wp-content\/uploads\/2020\/05\/thiet-ke-noi-that-theo-yeu-cau.jpg\" alt=\"Thi\u1ebft K\u1ebf N\u1ed9i Th\u1ea5t Theo Y\u00eau C\u1ea7u\" width=\"800\" height=\"600\" srcset=\"https:\/\/noithatdinhchinh.vn\/wp-content\/uploads\/2020\/05\/thiet-ke-noi-that-theo-yeu-cau.jpg 800w, https:\/\/noithatdinhchinh.vn\/wp-content\/uploads\/2020\/05\/thiet-ke-noi-that-theo-yeu-cau-600x450.jpg 600w, https:\/\/noithatdinhchinh.vn\/wp-content\/uploads\/2020\/05\/thiet-ke-noi-that-theo-yeu-cau-533x400.jpg 533w, https:\/\/noithatdinhchinh.vn\/wp-content\/uploads\/2020\/05\/thiet-ke-noi-that-theo-yeu-cau-768x576.jpg 768w\" sizes=\"(max-width: 800px) 100vw, 800px\" \/><figcaption id=\"caption-attachment-1093\" class=\"wp-caption-text\">Thi\u1ebft K\u1ebf N\u1ed9i Th\u1ea5t Theo Y\u00eau C\u1ea7u<\/figcaption><\/figure>\n<h2 style=\"text-align: center;\"><span style=\"font-size: 100%; color: #ff0000;\"><strong>L\u00dd DO N\u00caN CH\u1eccN N\u1ed8I TH\u1ea4T \u0110\u00ccNH CHINH CUNG C\u1ea4P B\u00c0N GH\u1ebe PH\u00d2NG KH\u00c1CH<\/strong><\/span><\/h2>\n<ul>\n<li class=\"bullet-checkmark\">N\u00f3i\u00a0<b>KH\u00d4NG<\/b>\u00a0v\u1edbi h\u00e0ng k\u00e9m ch\u1ea5t l\u01b0\u1ee3ng.<\/li>\n<li class=\"bullet-checkmark\"><strong>Gi\u00e1 g\u1ed1c<\/strong>\u00a0t\u1ea1i X\u01b0\u1edfng kh\u00f4ng qua trung gian. Gi\u00e1 lu\u00f4n r\u1ebb nh\u1ea5t th\u1ecb tr\u01b0\u1eddng<\/li>\n<li class=\"bullet-checkmark\">\u0110a d\u1ea1ng m\u1eabu m\u00e3, ch\u1ee7ng lo\u1ea1i<\/li>\n<li class=\"bullet-checkmark\">S\u1ea3n xu\u1ea5t v\u00e0 thi c\u00f4ng theo y\u00eau c\u1ea7u c\u1ee7a kh\u00e1ch.<\/li>\n<li class=\"bullet-checkmark\">Kh\u00e1ch c\u00f3 th\u1ec3 xem \u1ea3nh, video qu\u00e1 tr\u00ecnh s\u1ea3n xu\u1ea5t t\u1ea1i x\u01b0\u1edfng.<\/li>\n<li class=\"bullet-checkmark\">100% s\u1ea3n ph\u1ea9m \u0111\u01b0\u1ee3c l\u00e0m b\u1eb1ng\u00a0<strong>g\u1ed7 t\u1ef1 nhi\u00ean<\/strong>\u00a0\u0111\u00e3 qua t\u1ea9m s\u1ea5y, ch\u1ed1ng cong v\u00eanh, m\u1ed1i m\u1ecdt.<\/li>\n<li class=\"bullet-checkmark\">Nh\u1eadn \u0111\u1eb7t h\u00e0ng theo y\u00eau c\u1ea7u. \u0110\u1ea3m b\u1ea3o g\u1ed7 t\u1ed1t, g\u1ed7 th\u1eadt 100%. Ho\u00e0n thi\u1ec7n t\u1ec9 m\u1ec9, \u0111\u1eb9p kh\u00f4ng th\u1ec3 ch\u00ea.<\/li>\n<li class=\"bullet-checkmark\">Giao h\u00e0ng v\u00e0 thanh to\u00e1n t\u1eadn nh\u00e0 tr\u00ean to\u00e0n qu\u1ed1c.<\/li>\n<\/ul>\n<p>N\u1ed9i Th\u1ea5t \u0110\u00ecnh Chinh chuy\u00ean thi\u1ebft k\u1ebf c\u00e1c s\u1ea3n ph\u1ea9m n\u1ed9i th\u1ea5t g\u1ed7 theo y\u00eau c\u1ea7u. C\u00e1c s\u1ea3n ph\u1ea9m nh\u01b0: b\u1ed9 b\u00e0n gh\u1ebf ph\u00f2ng kh\u00e1ch, b\u1ed9 b\u00e0n \u0103n, t\u1ee7 k\u1ec7 tivi,&#8230;. Ki\u1ec3u d\u00e1ng, m\u1eabu m\u00e3 s\u1ea3n ph\u1ea9m t\u00f9y v\u00e0o l\u1ef1a ch\u1ecdn c\u1ee7a kh\u00e1ch h\u00e0ng. Lu\u00f4n mang \u0111\u1ebfn s\u1ef1 h\u00e0i l\u00f2ng cho kh\u00e1ch h\u00e0ng. Li\u00ean h\u1ec7 ngay \u0111\u1ec3 \u0111\u01b0\u1ee3c nh\u1eadn t\u01b0 v\u1ea5n c\u00e1c s\u1ea3n ph\u1ea9m n\u1ed9i th\u1ea5t ph\u00f9 h\u1ee3p cho ng\u00f4i nh\u00e0 c\u1ee7a b\u1ea1n.<\/p>\n<p class=\"has-block tooltipstered\"><strong>N\u1ed8I TH\u1ea4T \u0110\u00ccNH CHINH<\/strong><\/p>\n<p>&#8211; Hotline:\u00a00785.961.489<\/p>\n<p>&#8211; Email:\u00a0Xuongnoithatdinhchinh@gmail.com<\/p>\n<p>&#8211; \u0110\u1ecba ch\u1ec9:\u00a020\/7 Ph\u01b0\u1eddng \u0110\u00f4ng H\u00f2a , Th\u1ecb X\u00e3 D\u0129 An , B\u00ecnh D\u01b0\u01a1ng<\/p>\n","protected":false},"excerpt":{"rendered":"<p>B\u00e0n gh\u1ebf ph\u00f2ng kh\u00e1ch \u0111\u01b0\u1ee3c l\u00e0m ho\u00e0n to\u00e0n b\u1eb1ng g\u1ed7 t\u1ef1 nhi\u00ean nh\u01b0 g\u1ed7 xoan ho\u1eb7c g\u1ed7 s\u1ed3i. Mang \u0111\u1ebfn s\u1ef1 sang tr\u1ecdng v\u00e0 hi\u1ec7n \u0111\u1ea1i. Ph\u00f9 h\u1ee3p v\u1edbi nhi\u1ec1u kh\u00f4ng gian ph\u00f2ng kh\u00e1ch kh\u00e1c nhau, v\u00e0 \u0111ang \u0111\u01b0\u1ee3c nhi\u1ec1u gia \u0111\u00ecnh l\u1ef1a ch\u1ecdn.<\/p>\n<p>&nbsp;<\/p>\n","protected":false},"featured_media":1089,"template":"","meta":[],"yoast_head":"<!-- This site is optimized with the Yoast SEO plugin v15.0 - https:\/\/yoast.com\/wordpress\/plugins\/seo\/ -->\n<title>B\u00e0n Gh\u1ebf G\u1ed7 Ph\u00f2ng Kh\u00e1ch - N\u1ed9i Th\u1ea5t G\u1ed7 Hi\u1ec7n \u0110\u1ea1i - Sang Tr\u1ecdng<\/title>\n<meta name=\"description\" content=\"Thi\u1ebft k\u1ebf v\u00e0 cung c\u1ea5p c\u00e1c m\u1eabu b\u00e0n gh\u1ebf g\u1ed7 ph\u00f2ng kh\u00e1ch, b\u00e0n gh\u1ebf ph\u00f2ng b\u1ebfp, b\u00e0n gh\u1ebf qu\u00e1n c\u00e0 ph\u00ea,...v\u00e0 c\u00e1c s\u1ea3n ph\u1ea9m n\u1ed9i th\u1ea5t v\u1ec1 g\u1ed7, gi\u00e1 t\u1ed1t tr\u00ean th\u1ecb tr\u01b0\u1eddng...\" \/>\n<meta name=\"robots\" content=\"index, follow, max-snippet:-1, max-image-preview:large, max-video-preview:-1\" \/>\n<link rel=\"canonical\" href=\"https:\/\/noithatdinhchinh.vn\/?product=ban-ghe-go-phong-khach\" \/>\n<meta property=\"og:locale\" content=\"vi_VN\" \/>\n<meta property=\"og:type\" content=\"article\" \/>\n<meta property=\"og:title\" content=\"B\u00e0n Gh\u1ebf G\u1ed7 Ph\u00f2ng Kh\u00e1ch - N\u1ed9i Th\u1ea5t G\u1ed7 Hi\u1ec7n \u0110\u1ea1i - Sang Tr\u1ecdng\" \/>\n<meta property=\"og:description\" content=\"Thi\u1ebft k\u1ebf v\u00e0 cung c\u1ea5p c\u00e1c m\u1eabu b\u00e0n gh\u1ebf g\u1ed7 ph\u00f2ng kh\u00e1ch, b\u00e0n gh\u1ebf ph\u00f2ng b\u1ebfp, b\u00e0n gh\u1ebf qu\u00e1n c\u00e0 ph\u00ea,...v\u00e0 c\u00e1c s\u1ea3n ph\u1ea9m n\u1ed9i th\u1ea5t v\u1ec1 g\u1ed7, gi\u00e1 t\u1ed1t tr\u00ean th\u1ecb tr\u01b0\u1eddng...\" \/>\n<meta property=\"og:url\" content=\"https:\/\/noithatdinhchinh.vn\/?product=ban-ghe-go-phong-khach\" \/>\n<meta property=\"og:site_name\" content=\"noithatdinhchinh\" \/>\n<meta property=\"article:modified_time\" content=\"2020-08-28T14:34:31+00:00\" \/>\n<meta property=\"og:image\" content=\"https:\/\/noithatdinhchinh.vn\/wp-content\/uploads\/2020\/05\/Ban-ghe-go-phong-khach.jpg\" \/>\n\t<meta property=\"og:image:width\" content=\"800\" \/>\n\t<meta property=\"og:image:height\" content=\"600\" \/>\n<meta name=\"twitter:card\" content=\"summary_large_image\" \/>\n<script type=\"application\/ld+json\" class=\"yoast-schema-graph\">{\"@context\":\"https:\/\/schema.org\",\"@graph\":[{\"@type\":\"WebSite\",\"@id\":\"https:\/\/noithatdinhchinh.vn\/#website\",\"url\":\"https:\/\/noithatdinhchinh.vn\/\",\"name\":\"noithatdinhchinh\",\"description\":\"\",\"potentialAction\":[{\"@type\":\"SearchAction\",\"target\":\"https:\/\/noithatdinhchinh.vn\/?s={search_term_string}\",\"query-input\":\"required name=search_term_string\"}],\"inLanguage\":\"vi\"},{\"@type\":\"ImageObject\",\"@id\":\"https:\/\/noithatdinhchinh.vn\/?product=ban-ghe-go-phong-khach#primaryimage\",\"inLanguage\":\"vi\",\"url\":\"https:\/\/noithatdinhchinh.vn\/wp-content\/uploads\/2020\/05\/Ban-ghe-go-phong-khach.jpg\",\"width\":800,\"height\":600,\"caption\":\"B\\u00e0n Gh\\u1ebf G\\u1ed7 Ph\\u00f2ng Kh\\u00e1ch\"},{\"@type\":\"WebPage\",\"@id\":\"https:\/\/noithatdinhchinh.vn\/?product=ban-ghe-go-phong-khach#webpage\",\"url\":\"https:\/\/noithatdinhchinh.vn\/?product=ban-ghe-go-phong-khach\",\"name\":\"B\\u00e0n Gh\\u1ebf G\\u1ed7 Ph\\u00f2ng Kh\\u00e1ch - N\\u1ed9i Th\\u1ea5t G\\u1ed7 Hi\\u1ec7n \\u0110\\u1ea1i - Sang Tr\\u1ecdng\",\"isPartOf\":{\"@id\":\"https:\/\/noithatdinhchinh.vn\/#website\"},\"primaryImageOfPage\":{\"@id\":\"https:\/\/noithatdinhchinh.vn\/?product=ban-ghe-go-phong-khach#primaryimage\"},\"datePublished\":\"2020-05-06T23:46:35+00:00\",\"dateModified\":\"2020-08-28T14:34:31+00:00\",\"description\":\"Thi\\u1ebft k\\u1ebf v\\u00e0 cung c\\u1ea5p c\\u00e1c m\\u1eabu b\\u00e0n gh\\u1ebf g\\u1ed7 ph\\u00f2ng kh\\u00e1ch, b\\u00e0n gh\\u1ebf ph\\u00f2ng b\\u1ebfp, b\\u00e0n gh\\u1ebf qu\\u00e1n c\\u00e0 ph\\u00ea,...v\\u00e0 c\\u00e1c s\\u1ea3n ph\\u1ea9m n\\u1ed9i th\\u1ea5t v\\u1ec1 g\\u1ed7, gi\\u00e1 t\\u1ed1t tr\\u00ean th\\u1ecb tr\\u01b0\\u1eddng...\",\"inLanguage\":\"vi\",\"potentialAction\":[{\"@type\":\"ReadAction\",\"target\":[\"https:\/\/noithatdinhchinh.vn\/?product=ban-ghe-go-phong-khach\"]}]}]}<\/script>\n<!-- \/ Yoast SEO plugin. -->","_links":{"self":[{"href":"https:\/\/noithatdinhchinh.vn\/index.php?rest_route=\/wp\/v2\/product\/1083"}],"collection":[{"href":"https:\/\/noithatdinhchinh.vn\/index.php?rest_route=\/wp\/v2\/product"}],"about":[{"href":"https:\/\/noithatdinhchinh.vn\/index.php?rest_route=\/wp\/v2\/types\/product"}],"wp:featuredmedia":[{"embeddable":true,"href":"https:\/\/noithatdinhchinh.vn\/index.php?rest_route=\/wp\/v2\/media\/1089"}],"wp:attachment":[{"href":"https:\/\/noithatdinhchinh.vn\/index.php?rest_route=%2Fwp%2Fv2%2Fmedia&parent=1083"}],"curies":[{"name":"wp","href":"https:\/\/api.w.org\/{rel}","templated":true}]}}