{"id":1247,"date":"2020-05-16T23:42:40","date_gmt":"2020-05-16T16:42:40","guid":{"rendered":"https:\/\/noithatdinhchinh.vn\/?page_id=1247"},"modified":"2020-09-10T17:07:28","modified_gmt":"2020-09-10T10:07:28","slug":"chinh-sach-bao-mat-thong-tin","status":"publish","type":"page","link":"https:\/\/noithatdinhchinh.vn\/?page_id=1247","title":{"rendered":"Ch\u00ednh s\u00e1ch b\u1ea3o m\u1eadt th\u00f4ng tin"},"content":{"rendered":"<h2 style=\"text-align: center;\"><strong>CH\u00cdNH S\u00c1CH B\u1ea2O M\u1eacT TH\u00d4NG TIN KHI KH\u00c1CH H\u00c0NG TRUY C\u1eacP NOITHATDINHCHINH<\/strong><\/h2>\n<p>Noithatdinhchinh.vn cam k\u1ebft s\u1ebd b\u1ea3o m\u1eadt nh\u1eefng th\u00f4ng tin mang t\u00ednh ri\u00eang t\u01b0 c\u1ee7a kh\u00e1ch h\u00e0ng. B\u1ea1n vui l\u00f2ng xem c\u00e1c <em>\u201cCh\u00ednh s\u00e1ch b\u1ea3o m\u1eadt\u201d<\/em>\u00a0d\u01b0\u1edbi \u0111\u00e2y \u0111\u1ec3 hi\u1ec3u h\u01a1n nh\u1eefng cam k\u1ebft m\u00e0 ch\u00fang t\u00f4i th\u1ef1c hi\u1ec7n, nh\u1eb1m t\u00f4n tr\u1ecdng v\u00e0 b\u1ea3o v\u1ec7 quy\u1ec1n l\u1ee3i c\u1ee7a ng\u01b0\u1eddi truy c\u1eadp:<\/p>\n<h3><strong>1. THU TH\u1eacP TH\u00d4NG TIN C\u00c1 NH\u00c2N<\/strong><\/h3>\n<p>\u0110\u1ec3 truy c\u1eadp v\u00e0 s\u1eed d\u1ee5ng m\u1ed9t s\u1ed1 d\u1ecbch v\u1ee5 t\u1ea1i noithatdinhchinh.vn, kh\u00e1ch h\u00e0ng c\u00f3 th\u1ec3 s\u1ebd \u0111\u01b0\u1ee3c y\u00eau c\u1ea7u \u0111\u0103ng k\u00fd v\u1edbi ch\u00fang t\u00f4i th\u00f4ng tin c\u00e1 nh\u00e2n (Email, H\u1ecd t\u00ean, S\u1ed1 \u0111i\u1ec7n tho\u1ea1i li\u00ean l\u1ea1c.)<\/p>\n<p>M\u1ecdi th\u00f4ng tin khai b\u00e1o ph\u1ea3i \u0111\u1ea3m b\u1ea3o t\u00ednh ch\u00ednh x\u00e1c. Ch\u00fang t\u00f4i c\u0169ng c\u00f3 th\u1ec3 thu th\u1eadp th\u00f4ng tin v\u1ec1 s\u1ed1 l\u1ea7n b\u1ea1n truy c\u1eadp, bao g\u1ed3m s\u1ed1 trang b\u1ea1n xem, s\u1ed1 links b\u1ea1n click v\u00e0 nh\u1eefng th\u00f4ng tin kh\u00e1c li\u00ean quan \u0111\u1ebfn vi\u1ec7c k\u1ebft n\u1ed1i \u0111\u1ebfn site noithatdinhchinh.vn<\/p>\n<p>Ch\u00fang t\u00f4i c\u0169ng thu th\u1eadp c\u00e1c th\u00f4ng tin m\u00e0 tr\u00ecnh duy\u1ec7t Web b\u1ea1n s\u1eed d\u1ee5ng m\u1ed7i khi truy c\u1eadp v\u00e0o noithatdinhchinh.vn, bao g\u1ed3m: \u0111\u1ecba ch\u1ec9 IP, lo\u1ea1i Browser, ng\u00f4n ng\u1eef s\u1eed d\u1ee5ng, th\u1eddi gian v\u00e0 nh\u1eefng \u0111\u1ecba ch\u1ec9 m\u00e0 Browser truy xu\u1ea5t \u0111\u1ebfn. Kh\u00f4ng ch\u1ecbu m\u1ecdi tr\u00e1ch nhi\u1ec7m li\u00ean quan \u0111\u1ebfn ph\u00e1p lu\u1eadt c\u1ee7a th\u00f4ng tin khai b\u00e1o.<\/p>\n<p>Ch\u00fang t\u00f4i thu th\u1eadp th\u00f4ng tin kh\u00e1ch h\u00e0ng nh\u1eb1m ph\u1ee5c v\u1ee5 kh\u00e1ch h\u00e0ng t\u1ed1t h\u01a1n.<\/p>\n<h3><strong>2. S\u1eec D\u1ee4NG TH\u00d4NG TIN C\u00c1 NH\u00c2N<\/strong><\/h3>\n<p>Noithatdinhchinh thu th\u1eadp v\u00e0 s\u1eed d\u1ee5ng th\u00f4ng tin c\u00e1 nh\u00e2n kh\u00e1ch h\u00e0ng v\u1edbi m\u1ee5c \u0111\u00edch ph\u00f9 h\u1ee3p v\u00e0 ho\u00e0n to\u00e0n tu\u00e2n th\u1ee7 n\u1ed9i dung c\u1ee7a <em>\u201cCh\u00ednh s\u00e1ch b\u1ea3o m\u1eadt\u201d<\/em>\u00a0n\u00e0y. Khi c\u1ea7n thi\u1ebft, ch\u00fang t\u00f4i c\u00f3 th\u1ec3 s\u1eed d\u1ee5ng nh\u1eefng th\u00f4ng tin n\u00e0y \u0111\u1ec3 li\u00ean h\u1ec7 tr\u1ef1c ti\u1ebfp v\u1edbi b\u1ea1n d\u01b0\u1edbi c\u00e1c h\u00ecnh th\u1ee9c nh\u01b0: g\u1eedi th\u01b0 ng\u1ecf, \u0111\u01a1n \u0111\u1eb7t h\u00e0ng, th\u01b0 c\u1ea3m \u01a1n, th\u00f4ng tin v\u1ec1 k\u1ef9 thu\u1eadt v\u00e0 b\u1ea3o m\u1eadt.<\/p>\n<h3><strong>3. CHIA S\u1eba TH\u00d4NG TIN C\u00c1 NH\u00c2N<\/strong><\/h3>\n<p>Ngo\u1ea1i tr\u1eeb c\u00e1c tr\u01b0\u1eddng h\u1ee3p v\u1ec1 s\u1eed d\u1ee5ng th\u00f4ng tin c\u00e1 nh\u00e2n nh\u01b0 \u0111\u00e3 n\u00eau trong ch\u00ednh s\u00e1ch n\u00e0y, ch\u00fang t\u00f4i cam k\u1ebft s\u1ebd kh\u00f4ng ti\u1ebft l\u1ed9 th\u00f4ng tin c\u00e1 nh\u00e2n b\u1ea1n ra ngo\u00e0i.<\/p>\n<p>Ch\u00fang t\u00f4i c\u00f3 th\u1ec3 ti\u1ebft l\u1ed9 ho\u1eb7c cung c\u1ea5p th\u00f4ng tin c\u00e1 nh\u00e2n c\u1ee7a b\u1ea1n trong c\u00e1c tr\u01b0\u1eddng h\u1ee3p th\u1eadt s\u1ef1 c\u1ea7n thi\u1ebft nh\u01b0 sau:<\/p>\n<p>\u2013 Khi c\u00f3 y\u00eau c\u1ea7u c\u1ee7a c\u00e1c c\u01a1 quan ph\u00e1p lu\u1eadt.<\/p>\n<p>\u2013 Trong tr\u01b0\u1eddng h\u1ee3p m\u00e0 ch\u00fang t\u00f4i tin r\u1eb1ng \u0111i\u1ec1u \u0111\u00f3 s\u1ebd gi\u00fap ch\u00fang t\u00f4i b\u1ea3o v\u1ec7 quy\u1ec1n l\u1ee3i ch\u00ednh \u0111\u00e1ng c\u1ee7a m\u00ecnh tr\u01b0\u1edbc ph\u00e1p lu\u1eadt.<\/p>\n<p>\u2013 T\u00ecnh hu\u1ed1ng kh\u1ea9n c\u1ea5p v\u00e0 c\u1ea7n thi\u1ebft \u0111\u1ec3 b\u1ea3o v\u1ec7 quy\u1ec1n an to\u00e0n c\u00e1 nh\u00e2n c\u1ee7a c\u00e1c th\u00e0nh vi\u00ean kh\u00e1c.<\/p>\n<h3><strong>4. B\u1ea2O M\u1eacT TH\u00d4NG TIN C\u00c1 NH\u00c2N<\/strong><\/h3>\n<p>Noithatdinhchinh cam k\u1ebft b\u1ea3o m\u1eadt th\u00f4ng tin c\u00e1 nh\u00e2n c\u1ee7a b\u1ea1n b\u1eb1ng m\u1ecdi c\u00e1ch th\u1ee9c c\u00f3 th\u1ec3. Ch\u00fang t\u00f4i s\u1ebd s\u1eed d\u1ee5ng nhi\u1ec1u c\u00f4ng ngh\u1ec7 b\u1ea3o m\u1eadt th\u00f4ng tin kh\u00e1c nhau nh\u1eb1m b\u1ea3o v\u1ec7 th\u00f4ng tin n\u00e0y kh\u00f4ng b\u1ecb s\u1eed d\u1ee5ng ho\u1eb7c ti\u1ebft l\u1ed9 ngo\u00e0i \u00fd mu\u1ed1n.<\/p>\n<p>Noithatdinhchinh khuy\u1ebfn c\u00e1o b\u1ea1n n\u00ean b\u1ea3o m\u1eadt c\u00e1c th\u00f4ng tin li\u00ean quan \u0111\u1ebfn m\u1eadt kh\u1ea9u truy xu\u1ea5t c\u1ee7a b\u1ea1n v\u00e0 kh\u00f4ng n\u00ean chia s\u1ebb v\u1edbi b\u1ea5t k\u1ef3 ng\u01b0\u1eddi n\u00e0o kh\u00e1c. N\u1ebfu s\u1eed d\u1ee5ng m\u00e1y t\u00ednh chung nhi\u1ec1u ng\u01b0\u1eddi, b\u1ea1n n\u00ean \u0111\u0103ng xu\u1ea5t, ho\u1eb7c tho\u00e1t h\u1ebft t\u1ea5t c\u1ea3 c\u1eeda s\u1ed5 Website \u0111ang m\u1edf.<\/p>\n<h3><strong>5. TH\u1edcI GIAN L\u01afU TR\u1eee TH\u00d4NG TIN V\u00c0 PH\u1ea0M VI S\u1eec D\u1ee4NG.<\/strong><\/h3>\n<p>Th\u00f4ng tin c\u00e1 nh\u00e2n c\u1ee7a kh\u00e1ch h\u00e0ng l\u00e0 b\u1ea3o m\u1eadt, ch\u1ec9 ph\u1ee5c v\u1ee5 cho m\u1ee5c \u0111\u00edch giao h\u00e0ng v\u00e0 li\u00ean l\u1ea1c h\u1ee3p t\u00e1c gi\u1eefa 2 b\u00ean, \u0111\u01b0\u1ee3c b\u1ea3o m\u1eadt su\u1ed1t \u0111\u1eddi.<\/p>\n<p>Th\u00f4ng tin c\u00e1 nh\u00e2n c\u1ee7a kh\u00e1ch h\u00e0ng s\u1ebd \u0111\u01b0\u1ee3c s\u1eed d\u1ee5ng trong n\u1ed9i b\u1ed9 c\u00f4ng ty v\u00e0 kh\u00f4ng \u0111\u01b0\u1ee3c ti\u1ebft l\u1ed9 ra b\u00ean ngo\u00e0i.<\/p>\n<p>M\u1ecdi th\u00f4ng tin chi ti\u1ebft, Qu\u00fd kh\u00e1ch h\u00e0ng vui l\u00f2ng li\u00ean h\u1ec7:<\/p>\n<p class=\"has-block tooltipstered\">N\u1ed8I TH\u1ea4T \u0110\u00ccNH CHINH<\/p>\n<p>&#8211; Hotline:\u00a00785.961.489<\/p>\n<p>&#8211; Email:\u00a0Xuongnoithatdinhchinh@gmail.com<\/p>\n<p>&#8211; \u0110\u1ecba ch\u1ec9:\u00a020\/7 Ph\u01b0\u1eddng \u0110\u00f4ng H\u00f2a , Th\u1ecb X\u00e3 D\u0129 An , B\u00ecnh D\u01b0\u01a1ng<\/p>\n","protected":false},"excerpt":{"rendered":"<p>CH\u00cdNH S\u00c1CH B\u1ea2O M\u1eacT TH\u00d4NG TIN KHI KH\u00c1CH H\u00c0NG TRUY C\u1eacP NOITHATDINHCHINH Noithatdinhchinh.vn cam k\u1ebft s\u1ebd b\u1ea3o m\u1eadt nh\u1eefng th\u00f4ng tin mang t\u00ednh ri\u00eang t\u01b0 c\u1ee7a kh\u00e1ch h\u00e0ng. B\u1ea1n vui l\u00f2ng xem c\u00e1c \u201cCh\u00ednh s\u00e1ch b\u1ea3o m\u1eadt\u201d\u00a0d\u01b0\u1edbi \u0111\u00e2y \u0111\u1ec3 hi\u1ec3u h\u01a1n nh\u1eefng cam k\u1ebft m\u00e0 ch\u00fang t\u00f4i th\u1ef1c hi\u1ec7n, nh\u1eb1m t\u00f4n tr\u1ecdng v\u00e0 b\u1ea3o v\u1ec7 [&#8230;]\n","protected":false},"author":1,"featured_media":0,"parent":0,"menu_order":0,"comment_status":"closed","ping_status":"closed","template":"","meta":[],"yoast_head":"<!-- This site is optimized with the Yoast SEO plugin v15.0 - https:\/\/yoast.com\/wordpress\/plugins\/seo\/ -->\n<title>Ch\u00ednh s\u00e1ch b\u1ea3o m\u1eadt th\u00f4ng tin ng\u01b0\u1eddi d\u00f9ng - X\u01b0\u1edfng N\u1ed9i Th\u1ea5t \u0110\u00ecnh Chinh<\/title>\n<meta name=\"description\" content=\"Ch\u00ednh s\u00e1ch b\u1ea3o m\u1eadt th\u00f4ng tin ng\u01b0\u1eddi d\u00f9ng: M\u1ee5c \u0111\u00edch thu th\u1eadp th\u00f4ng tin c\u00e1 nh\u00e2n \u0111\u1ec3 qu\u1ea3n l\u00fd. Khi c\u1ea7n thi\u1ebft, ch\u00fang t\u00f4i c\u00f3 th\u1ec3 s\u1eed d\u1ee5ng nh\u1eefng th\u00f4ng tin n\u00e0y\" \/>\n<meta name=\"robots\" content=\"index, follow, max-snippet:-1, max-image-preview:large, max-video-preview:-1\" \/>\n<link rel=\"canonical\" href=\"https:\/\/noithatdinhchinh.vn\/?page_id=1247\" \/>\n<meta property=\"og:locale\" content=\"vi_VN\" \/>\n<meta property=\"og:type\" content=\"article\" \/>\n<meta property=\"og:title\" content=\"Ch\u00ednh s\u00e1ch b\u1ea3o m\u1eadt th\u00f4ng tin ng\u01b0\u1eddi d\u00f9ng - X\u01b0\u1edfng N\u1ed9i Th\u1ea5t \u0110\u00ecnh Chinh\" \/>\n<meta property=\"og:description\" content=\"Ch\u00ednh s\u00e1ch b\u1ea3o m\u1eadt th\u00f4ng tin ng\u01b0\u1eddi d\u00f9ng: M\u1ee5c \u0111\u00edch thu th\u1eadp th\u00f4ng tin c\u00e1 nh\u00e2n \u0111\u1ec3 qu\u1ea3n l\u00fd. Khi c\u1ea7n thi\u1ebft, ch\u00fang t\u00f4i c\u00f3 th\u1ec3 s\u1eed d\u1ee5ng nh\u1eefng th\u00f4ng tin n\u00e0y\" \/>\n<meta property=\"og:url\" content=\"https:\/\/noithatdinhchinh.vn\/?page_id=1247\" \/>\n<meta property=\"og:site_name\" content=\"noithatdinhchinh\" \/>\n<meta property=\"article:modified_time\" content=\"2020-09-10T10:07:28+00:00\" \/>\n<meta name=\"twitter:card\" content=\"summary_large_image\" \/>\n<script type=\"application\/ld+json\" class=\"yoast-schema-graph\">{\"@context\":\"https:\/\/schema.org\",\"@graph\":[{\"@type\":\"WebSite\",\"@id\":\"https:\/\/noithatdinhchinh.vn\/#website\",\"url\":\"https:\/\/noithatdinhchinh.vn\/\",\"name\":\"noithatdinhchinh\",\"description\":\"\",\"potentialAction\":[{\"@type\":\"SearchAction\",\"target\":\"https:\/\/noithatdinhchinh.vn\/?s={search_term_string}\",\"query-input\":\"required name=search_term_string\"}],\"inLanguage\":\"vi\"},{\"@type\":\"WebPage\",\"@id\":\"https:\/\/noithatdinhchinh.vn\/?page_id=1247#webpage\",\"url\":\"https:\/\/noithatdinhchinh.vn\/?page_id=1247\",\"name\":\"Ch\\u00ednh s\\u00e1ch b\\u1ea3o m\\u1eadt th\\u00f4ng tin ng\\u01b0\\u1eddi d\\u00f9ng - X\\u01b0\\u1edfng N\\u1ed9i Th\\u1ea5t \\u0110\\u00ecnh Chinh\",\"isPartOf\":{\"@id\":\"https:\/\/noithatdinhchinh.vn\/#website\"},\"datePublished\":\"2020-05-16T16:42:40+00:00\",\"dateModified\":\"2020-09-10T10:07:28+00:00\",\"description\":\"Ch\\u00ednh s\\u00e1ch b\\u1ea3o m\\u1eadt th\\u00f4ng tin ng\\u01b0\\u1eddi d\\u00f9ng: M\\u1ee5c \\u0111\\u00edch thu th\\u1eadp th\\u00f4ng tin c\\u00e1 nh\\u00e2n \\u0111\\u1ec3 qu\\u1ea3n l\\u00fd. Khi c\\u1ea7n thi\\u1ebft, ch\\u00fang t\\u00f4i c\\u00f3 th\\u1ec3 s\\u1eed d\\u1ee5ng nh\\u1eefng th\\u00f4ng tin n\\u00e0y\",\"inLanguage\":\"vi\",\"potentialAction\":[{\"@type\":\"ReadAction\",\"target\":[\"https:\/\/noithatdinhchinh.vn\/?page_id=1247\"]}]}]}<\/script>\n<!-- \/ Yoast SEO plugin. -->","_links":{"self":[{"href":"https:\/\/noithatdinhchinh.vn\/index.php?rest_route=\/wp\/v2\/pages\/1247"}],"collection":[{"href":"https:\/\/noithatdinhchinh.vn\/index.php?rest_route=\/wp\/v2\/pages"}],"about":[{"href":"https:\/\/noithatdinhchinh.vn\/index.php?rest_route=\/wp\/v2\/types\/page"}],"author":[{"embeddable":true,"href":"https:\/\/noithatdinhchinh.vn\/index.php?rest_route=\/wp\/v2\/users\/1"}],"replies":[{"embeddable":true,"href":"https:\/\/noithatdinhchinh.vn\/index.php?rest_route=%2Fwp%2Fv2%2Fcomments&post=1247"}],"version-history":[{"count":3,"href":"https:\/\/noithatdinhchinh.vn\/index.php?rest_route=\/wp\/v2\/pages\/1247\/revisions"}],"predecessor-version":[{"id":1919,"href":"https:\/\/noithatdinhchinh.vn\/index.php?rest_route=\/wp\/v2\/pages\/1247\/revisions\/1919"}],"wp:attachment":[{"href":"https:\/\/noithatdinhchinh.vn\/index.php?rest_route=%2Fwp%2Fv2%2Fmedia&parent=1247"}],"curies":[{"name":"wp","href":"https:\/\/api.w.org\/{rel}","templated":true}]}}